{"id":10399,"date":"2020-10-30T17:49:20","date_gmt":"2020-10-30T14:49:20","guid":{"rendered":"http:\/\/e-led.lv\/privatuma-politika\/"},"modified":"2022-03-15T22:52:18","modified_gmt":"2022-03-15T19:52:18","slug":"privatuma-politika","status":"publish","type":"page","link":"https:\/\/e-led.lv\/lv\/privatuma-politika\/","title":{"rendered":"Priv\u0101tuma politika"},"content":{"rendered":"\t\t<div data-elementor-type=\"wp-page\" data-elementor-id=\"10399\" class=\"elementor elementor-10399 elementor-1629\" data-elementor-post-type=\"page\">\n\t\t\t\t\t\t<section class=\"wd-negative-gap elementor-section elementor-top-section elementor-element elementor-element-9b075ad elementor-section-boxed elementor-section-height-default elementor-section-height-default\" data-id=\"9b075ad\" data-element_type=\"section\" data-e-type=\"section\">\n\t\t\t\t\t\t<div class=\"elementor-container elementor-column-gap-default\">\n\t\t\t\t\t<div class=\"elementor-column elementor-col-100 elementor-top-column elementor-element elementor-element-97512a5\" data-id=\"97512a5\" data-element_type=\"column\" data-e-type=\"column\">\n\t\t\t<div class=\"elementor-widget-wrap elementor-element-populated\">\n\t\t\t\t\t\t<div class=\"elementor-element elementor-element-427bdc9 wd-width-100 elementor-widget elementor-widget-wd_title\" data-id=\"427bdc9\" data-element_type=\"widget\" data-e-type=\"widget\" data-widget_type=\"wd_title.default\">\n\t\t\t\t<div class=\"elementor-widget-container\">\n\t\t\t\t\t\t\t<div class=\"title-wrapper wd-set-mb reset-last-child wd-title-color-default wd-title-style-default wd-title-size-default text-left\">\n\n\t\t\t\n\t\t\t<div class=\"liner-continer\">\n\t\t\t\t<h1 class=\"woodmart-title-container title wd-fontsize-l\">Priv\u0101tuma politika<\/h1> \n\t\t\t\t\t\t\t<\/div>\n\n\t\t\t\t\t<\/div>\n\t\t\t\t\t\t<\/div>\n\t\t\t\t<\/div>\n\t\t\t\t\t<\/div>\n\t\t<\/div>\n\t\t\t\t\t<\/div>\n\t\t<\/section>\n\t\t\t\t<section class=\"wd-negative-gap elementor-section elementor-top-section elementor-element elementor-element-a979dcf elementor-section-full_width elementor-section-height-default elementor-section-height-default\" data-id=\"a979dcf\" data-element_type=\"section\" data-e-type=\"section\">\n\t\t\t\t\t\t<div class=\"elementor-container elementor-column-gap-default\">\n\t\t\t\t\t<div class=\"elementor-column elementor-col-100 elementor-top-column elementor-element elementor-element-2086d08\" data-id=\"2086d08\" data-element_type=\"column\" data-e-type=\"column\">\n\t\t\t<div class=\"elementor-widget-wrap elementor-element-populated\">\n\t\t\t\t\t\t<div class=\"elementor-element elementor-element-fd5414f elementor-widget elementor-widget-wd_text_block\" data-id=\"fd5414f\" data-element_type=\"widget\" data-e-type=\"widget\" data-widget_type=\"wd_text_block.default\">\n\t\t\t\t<div class=\"elementor-widget-container\">\n\t\t\t\t\t\t\t<div class=\"wd-text-block reset-last-child text-left\">\n\t\t\t\n\t\t\t<ol><li>Lietojot t\u012bmek\u013ca vietni e-led.lv (turpm\u0101k \u2013 Internetveikals) un nor\u0101dot savus personas datus re\u0123istr\u0101cijas form\u0101 J\u016bs piekr\u012btat \u0161o personas datu apstr\u0101dei un uzglab\u0101\u0161anai. \u0160ie dati ir nepiecie\u0161ami Internetveikala lietot\u0101ju identific\u0113\u0161anai, sazi\u0146ai, pieg\u0101dei un \u0101tr\u0101kai pas\u016bt\u012bjumu izpildei:<ul><li>fizisk\u0101m person\u0101m: v\u0101rds, uzv\u0101rds, personas kods (ja norad\u012bts), adrese (ja norad\u012bta), e-pasta adrese, kontaktt\u0101lrunis, pieg\u0101des adrese;<\/li><li>juridisk\u0101m person\u0101m: uz\u0146\u0113muma nosaukums, re\u0123istr\u0101cijas numurs, PVN maks\u0101t\u0101ja numurs, juridiska adrese, e-pasta adrese, kontaktt\u0101lrunis, pieg\u0101des adrese.<\/li><\/ul><\/li><li>SIA \u201cCREA CONSTRUCTIONS\u201d inform\u0113, ka nor\u0101dot savu e-pasta adresi un kontaktt\u0101lruni, piekr\u012btat, ka tie tiek iek\u013cauti datu b\u0101z\u0113 un uz tiem var tikt nos\u016bt\u012bti Internetveikala pazi\u0146ojumi un\/vai atg\u0101din\u0101jumi.<\/li><li>SIA \"CREA CONTRAST\" ir ties\u012bga nos\u016bt\u012bt pazi\u0146ojumus, atg\u0101din\u0101jumus un citu inform\u0101ciju par uzs\u0101ktiem, bet nepabeigtiem pas\u016bt\u012bjumiem uz j\u016bsu ievad\u012bto elektronisko e-pasta adresi un\/vai uz kontaktt\u0101lruni ar m\u0113r\u0137i uzlabot pakalpojumu snieg\u0161anas kvalit\u0101ti. T\u0101pat SIA \"CREA CONTRAST\" ir ties\u012bga inform\u0113t, tai skait\u0101 tie\u0161o zvanu veid\u0101, par Internetveikala jaunumiem, akcij\u0101m un atlaid\u0113m. Jums ir ties\u012bbas atteikties no jebk\u0101du jaunumu sa\u0146em\u0161anas atrakstoties no jaunumu sa\u0146em\u0161anas nos\u016btot piepras\u012bjumu uz e-pastu: <a href=\"mailto:info@e-led.lv\"><span style=\"color: #99cc00;\"><span style=\"color: #0000ee;\">info@e-led.lv<\/span><\/span><\/a><\/li><li>Lietojot Internetveikalu, piekr\u012btat, ka SIA \"CREA CONTRAST\" vai jebkura tre\u0161\u0101 persona, kas darbojas Internetveikala v\u0101rd\u0101, var apkopot un uzglab\u0101t datus, kas \u013cauj izsekot un uzskait\u012bt:<ul><li>t\u012bmek\u013ca vietnes apmekl\u0113jumu skaitu;<\/li><li>IP adreses;<\/li><li>citus datus sist\u0113mu administr\u0113\u0161anas nol\u016bkos, k\u0101 ar\u012b lai kontrol\u0113tu un uzlabotu Internetveikala izmanto\u0161anu.<\/li><\/ul><\/li><li>Internetveikala apkopotos un uzkr\u0101tos datus informat\u012bvos un statistikas veik\u0161anas nol\u016bkos Internetveikals ir ties\u012bgs nodot ar\u012b citiem uz\u0146\u0113mumiem. Dati, kas \u013cautu identific\u0113t personu, \u0161aj\u0101 proces\u0101 netiek atkl\u0101ti un netiek nodoti tre\u0161aj\u0101m person\u0101m.<\/li><li>Visi dati, kas tiek nos\u016bt\u012bti vai ievad\u012bti Internetveikal\u0101, k\u013c\u016bst par SIA \"CREA CONTRAST\" \u012bpa\u0161umu. SIA \"CREA CONTRAST\" k\u0101 Internetveikala \u012bpa\u0161nieks, ir ties\u012bga ievad\u012btos datus p\u0101rvald\u012bt un apstr\u0101d\u0101t p\u0113c saviem nol\u016bkiem, iz\u0146emot fizisko personu datus.<\/li><li>L\u016bdzu, iev\u0113rojiet, ka uzr\u0101dot savu e-pasta adresi vai nos\u016btot jebk\u0101du inform\u0101ciju uz Internetveikalu, J\u016bs piekr\u012btat, ka SIA \"CREA CONTRAST\" \u0161os datus ir ties\u012bga izmantot tikai iepriek\u0161 min\u0113tajos nol\u016bkos, tai skait\u0101 \u0161o Priv\u0101tuma politikas noteikumu 3. punkt\u0101 nor\u0101d\u012btajam m\u0113r\u0137im.<\/li><li>Uzs\u0101kot preces pas\u016bt\u012b\u0161anu, piekr\u012btat, ka Internetveikal\u0101 ievad\u012btos datus, SIA \"CREA CONTRAST\" var izmantot saska\u0146\u0101 ar Internetveikala lieto\u0161anas Noteikumiem un nosac\u012bjumiem.<\/li><li>Uzs\u0101kot preces pas\u016bt\u012b\u0161anu, sazinoties ar SIA \"CREA CONTRAST\" vai t\u0101s v\u0101rd\u0101 p\u0101rst\u0101v\u0113to personu, telefoniski, e-past\u0101 vai soci\u0101lajos t\u012bklos, apliecin\u0101t, ka esat iepazinies un piekr\u012btat Internetveikala Noteikumiem un nosac\u012bjumiem un sniegtie kontaktpersonas dati ir pareizi.<\/li><li>Ievadot nepiecie\u0161amo inform\u0101ciju, noform\u0113jot pas\u016bt\u012bjumu, lietot\u0101js apliecina, ka ir iepazinies un piekr\u012bt, ka vi\u0146a sniegtie dati tiek izmantoti, lai Internetveikals var\u0113tu pie\u0146emt pas\u016bt\u012bjumu un veikt pre\u010du pieg\u0101di saska\u0146\u0101 ar Latvijas Republikas normat\u012bvajiem aktiem. Ievadot inform\u0101ciju, lietot\u0101js piekr\u012bt, ka tam uz nor\u0101d\u012bto e-pasta adresi un\/vai kontaktt\u0101lruni tiks izs\u016bt\u012bti pazi\u0146ojumi, kas saist\u012bti ar pas\u016bt\u012bjuma apstr\u0101di.<\/li><li>Internetveikal\u0101 m\u0113s izmantojam s\u012bkdatnes. S\u012bkdatnes ir datnes, ko t\u012bmek\u013ca vietnes izvieto lietot\u0101ju datoros, lai atpaz\u012btu lietot\u0101ju un atvieglotu tam vietnes izmanto\u0161anu, k\u0101 ar\u012b rekl\u0101mas nol\u016bkos. Parasti s\u012bkdatn\u0113s netiek glab\u0101ta inform\u0101cija, kas var\u0113tu tie\u0161i identific\u0113t lietot\u0101ja identit\u0101ti, ta\u010du j\u016bsu person\u012bg\u0101 inform\u0101cija, kuru m\u0113s apstr\u0101d\u0101jam, var tikt saist\u012bta ar j\u016bsu datora vai citu iek\u0101rtu izmanto\u0161anu, tostarp ar interneta viet\u0146u p\u0101rl\u016bko\u0161anu un citu ar s\u012bkdat\u0146u pal\u012bdz\u012bbu ieg\u016bto un uzglab\u0101jamo inform\u0101ciju. S\u012bkdat\u0146u nepie\u0146em\u0161ana neaizliedz lietot\u0101jam lietot Internetveikalu, ta\u010du tas var ierobe\u017eot Internetveikala izmanto\u0161anas iesp\u0113jas.<\/li><\/ol>\n\t\t\t\t\t<\/div>\n\t\t\t\t\t\t<\/div>\n\t\t\t\t<\/div>\n\t\t\t\t\t<\/div>\n\t\t<\/div>\n\t\t\t\t\t<\/div>\n\t\t<\/section>\n\t\t\t\t<\/div>\n\t\t","protected":false},"excerpt":{"rendered":"<p>Priv\u0101tuma politika Lietojot t\u012bmek\u013ca vietni e-led.lv (turpm\u0101k \u2013 Internetveikals) un nor\u0101dot savus personas datus re\u0123istr\u0101cijas form\u0101 J\u016bs piekr\u012btat \u0161o personas<\/p>\n","protected":false},"author":5,"featured_media":0,"parent":0,"menu_order":0,"comment_status":"closed","ping_status":"closed","template":"","meta":{"footnotes":""},"class_list":["post-10399","page","type-page","status-publish","hentry"],"_links":{"self":[{"href":"https:\/\/e-led.lv\/lv\/wp-json\/wp\/v2\/pages\/10399","targetHints":{"allow":["GET"]}}],"collection":[{"href":"https:\/\/e-led.lv\/lv\/wp-json\/wp\/v2\/pages"}],"about":[{"href":"https:\/\/e-led.lv\/lv\/wp-json\/wp\/v2\/types\/page"}],"author":[{"embeddable":true,"href":"https:\/\/e-led.lv\/lv\/wp-json\/wp\/v2\/users\/5"}],"replies":[{"embeddable":true,"href":"https:\/\/e-led.lv\/lv\/wp-json\/wp\/v2\/comments?post=10399"}],"version-history":[{"count":0,"href":"https:\/\/e-led.lv\/lv\/wp-json\/wp\/v2\/pages\/10399\/revisions"}],"wp:attachment":[{"href":"https:\/\/e-led.lv\/lv\/wp-json\/wp\/v2\/media?parent=10399"}],"curies":[{"name":"wp","href":"https:\/\/api.w.org\/{rel}","templated":true}]}}