{"id":10453,"date":"2020-11-12T13:08:43","date_gmt":"2020-11-12T10:08:43","guid":{"rendered":"http:\/\/e-led.lv\/payment-and-piegade\/"},"modified":"2022-03-15T22:56:02","modified_gmt":"2022-03-15T19:56:02","slug":"piegade","status":"publish","type":"page","link":"https:\/\/e-led.lv\/lv\/piegade\/","title":{"rendered":"Pieg\u0101des nosac\u012bjumi"},"content":{"rendered":"\t\t<div data-elementor-type=\"wp-page\" data-elementor-id=\"10453\" class=\"elementor elementor-10453 elementor-3\" data-elementor-post-type=\"page\">\n\t\t\t\t\t\t<section class=\"wd-negative-gap elementor-section elementor-top-section elementor-element elementor-element-2a9b3dc6 elementor-section-boxed elementor-section-height-default elementor-section-height-default\" data-id=\"2a9b3dc6\" data-element_type=\"section\" data-e-type=\"section\">\n\t\t\t\t\t\t<div class=\"elementor-container elementor-column-gap-default\">\n\t\t\t\t\t<div class=\"elementor-column elementor-col-100 elementor-top-column elementor-element elementor-element-5b3c8444\" data-id=\"5b3c8444\" data-element_type=\"column\" data-e-type=\"column\">\n\t\t\t<div class=\"elementor-widget-wrap elementor-element-populated\">\n\t\t\t\t\t\t<div class=\"elementor-element elementor-element-8e98e84 wd-width-100 elementor-widget elementor-widget-wd_title\" data-id=\"8e98e84\" data-element_type=\"widget\" data-e-type=\"widget\" data-widget_type=\"wd_title.default\">\n\t\t\t\t<div class=\"elementor-widget-container\">\n\t\t\t\t\t\t\t<div class=\"title-wrapper wd-set-mb reset-last-child wd-title-color-default wd-title-style-default wd-title-size-default text-center\">\n\n\t\t\t\n\t\t\t<div class=\"liner-continer\">\n\t\t\t\t<h4 class=\"woodmart-title-container title wd-fontsize-l\">Pieg\u0101des nosac\u012bjumi<\/h4> \n\t\t\t\t\t\t\t<\/div>\n\n\t\t\t\t\t<\/div>\n\t\t\t\t\t\t<\/div>\n\t\t\t\t<\/div>\n\t\t\t\t<section class=\"wd-negative-gap elementor-section elementor-inner-section elementor-element elementor-element-cfee773 elementor-section-boxed elementor-section-height-default elementor-section-height-default\" data-id=\"cfee773\" data-element_type=\"section\" data-e-type=\"section\">\n\t\t\t\t\t\t<div class=\"elementor-container elementor-column-gap-default\">\n\t\t\t\t\t<div class=\"elementor-column elementor-col-100 elementor-inner-column elementor-element elementor-element-280fbda\" data-id=\"280fbda\" data-element_type=\"column\" data-e-type=\"column\">\n\t\t\t<div class=\"elementor-widget-wrap elementor-element-populated\">\n\t\t\t\t\t\t<div class=\"elementor-element elementor-element-ea17b8a color-scheme-inherit text-left elementor-widget elementor-widget-text-editor\" data-id=\"ea17b8a\" data-element_type=\"widget\" data-e-type=\"widget\" data-widget_type=\"text-editor.default\">\n\t\t\t\t<div class=\"elementor-widget-container\">\n\t\t\t\t\t\t\t\t\t<ol><li>Internetveikals e-led.lv (turpm\u0101k \u2013 Internetveikals) veic pieg\u0101di saska\u0146\u0101 ar nosac\u012bjumiem, kas tiek nor\u0101d\u012bti pie ieg\u0101d\u0101jamas preces apraksta, ja puses nav vienoju\u0161\u0101s cit\u0101di.<\/li><li>Internetveikal\u0101 ir pieejami sekojo\u0161i pieg\u0101des veidi:<ul><li>DPD Pickup \u2013 pre\u010du pieg\u0101de uz J\u016bsu izv\u0113l\u0113to DPD Paku Skapi. Pas\u016bt\u012bjuma pieg\u0101di ar DPD Pickup var pas\u016bt\u012bt, ja preces nep\u0101rsniedz noteiktos s\u016bt\u012bjuma izm\u0113rus 30 x 40 x 60 cm un svaru l\u012bdz 20 kg. P\u0113c pakas nog\u0101d\u0101\u0161anas DPD kurjerpasts inform\u0113s J\u016bs par pieg\u0101di SMS veid\u0101;<\/li><li>DPD kurjers \u2013 pre\u010du pieg\u0101de uz J\u016bsu nor\u0101d\u012bto pieg\u0101des adresi. Kurjers nog\u0101d\u0101 preci klientam tie\u0161i rok\u0101s. Pirms pieg\u0101des kurjers sazin\u0101s ar lietot\u0101ju, kas veica pas\u016bt\u012bjumu (turpm\u0101k \u2013 Pirc\u0113js) vai t\u0101 nor\u0101d\u012btu personu (turpm\u0101k \u2013 Sa\u0146\u0113m\u0113js) pa t\u0101lruni un preciz\u0113 pieg\u0101des laiku un vietu.<\/li><\/ul><\/li><li>Pas\u016bt\u012bjumu pieg\u0101des laiki Internetveikal\u0101 eso\u0161aj\u0101m prec\u0113m at\u0161\u0137iras atkar\u012bb\u0101 no to ra\u017eot\u0101ja, t\u0101p\u0113c par prec\u012bzu pas\u016bt\u012bto pre\u010du pieg\u0101des laiku vienm\u0113r l\u016bdzam sazin\u0101ties \u2013 <a href=\"tel:+37127726377\"><span style=\"color: #99cc00;\"><span style=\"color: #0000ff;\">(+371) 27726377<\/span><\/span><\/a> vai <a href=\"mailto:info@e-led.lv\"><span style=\"color: #0000ff;\">info@e-led.lv<\/span><\/a>.<\/li><li>Pirc\u0113jam ir sekojo\u0161i pien\u0101kumi:<ul><li>norun\u0101taj\u0101 pieg\u0101des dien\u0101 pie\u0146emt preci, uzr\u0101d\u012bt preces apmaksas dokumentus un parakst\u012bt pre\u010du pavadz\u012bmi;<\/li><li>ar DPD Pickup s\u016bt\u012btu preci iz\u0146emt 7 dienu laik\u0101 no br\u012b\u017ea, kad kurjerpasts ar Jums ir sazin\u0101jies SMS veid\u0101. Ja Sa\u0146\u0113m\u0113js nav iz\u0146\u0113mis preci noteiktaj\u0101 termi\u0146\u0101 (7 dienas), t\u0101 tiek atgriezta Internetveikal\u0101. \u0160aj\u0101 gad\u012bjum\u0101 Pirc\u0113jam tiek pied\u0101v\u0101ta atk\u0101rtota preces pieg\u0101des iesp\u0113ja apmaks\u0101jot visus Internetveikalam radu\u0161os transporta izdevumus. Pret\u0113j\u0101 gad\u012bjum\u0101 nauda par preci tiek atmaks\u0101ta atpaka\u013c, atskaitot transporta izdevumus;<\/li><li>sa\u0146emot paku no DPD Paku Skapja, j\u0101ievada PIN kodi, kuri nos\u016bt\u012bti Pirc\u0113jam ar SMS un\/vai e-pasta pal\u012bdz\u012bbu;<\/li><li>sa\u0146emt paku DPD Paku Skap\u012b var jebkura persona, kura var ievad\u012bt Pirc\u0113jam nos\u016bt\u012btos PIN kodus;<\/li><li>kurjerpieg\u0101d\u0113s gad\u012bjum\u0101 nodro\u0161in\u0101t pieg\u0101des transporta piek\u013cuvi preces nodo\u0161anas vietai vismaz 50 metru att\u0101lum\u0101 un segt visas likumdo\u0161an\u0101 noteikt\u0101s ar to saist\u012bt\u0101s izmaksas (iebrauk\u0161anas at\u013caujas, caurlaides);<\/li><li>nodro\u0161in\u0101t pietieko\u0161u cilv\u0113ku skaitu (atbilsto\u0161i preces gabar\u012btiem un svaram) preces sa\u0146em\u0161anai;<\/li><li>ja pas\u016bt\u012btas lielgabar\u012bta preces (svars p\u0101rsniedz 31,5 kg), tad izkrau\u0161ana j\u0101nodro\u0161ina Sa\u0146\u0113m\u0113jam;<\/li><li>lielgabar\u012bta s\u016bt\u012bjumu pieg\u0101de un izkrau\u0161ana tiek veikta tikai ar kravas transporta l\u012bdzek\u013ciem. Pirc\u0113jam j\u0101garant\u0113 nosac\u012bjumi, lai kravas automa\u0161\u012bna var\u0113tu piebraukt l\u012bdz v\u0113lamajai izkrau\u0161anas vietai, pret\u0113j\u0101 gad\u012bjum\u0101 kravu neizdosies pieg\u0101d\u0101t. \u0160aj\u0101 gad\u012bjum\u0101 Pirc\u0113jam tiek pied\u0101v\u0101ta atk\u0101rtota preces pieg\u0101des iesp\u0113ja apmaks\u0101jot visus Internetveikalam radu\u0161os transporta izdevumus. Pret\u0113j\u0101 gad\u012bjum\u0101 nauda par preci tiek atmaks\u0101ta atpaka\u013c, atskaitot transporta izdevumus;<\/li><li>pie\u0146emot preces, Sa\u0146\u0113m\u0113jam ir j\u0101uzr\u0101da der\u012bgs personu apliecino\u0161s dokuments, lai Sa\u0146\u0113m\u0113js tiktu pien\u0101c\u012bgi identific\u0113ts. Ja Sa\u0146\u0113m\u0113js pats nevar pie\u0146emt preces, bet preces pieg\u0101d\u0101tas uz Pirc\u0113ja nor\u0101d\u012bto adresi, Pirc\u0113jam nav ties\u012bbu izteikt Internetveikalam pretenzijas par pre\u010du pieg\u0101di neatbilsto\u0161ai personai;<\/li><li>ja pre\u010du pieg\u0101de ar kurjeru nav iesp\u0113jama Pirc\u0113ja vainas vai no Pirc\u0113ja atkar\u012bgu apst\u0101k\u013cu d\u0113\u013c (Pirc\u0113js ir nor\u0101d\u012bjis nepareizu adresi, nor\u0101d\u012btaj\u0101 adres\u0113 Pirc\u0113js vai Sa\u0146\u0113m\u0113js nav sastopams, nor\u0101d\u012btajai adresei nevar piek\u013c\u016bt, u. c.), tad Pirc\u0113jam tiek pied\u0101v\u0101ta atk\u0101rtota preces pieg\u0101des iesp\u0113ja apmaks\u0101jot visus Internetveikalam radu\u0161os transporta izdevumus. Pret\u0113j\u0101 gad\u012bjum\u0101 nauda par preci tiek atmaks\u0101ta atpaka\u013c, atskaitot transporta izdevumus.<\/li><\/ul><\/li><li>SIA &#8220;CREA CONTRAST&#8221; nav atbild\u012bga par nodok\u013ciem vai nodev\u0101m, kas radu\u0161\u0101s starptautiskaj\u0101 pieg\u0101d\u0113. Katrai valstij ir savi noteikumi, un mums nav iesp\u0113jas apr\u0113\u0137in\u0101t visas iesp\u0113jamas izmaksas. Par jebk\u0101diem maks\u0101jamiem nodok\u013ciem vai nodev\u0101m atbild Pirc\u0113js. M\u0113s iesak\u0101m sazin\u0101ties ar viet\u0113jo nodok\u013cu iest\u0101di j\u016bsu valst\u012b, lai iepriek\u0161 uzzin\u0101tu, k\u0101di nodok\u013ci prec\u012bzi j\u0101maks\u0101, ja t\u0101di ir.<\/li><\/ol>\t\t\t\t\t\t\t\t<\/div>\n\t\t\t\t<\/div>\n\t\t\t\t\t<\/div>\n\t\t<\/div>\n\t\t\t\t\t<\/div>\n\t\t<\/section>\n\t\t\t\t\t<\/div>\n\t\t<\/div>\n\t\t\t\t\t<\/div>\n\t\t<\/section>\n\t\t\t\t<\/div>\n\t\t","protected":false},"excerpt":{"rendered":"<p>Pieg\u0101des nosac\u012bjumi Internetveikals e-led.lv (turpm\u0101k \u2013 Internetveikals) veic pieg\u0101di saska\u0146\u0101 ar nosac\u012bjumiem, kas tiek nor\u0101d\u012bti pie ieg\u0101d\u0101jamas preces apraksta, ja<\/p>\n","protected":false},"author":5,"featured_media":0,"parent":0,"menu_order":0,"comment_status":"closed","ping_status":"closed","template":"","meta":{"footnotes":""},"class_list":["post-10453","page","type-page","status-publish","hentry"],"_links":{"self":[{"href":"https:\/\/e-led.lv\/lv\/wp-json\/wp\/v2\/pages\/10453","targetHints":{"allow":["GET"]}}],"collection":[{"href":"https:\/\/e-led.lv\/lv\/wp-json\/wp\/v2\/pages"}],"about":[{"href":"https:\/\/e-led.lv\/lv\/wp-json\/wp\/v2\/types\/page"}],"author":[{"embeddable":true,"href":"https:\/\/e-led.lv\/lv\/wp-json\/wp\/v2\/users\/5"}],"replies":[{"embeddable":true,"href":"https:\/\/e-led.lv\/lv\/wp-json\/wp\/v2\/comments?post=10453"}],"version-history":[{"count":0,"href":"https:\/\/e-led.lv\/lv\/wp-json\/wp\/v2\/pages\/10453\/revisions"}],"wp:attachment":[{"href":"https:\/\/e-led.lv\/lv\/wp-json\/wp\/v2\/media?parent=10453"}],"curies":[{"name":"wp","href":"https:\/\/api.w.org\/{rel}","templated":true}]}}