{"id":10460,"date":"2020-11-12T19:18:40","date_gmt":"2020-11-12T16:18:40","guid":{"rendered":"http:\/\/e-led.lv\/produktu-atgriesana\/"},"modified":"2022-03-15T22:36:54","modified_gmt":"2022-03-15T19:36:54","slug":"produktu-atgriesana","status":"publish","type":"page","link":"https:\/\/e-led.lv\/lv\/produktu-atgriesana\/","title":{"rendered":"Atteikuma ties\u012bbas"},"content":{"rendered":"\t\t<div data-elementor-type=\"wp-page\" data-elementor-id=\"10460\" class=\"elementor elementor-10460 elementor-10457\" data-elementor-post-type=\"page\">\n\t\t\t\t\t\t<section class=\"wd-negative-gap elementor-section elementor-top-section elementor-element elementor-element-6b7b439b elementor-section-boxed elementor-section-height-default elementor-section-height-default\" data-id=\"6b7b439b\" data-element_type=\"section\" data-e-type=\"section\">\n\t\t\t\t\t\t<div class=\"elementor-container elementor-column-gap-default\">\n\t\t\t\t\t<div class=\"elementor-column elementor-col-100 elementor-top-column elementor-element elementor-element-776f39c0\" data-id=\"776f39c0\" data-element_type=\"column\" data-e-type=\"column\">\n\t\t\t<div class=\"elementor-widget-wrap elementor-element-populated\">\n\t\t\t\t\t\t<div class=\"elementor-element elementor-element-5cb5aad wd-width-100 elementor-widget elementor-widget-wd_title\" data-id=\"5cb5aad\" data-element_type=\"widget\" data-e-type=\"widget\" data-widget_type=\"wd_title.default\">\n\t\t\t\t<div class=\"elementor-widget-container\">\n\t\t\t\t\t\t\t<div class=\"title-wrapper wd-set-mb reset-last-child wd-title-color-default wd-title-style-default wd-title-size-default text-center\">\n\n\t\t\t\n\t\t\t<div class=\"liner-continer\">\n\t\t\t\t<h1 class=\"woodmart-title-container title wd-fontsize-l\">Atteikuma ties\u012bbas<\/h1> \n\t\t\t\t\t\t\t<\/div>\n\n\t\t\t\t\t<\/div>\n\t\t\t\t\t\t<\/div>\n\t\t\t\t<\/div>\n\t\t\t\t<section class=\"wd-negative-gap elementor-section elementor-inner-section elementor-element elementor-element-91d1c3b elementor-section-boxed elementor-section-height-default elementor-section-height-default\" data-id=\"91d1c3b\" data-element_type=\"section\" data-e-type=\"section\">\n\t\t\t\t\t\t<div class=\"elementor-container elementor-column-gap-default\">\n\t\t\t\t\t<div class=\"elementor-column elementor-col-100 elementor-inner-column elementor-element elementor-element-fb35c87\" data-id=\"fb35c87\" data-element_type=\"column\" data-e-type=\"column\">\n\t\t\t<div class=\"elementor-widget-wrap elementor-element-populated\">\n\t\t\t\t\t\t<div class=\"elementor-element elementor-element-623ccd6f color-scheme-inherit text-left elementor-widget elementor-widget-text-editor\" data-id=\"623ccd6f\" data-element_type=\"widget\" data-e-type=\"widget\" data-widget_type=\"text-editor.default\">\n\t\t\t\t<div class=\"elementor-widget-container\">\n\t\t\t\t\t\t\t\t\t<ol><li>Lietot\u0101jam, kas veic pas\u016bt\u012bjumu (turpm\u0101k \u2013 Pirc\u0113js) internetveikal\u0101 e-led.lv (turpm\u0101k \u2013 Internetveikals), kas ir fizisk\u0101 persona, ir ties\u012bbas atteikties no distances l\u012bguma 14 (\u010detrpadsmit) kalend\u0101ro dienu laik\u0101 no preces sa\u0146em\u0161anas br\u012b\u017ea, nos\u016btot Internetveikalam pieteikumu par atteikumu uz e-pastu <a href=\"mailto:info@e-led.lv\"><span style=\"color: #0000ee;\">info@e-led.lv<\/span><\/a> vai nog\u0101d\u0101jot SIA \u201cCREA CONTRAST\u201d, Klij\u0101nu iela 21, R\u012bga, LV-1001 .<\/li><li>Pirc\u0113ja pien\u0101kums ir 14 dienu laik\u0101 p\u0113c atteikuma v\u0113stules nos\u016bt\u012b\u0161anas atgriezt preci Internetveikalam. Visus izdevumus, kas rad\u012bsies saist\u012bb\u0101 ar preces nos\u016bt\u012b\u0161anu atpaka\u013c Internetveikalam, sedz Pirc\u0113js.<\/li><li>Pirc\u0113js nevar izmantot atteikuma ties\u012bbas, ja:<ul><li>preces ir izgatavotas p\u0113c pat\u0113r\u0113t\u0101ja \u012bpa\u0161aj\u0101m instrukcij\u0101m, ja preces ir ra\u017eotas saska\u0146\u0101 ar pat\u0113r\u0113t\u0101ja person\u012bgo izv\u0113li vai nor\u0101d\u012bjumiem, un ja preces ir skaidri piel\u0101gotas pat\u0113r\u0113t\u0101ja person\u012bgaj\u0101m vajadz\u012bb\u0101m;<\/li><li>preces p\u0113c pieg\u0101des ir izsai\u0146otas un t\u0101s nav iesp\u0113jams atgriezt vesel\u012bbas vai higi\u0113nas apsv\u0113rumu d\u0113\u013c;<\/li><li>preces p\u0113c savas b\u016bt\u012bbas p\u0113c pieg\u0101des ir nedal\u0101mi apvienotas ar cit\u0101m prec\u0113m.<\/li><\/ul><\/li><li>Turkl\u0101t pat\u0113r\u0113t\u0101js ir atbild\u012bgs par preces kvalit\u0101tes un dro\u0161uma saglab\u0101\u0161anu atteikuma ties\u012bbu realiz\u0113\u0161anas termi\u0146\u0101.<\/li><li>Pirc\u0113js ir atbild\u012bgs par atgrie\u017eam\u0101s preces komplekt\u0101ciju. Atpaka\u013c nos\u016bt\u012btajai precei j\u0101b\u016bt ori\u0123in\u0101laj\u0101 iepakojum\u0101 ar aizsargiepakojumu un autentisk\u0101m eti\u0137et\u0113m.<\/li><li>SIA \u201cCREA CONTRAST\u201d patur ties\u012bbas Pirc\u0113jam atteikt atteikuma ties\u012bbu izmanto\u0161anu vai ietur\u0113t kompens\u0101cijas maksu gad\u012bjum\u0101, ja prece ir boj\u0101ta, lieto\u0161anas laik\u0101 nev\u0113r\u012bgi izturoties pret preci un\/vai neiev\u0113rojot instrukcijas nor\u0101d\u012bjumus, ja mont\u0101\u017eas rezult\u0101t\u0101 t\u0101s dro\u0161\u012bba un\/vai v\u0113rt\u012bba ir b\u016btiski samazin\u0101jusies, ja ir nozaud\u0113ts preces ori\u0123in\u0101lais iepakojums vai ja t\u0101s iepakojums ir b\u016btiski boj\u0101ts.<\/li><li>Sa\u0146emot atgriezto preci un nov\u0113rt\u0113jot t\u0101s st\u0101vokli, SIA \u201cCREA CONTRAST\u201d 14 (\u010detrpadsmit) dienu laik\u0101 no preces atgrie\u0161anas atmaks\u0101 Pirc\u0113jam naudu par preci (iz\u0146emot pieg\u0101des izmaksas).<\/li><\/ol>\t\t\t\t\t\t\t\t<\/div>\n\t\t\t\t<\/div>\n\t\t\t\t\t<\/div>\n\t\t<\/div>\n\t\t\t\t\t<\/div>\n\t\t<\/section>\n\t\t\t\t\t<\/div>\n\t\t<\/div>\n\t\t\t\t\t<\/div>\n\t\t<\/section>\n\t\t\t\t<\/div>\n\t\t","protected":false},"excerpt":{"rendered":"<p>Atteikuma ties\u012bbas Lietot\u0101jam, kas veic pas\u016bt\u012bjumu (turpm\u0101k \u2013 Pirc\u0113js) internetveikal\u0101 e-led.lv (turpm\u0101k \u2013 Internetveikals), kas ir fizisk\u0101 persona, ir ties\u012bbas<\/p>\n","protected":false},"author":5,"featured_media":0,"parent":0,"menu_order":0,"comment_status":"closed","ping_status":"closed","template":"","meta":{"footnotes":""},"class_list":["post-10460","page","type-page","status-publish","hentry"],"_links":{"self":[{"href":"https:\/\/e-led.lv\/lv\/wp-json\/wp\/v2\/pages\/10460","targetHints":{"allow":["GET"]}}],"collection":[{"href":"https:\/\/e-led.lv\/lv\/wp-json\/wp\/v2\/pages"}],"about":[{"href":"https:\/\/e-led.lv\/lv\/wp-json\/wp\/v2\/types\/page"}],"author":[{"embeddable":true,"href":"https:\/\/e-led.lv\/lv\/wp-json\/wp\/v2\/users\/5"}],"replies":[{"embeddable":true,"href":"https:\/\/e-led.lv\/lv\/wp-json\/wp\/v2\/comments?post=10460"}],"version-history":[{"count":0,"href":"https:\/\/e-led.lv\/lv\/wp-json\/wp\/v2\/pages\/10460\/revisions"}],"wp:attachment":[{"href":"https:\/\/e-led.lv\/lv\/wp-json\/wp\/v2\/media?parent=10460"}],"curies":[{"name":"wp","href":"https:\/\/api.w.org\/{rel}","templated":true}]}}