{"id":27481,"date":"2021-12-17T19:59:20","date_gmt":"2021-12-17T16:59:20","guid":{"rendered":"http:\/\/e-led.lv\/atmaksas-un-atgriesanas-politika\/"},"modified":"2022-03-15T22:45:11","modified_gmt":"2022-03-15T19:45:11","slug":"atmaksas-un-atgriesanas-politika","status":"publish","type":"page","link":"https:\/\/e-led.lv\/lv\/atmaksas-un-atgriesanas-politika\/","title":{"rendered":"Noteikumi un nosac\u012bjumi"},"content":{"rendered":"\t\t<div data-elementor-type=\"wp-page\" data-elementor-id=\"27481\" class=\"elementor elementor-27481 elementor-26625\" data-elementor-post-type=\"page\">\n\t\t\t\t\t\t<section class=\"wd-negative-gap elementor-section elementor-top-section elementor-element elementor-element-56984ff4 elementor-section-boxed elementor-section-height-default elementor-section-height-default\" data-id=\"56984ff4\" data-element_type=\"section\" data-e-type=\"section\">\n\t\t\t\t\t\t<div class=\"elementor-container elementor-column-gap-default\">\n\t\t\t\t\t<div class=\"elementor-column elementor-col-100 elementor-top-column elementor-element elementor-element-4ff9b391\" data-id=\"4ff9b391\" data-element_type=\"column\" data-e-type=\"column\">\n\t\t\t<div class=\"elementor-widget-wrap elementor-element-populated\">\n\t\t\t\t\t\t<div class=\"elementor-element elementor-element-4e64fc9 wd-width-100 elementor-widget elementor-widget-wd_title\" data-id=\"4e64fc9\" data-element_type=\"widget\" data-e-type=\"widget\" data-widget_type=\"wd_title.default\">\n\t\t\t\t<div class=\"elementor-widget-container\">\n\t\t\t\t\t\t\t<div class=\"title-wrapper wd-set-mb reset-last-child wd-title-color-default wd-title-style-default wd-title-size-default text-center\">\n\n\t\t\t\n\t\t\t<div class=\"liner-continer\">\n\t\t\t\t<h1 class=\"woodmart-title-container title wd-fontsize-l\">Noteikumi un nosac\u012bjumi<\/h1> \n\t\t\t\t\t\t\t<\/div>\n\n\t\t\t\t\t<\/div>\n\t\t\t\t\t\t<\/div>\n\t\t\t\t<\/div>\n\t\t\t\t<section class=\"wd-negative-gap elementor-section elementor-inner-section elementor-element elementor-element-0f5c420 elementor-section-boxed elementor-section-height-default elementor-section-height-default\" data-id=\"0f5c420\" data-element_type=\"section\" data-e-type=\"section\">\n\t\t\t\t\t\t<div class=\"elementor-container elementor-column-gap-default\">\n\t\t\t\t\t<div class=\"elementor-column elementor-col-100 elementor-inner-column elementor-element elementor-element-86cee9c\" data-id=\"86cee9c\" data-element_type=\"column\" data-e-type=\"column\">\n\t\t\t<div class=\"elementor-widget-wrap elementor-element-populated\">\n\t\t\t\t\t\t<div class=\"elementor-element elementor-element-6b57abc6 color-scheme-inherit text-left elementor-widget elementor-widget-text-editor\" data-id=\"6b57abc6\" data-element_type=\"widget\" data-e-type=\"widget\" data-widget_type=\"text-editor.default\">\n\t\t\t\t<div class=\"elementor-widget-container\">\n\t\t\t\t\t\t\t\t\t\n<ol type=\"1\">\n<li>Pirms s\u0101kt lietot SIA &#8220;CREA CONTRAST&#8221; (Re\u0123istr\u0101cijas nr.: 40203135578, PVN maks\u0101t\u0101ja nr.: LV40203135578, adrese: Klij\u0101nu iela 21, R\u012bga, LV-1001) internetveikalu e-led.lv, l\u016bdzam r\u016bp\u012bgi izlas\u012bt \u0161os lieto\u0161anas noteikumus un nosac\u012bjumus (turpm\u0101k \u2013 Noteikumi).<\/li>\n<li>Ar internetveikalu e-led.lv (turpm\u0101k \u2013 Internetveikals) tiek saprasta SIA &#8220;CREA CONTRAST&#8221; izveidot\u0101 timek\u013ca vietne, kuras interneta adrese ir e-led.lv, ar visu taj\u0101 eso\u0161o inform\u0101ciju un materi\u0101liem.<\/li>\n<li>Apmekl\u0113jot Internetveikalu vai izmantojot taj\u0101 izvietoto inform\u0101ciju par prec\u0113m un pakalpojumu snieg\u0161anu, J\u016bs piekr\u012btat \u0161iem Noteikumiem.<\/li>\n<li>Inform\u0113jam, ka Internetveikal\u0101 ievad\u012bt\u0101s inform\u0101cijas (tai skait\u0101 fizisko un juridisko personu datu) apstr\u0101des m\u0113r\u0137is ir taj\u0101 nor\u0101d\u012bto pakalpojumu snieg\u0161ana un pal\u012bdz\u012bbas snieg\u0161ana Internetveikala lieto\u0161anas laik\u0101. \u0160\u012b apstr\u0101de notiek saska\u0146\u0101 ar Internetveikala Priv\u0101tuma politiku.<\/li>\n<li>SIA &#8220;CREA CONTRAST&#8221; ir ties\u012bbas jebkur\u0101 br\u012bd\u012b vienpus\u0113ji main\u012bt Internetveikala saturu un Noteikumus. \u0160\u0101das izmai\u0146as st\u0101jas sp\u0113ka p\u0113c to public\u0113\u0161anas Internetveikal\u0101.<\/li>\n<li>Gad\u012bjum\u0101, ja k\u0101ds no \u0161ajos Noteikumos nor\u0101d\u012btajiem punktiem zaud\u0113 sp\u0113ku, tas neietekm\u0113 par\u0113jos Noteikumu punktus.<\/li>\n<li>Ar br\u012bdi, kad s\u0101kat lietot Internetveikalu vai taj\u0101 veicat jebk\u0101das aktivit\u0101tes, tiks uzskat\u012bts, ka esat iepazinies ar lieto\u0161anas br\u012bd\u012b sp\u0113k\u0101 eso\u0161ajiem Noteikumiem un iev\u0113rosiet tos. Katra Internetveikala lietot\u0101ja pien\u0101kums ir regul\u0101ri p\u0101rskat\u012bt pakalpojumu snieg\u0161anas noteikumus, lai sekotu l\u012bdzi izmai\u0146\u0101m, kas taj\u0101s ieviestas. Ja j\u016bs nepiekr\u012btat noteikumiem, tad Internetveikala izmanto\u0161ana ir aizliegta.<\/li>\n<li>SIA &#8220;CREA CONTRAST&#8221; ir ties\u012bbas jebkur\u0101 br\u012bd\u012b p\u0113c saviem ieskaitiem main\u012bt Internetveikala nor\u0101d\u012bt\u0101s cenas un\/vai izveidot jaunus maksas pakalpojumus.<\/li>\n<li>Lai k\u013c\u016btu par Internetveikala re\u0123istr\u0113to lietot\u0101ju, ir j\u0101iev\u0113ro Internetveikala noteikt\u0101 re\u0123istr\u0113\u0161an\u0101s k\u0101rt\u012bba. Re\u0123istr\u0113joties, Internetveikala lietot\u0101js piekr\u012bt Priv\u0101tuma politikai.<\/li>\n<li>Katram Internetveikala re\u0123istr\u0113tajam lietot\u0101jam ir pien\u0101kums neizpaust cit\u0101m person\u0101m savus piek\u013cuves datus. Ja Internetveikal\u0101 tiek veiktas darb\u012bbas ar re\u0123istr\u0113ta lietot\u0101ja profilu (t.sk. tiek pirktas preces un\/vai pakalpojumi), izmantojot pareizu lietot\u0101jv\u0101rdu un paroli, tad tiek uzskat\u012bts, ka darb\u012bbas attiec\u012bgaj\u0101 profil\u0101 ir veicis pats re\u0123istr\u0113tais lietot\u0101js.<\/li>\n<li>Internetveikala re\u0123istr\u0113t\u0101js lietot\u0101js piekr\u012bt sa\u0146emt inform\u0101ciju no Internetveikala par da\u017e\u0101da veida aktualit\u0101t\u0113m.<\/li>\n<li>Gad\u012bjumos, ja ir neskaidr\u012bbas par Internetveikal\u0101 ievietoto formu aizpild\u012b\u0161anu, l\u016bgums sazin\u0101ties ar Internetveikalu, zvanot uz t\u0101lruni <span style=\"color: #0000ee;\"><a style=\"color: #0000ee;\" href=\"tel:+37127726377\" data-type=\"tel\" data-id=\"tel:+37127726377\">(+371) 27726377<\/a><\/span> vai rakstot e-pastu uz <a href=\"mailto:info@e-led.lv\" data-type=\"mailto\" data-id=\"mailto:info@e-led.lv\"><span style=\"color: #0000ee;\">info@e-led.lv<\/span>.<\/a><\/li>\n<li>Jums vienm\u0113r ir j\u0101r\u012bkojas saska\u0146\u0101 ar Internetveikala Noteikumiem.<\/li>\n<li>Neizmantojiet Internetveikal\u0101 ievietoto inform\u0101ciju \u013caunpr\u0101t\u012bgi. Internetveikal\u0101 pied\u0101v\u0101tos pakalpojumus dr\u012bkstat izmantot tikai saska\u0146\u0101 ar \u0161iem Noteikumiem un Latvijas Republikas normat\u012bvajiem aktiem.<\/li>\n<li>Internetveikal\u0101 sniegtajiem pre\u010du att\u0113liem ir ilustrat\u012bvs raksturs. SIA &#8220;CREA CONTRAST&#8221; nevar garant\u0113t, ka lietot\u0101ja ier\u012bces ekr\u0101ns prec\u012bzi atspogu\u013cos pre\u010du kr\u0101sas. Lietot\u0101js saprot, ka preces var neb\u016btiski at\u0161\u0137irties no to att\u0113liem, ka ar\u012b pre\u010du iepakojums var at\u0161\u0137irties no t\u0101, kas ir par\u0101d\u012bts Internetveikal\u0101 sniegtajos att\u0113los.<\/li>\n<li>SIA &#8220;CREA CONTRAST&#8221; neatbild par jebk\u0101da veida izdevumiem un zaud\u0113jumiem, kas radu\u0161ies Internetveikala lieto\u0161anas laik\u0101.<\/li>\n<li>SIA &#8220;CREA CONTRAST&#8221; no vienas puses un lietot\u0101js, kas veic pas\u016bt\u012bjumu (turpm\u0101k \u2013 Pirc\u0113js), no otras puses, nosl\u0113dz distances l\u012bgumu (turpm\u0101k \u2013 L\u012bgums): SIA &#8220;CREA CONTRAST&#8221; ap\u0146emas p\u0101rdot un pieg\u0101d\u0101t preces Pirc\u0113ja nor\u0101d\u012btai personai (turpm\u0101k \u2013 Sa\u0146\u0113m\u0113js), atbilsto\u0161i Pirc\u0113ja pas\u016bt\u012bjumam.<\/li>\n<li>Piekr\u012btot \u0161iem Noteikumiem, Pirc\u0113js apstiprina, ka tam ir likum\u012bg\u0101s ties\u012bbas pirkt preces Internetveikal\u0101. Ieg\u0101d\u0101ties preces Internetveikal\u0101 dr\u012bkst:\n<ol>\n<li>fizisk\u0101s personas, kas ir sasniegu\u0161as pilngad\u012bbas vecumu sav\u0101 valst\u012b;<\/li>\n<\/ol>\n<ol>\n<li>juridisk\u0101s personas.<\/li>\n<\/ol>\n<\/li>\n<li>Sl\u0113dzot L\u012bgumu, Pirc\u0113js piekr\u012bt, ka pirkuma laik\u0101 uz nor\u0101d\u012bto e-pasta adresi tiks nos\u016bt\u012bts avansa r\u0113\u0137ins un pavadz\u012bme ar pirkuma inform\u0101ciju, kuri tiek sagatavoti elektroniski un ir der\u012bgi bez paraksta.<\/li>\n<li>Par prec\u0113m Pirc\u0113js var nor\u0113\u0137in\u0101ties ar tie\u0161saistes maks\u0101jumu caur internetbanku (Bank Link).<\/li>\n<li>L\u012bgums starp Pirc\u0113ju un SIA &#8220;CREA CONTRAST&#8221; uzskat\u0101ms par nosl\u0113gtu s\u0101kot ar br\u012bdi, kad Pirc\u0113js apmaks\u0101 pas\u016bt\u012bjumu.\n<ol>\n<li>Veicot tie\u0161saistes maks\u0101jumu (Bank Link) pas\u016bt\u012bjums tiek uzskat\u012bts par apmaks\u0101tu, kad pas\u016bt\u012bjuma summa ir ien\u0101kusi SIA &#8220;CREA CONTRAST&#8221; bankas kont\u0101.<\/li>\n<\/ol>\n<\/li>\n<li>P\u0113c pas\u016bt\u012bjuma noform\u0113\u0161anas un atmaksas Internetveikals uz nor\u0101d\u012bto e-pastu Pirc\u0113jam nos\u016bta pirkuma inform\u0101ciju un apliecino\u0161o dokumentu \u2013 pavadz\u012bmi, kas apliecina, ka preces tika pas\u016bt\u012btas.<\/li>\n<li>Uz pirkumu apliecino\u0161a dokumenta jeb pavadz\u012bmes tiek nor\u0101d\u012bta par pas\u016bt\u012bjuma komplekt\u0113\u0161anu un nos\u016bt\u012b\u0161anas dokumenta sast\u0101d\u012b\u0161anu atbild\u012bg\u0101 persona. Pirc\u0113js piekr\u012bt, ka uz dokumenta nor\u0101d\u012bt\u0101 atbild\u012bg\u0101s personas v\u0101rda un uzv\u0101rda esam\u012bba ir l\u012bdzv\u0113rt\u012bga min\u0113t\u0101s personas parakstam.<\/li>\n<li>Pirc\u0113js var piepras\u012bt Internetveikalu veikt izmai\u0146as re\u0123istr\u0113taj\u0101 pas\u016bt\u012bjum\u0101, kas ir nepabeigts sazinoties ar Internetveikalu \u2013 <a href=\"mailto:info@e-led.lv\" data-type=\"mailto\" data-id=\"mailto:info@e-led.lv\"><span style=\"color: #0000ee;\">info@e-led.lv<\/span><\/a> vai uz t\u0101lruni <span style=\"color: #0000ee;\"><a style=\"color: #0000ee;\" href=\"tel:+37127726377\" data-type=\"tel\" data-id=\"tel:+37127726377\">(+371) 27726377<\/a><\/span>. Internetveikals p\u0113c iesp\u0113j\u0101m izpild\u012bs Pirc\u0113ja piepras\u012bjumu.<\/li>\n<li>SIA &#8220;CREA CONTRAST&#8221;, konstat\u0113jot Internetveikal\u0101 k\u013c\u016bdas un\/vai neprecizit\u0101tes pre\u010du cen\u0101s vai aprakstos, ir ties\u012bbas vienpus\u0113ji atcelt L\u012bgumu, rakstiski (pa e-pastu) inform\u0113jot Pirc\u0113ju un atce\u013cot pas\u016bt\u012bjumu. Pirc\u0113jam ja tas aizvien v\u0113las ieg\u0101d\u0101ties preci, kuras pas\u016bt\u012bjums tika atcelts, prece ir atk\u0101rtoti j\u0101pas\u016bta.<\/li>\n<li>Iz\u0146\u0113muma k\u0101rt\u0101 SIA &#8220;CREA CONTRAST&#8221; ir ties\u012bbas atcelt L\u012bgumu sekojo\u0161os gad\u012bjumos:\n<ol>\n<li>ja pas\u016bt\u012bjuma laik\u0101 tiek p\u0101rk\u0101pti Internetveikala lieto\u0161anas Noteikumi;<\/li>\n<\/ol>\n<ol>\n<li>ja L\u012bgums nosl\u0113gts ar otras puses \u013caunpr\u0101t\u012bbu, viltu vai ar spaidiem;<\/li>\n<\/ol>\n<ol>\n<li>pas\u016bt\u012bto pre\u010du tr\u016bkuma d\u0113\u013c;<\/li>\n<\/ol>\n<ol>\n<li>p\u0101rm\u0113r\u012bg\u0101 zaud\u0113juma d\u0113\u013c, ko cie\u0161 viena vai otra puse;<\/li>\n<\/ol>\n<ol>\n<li>citos Latvijas Republikas normat\u012bvajos aktos paredz\u0113t\u0101jos gad\u012bjumos.<\/li>\n<\/ol>\n<\/li>\n<li>Faktu, ka Pirc\u0113js ir sa\u0146\u0113mis preci, apliecina:\n<ol>\n<li>Sa\u0146\u0113m\u0113ja paraksts uz pavadz\u012bmes, CMR vai uz kurjera\/pas\u016bt\u012bjuma izsniedz\u0113ja elektronisk\u0101 termin\u0101\u013ca \u2013 sa\u0146emot pas\u016bt\u012bto preci ar standarta pieg\u0101di.<\/li>\n<\/ol>\n<ol>\n<li>Pirc\u0113ja pa\u0161roc\u012bga koda ievad\u012b\u0161ana preces pas\u016bt\u012bjuma iz\u0146em\u0161anai pas\u016bt\u012bto preci sa\u0146emot DPD Paku Skap\u012b.<\/li>\n<\/ol>\n<\/li>\n<li>Pretenzijas par to, ka pas\u016bt\u012bjums nav pieg\u0101d\u0101ts, p\u0113c tam, kad pas\u016bt\u012bjuma sa\u0146em\u0161ana ir apliecin\u0101ta ar k\u0101du no 29. punkt\u0101 aprakst\u012btaj\u0101m metod\u0113m, netiek pie\u0146emtas.<\/li>\n<li>Neskatoties uz pien\u0101kumiem, kas paredz\u0113ti citos \u0161o Noteikumu punktos, Pirc\u0113js ap\u0146emas pirms preces lieto\u0161anas s\u0101kuma (taj\u0101 skait\u0101 ar\u012b pirms t\u0101s salik\u0161anas kop\u0101, mont\u0101\u017eas u. tml.) apskat\u012bt preci un p\u0101rliecin\u0101ties, ka sa\u0146emt\u0101 prece atbilst pas\u016bt\u012btai.<\/li>\n<li>SIA &#8220;CREA CONTRAST&#8221; neb\u016bs atbild\u012bga par L\u012bguma vai jebk\u0101du saist\u012bbu saska\u0146\u0101 ar L\u012bgumu nepild\u012b\u0161anu vai izpildes kav\u0113\u0161anu, ja \u0161\u0101da nepild\u012b\u0161ana vai kav\u0113\u0161ana rad\u0101s saist\u012bb\u0101 ar notikumiem \u0101rpus Internetveikala kontroles, k\u0101 tas ir defin\u0113ts \u0161o Noteikumu 30.1. punkt\u0101.\n<ol>\n<li>Notikums \u0101rpus Internetveikala kontroles noz\u012bm\u0113 jebk\u0101das darb\u012bbas vai notikumu, kuru SIA &#8220;CREA CONTRAST&#8221; pamatoti nevar kontrol\u0113t (nep\u0101rvarama vara).<\/li>\n<\/ol>\n<ol>\n<li>Gad\u012bjum\u0101, ja notiek notikums \u0101rpus Internetveikala kontroles, kas ietekm\u0113 pien\u0101c\u012bgu SIA &#8220;CREA CONTRAST&#8221; saist\u012bbu izpildi, saska\u0146\u0101 ar L\u012bgumu:\n<ol>\n<li>Internetveikals nekav\u0113joties rakstiski (pa e-pastu) inform\u0113s Pirc\u0113ju;<\/li>\n<\/ol>\n<ol>\n<li>SIA &#8220;CREA CONTRAST&#8221; saist\u012bbu, kas izriet no L\u012bguma, izpilde tiks apst\u0101din\u0101ta un saist\u012bbu izpildes termi\u0146\u0161 tiks pagarin\u0101ts par termi\u0146u, kas vien\u0101ds ar notikuma \u0101rpus Internetveikala kontroles ilgumu.<\/li>\n<\/ol>\n<\/li>\n<\/ol>\n<\/li>\n<li>Internetveikala lieto\u0161ana nepie\u0161\u0137ir nek\u0101das \u012bpa\u0161uma ties\u012bbas uz Internetveikal\u0101 pieejamo saturu. Aizliegts izmantot Internetveikala ievietot\u0101s inform\u0101cijas saturu, ja vien nav \u0161\u012b satura \u012bpa\u0161nieka at\u013caujas vai cita veida at\u013caujas saska\u0146\u0101 ar likumu. \u0160ie Noteikumi nepie\u0161\u0137ir ties\u012bbas izmantot nevienu Internetveikal\u0101 iek\u013cautu z\u012bmolu vai logotipu.<\/li>\n<li>Visas intelektu\u0101l\u0101 \u012bpa\u0161uma ties\u012bbas attiec\u012bb\u0101 uz Internetveikalu pieder tikai un vien\u012bgi SIA &#8220;CREA CONTRAST&#8221;. \u0160o ties\u012bbu p\u0101rk\u0101puma gad\u012bjum\u0101 vain\u012bg\u0101 persona tiek saukta pie Latvijas Republikas normat\u012bvajos aktos paredz\u0113t\u0101s atbild\u012bbas, k\u0101 ar\u012b ir piln\u012bb\u0101 atbild\u012bga par visiem zaud\u0113jumiem, kas ir vai var tikt nodar\u012bti SIA &#8220;CREA CONTRAST&#8221; un\/vai tre\u0161aj\u0101m person\u0101m.<\/li>\n<li>Pirc\u0113jam ir pien\u0101kums iev\u0113rot Noteikumos un Latvijas Republikas normat\u012bvajos aktos noteiktas pras\u012bbas.<\/li>\n<li>Jebkuri str\u012bdi, kas izriet no \u0161iem Noteikumiem un\/vai no L\u012bguma, kas nosl\u0113gts izmantojot Internetveikalu, tiks izskat\u012bti saska\u0146\u0101 ar Latvijas Republikas normat\u012bvajiem aktiem.<\/li>\n<li>Inform\u0101cija par to, k\u0101 sazin\u0101ties ar SIA &#8220;CREA CONTRAST&#8221;, ir pieejama Internetveikala sada\u013c\u0101 Kontakti.<\/li>\n<li>Veicot preces pas\u016bt\u012b\u0161anu, Pirc\u0113js apliecina, ka ir iepazinies un piekr\u012btat Pieg\u0101des nosac\u012bjumiem.<\/li>\n<li>Veicot preces pas\u016bt\u012b\u0161anu, Pirc\u0113js apliecina, ka ir iepazinies ar un piekr\u012btat Atteikuma ties\u012bb\u0101m.<\/li>\n<li>Veicot preces pas\u016bt\u012b\u0161anu, Pirc\u0113js apliecina, ka ir iepazinies ar un piekr\u012btat Priv\u0101tuma politikai.<\/li>\n<\/ol>\n\t\t\t\t\t\t\t\t<\/div>\n\t\t\t\t<\/div>\n\t\t\t\t\t<\/div>\n\t\t<\/div>\n\t\t\t\t\t<\/div>\n\t\t<\/section>\n\t\t\t\t\t<\/div>\n\t\t<\/div>\n\t\t\t\t\t<\/div>\n\t\t<\/section>\n\t\t\t\t<\/div>\n\t\t","protected":false},"excerpt":{"rendered":"<p>Noteikumi un nosac\u012bjumi Pirms s\u0101kt lietot SIA &#8220;CREA CONTRAST&#8221; (Re\u0123istr\u0101cijas nr.: 40203135578, PVN maks\u0101t\u0101ja nr.: LV40203135578, adrese: Klij\u0101nu iela 21,<\/p>\n","protected":false},"author":1,"featured_media":0,"parent":0,"menu_order":0,"comment_status":"closed","ping_status":"closed","template":"","meta":{"footnotes":""},"class_list":["post-27481","page","type-page","status-publish","hentry"],"_links":{"self":[{"href":"https:\/\/e-led.lv\/lv\/wp-json\/wp\/v2\/pages\/27481","targetHints":{"allow":["GET"]}}],"collection":[{"href":"https:\/\/e-led.lv\/lv\/wp-json\/wp\/v2\/pages"}],"about":[{"href":"https:\/\/e-led.lv\/lv\/wp-json\/wp\/v2\/types\/page"}],"author":[{"embeddable":true,"href":"https:\/\/e-led.lv\/lv\/wp-json\/wp\/v2\/users\/1"}],"replies":[{"embeddable":true,"href":"https:\/\/e-led.lv\/lv\/wp-json\/wp\/v2\/comments?post=27481"}],"version-history":[{"count":0,"href":"https:\/\/e-led.lv\/lv\/wp-json\/wp\/v2\/pages\/27481\/revisions"}],"wp:attachment":[{"href":"https:\/\/e-led.lv\/lv\/wp-json\/wp\/v2\/media?parent=27481"}],"curies":[{"name":"wp","href":"https:\/\/api.w.org\/{rel}","templated":true}]}}