{"id":28484,"date":"2022-02-12T13:30:21","date_gmt":"2022-02-12T10:30:21","guid":{"rendered":"https:\/\/e-led.lv\/par-e-veikalu\/"},"modified":"2022-02-14T19:13:25","modified_gmt":"2022-02-14T16:13:25","slug":"par-e-veikalu","status":"publish","type":"page","link":"https:\/\/e-led.lv\/lv\/par-e-veikalu\/","title":{"rendered":"Par mums"},"content":{"rendered":"\t\t<div data-elementor-type=\"wp-page\" data-elementor-id=\"28484\" class=\"elementor elementor-28484 elementor-28443\" data-elementor-post-type=\"page\">\n\t\t\t\t\t\t<section class=\"wd-negative-gap elementor-section elementor-top-section elementor-element elementor-element-605e5fd0 wd-section-stretch-content elementor-section-content-middle elementor-section-boxed elementor-section-height-default elementor-section-height-default\" data-id=\"605e5fd0\" data-element_type=\"section\" data-e-type=\"section\" data-settings=\"{&quot;background_background&quot;:&quot;classic&quot;}\">\n\t\t\t\t\t\t<div class=\"elementor-container elementor-column-gap-no\">\n\t\t\t\t\t<div class=\"elementor-column elementor-col-50 elementor-top-column elementor-element elementor-element-5620ab36\" data-id=\"5620ab36\" data-element_type=\"column\" data-e-type=\"column\">\n\t\t\t<div class=\"elementor-widget-wrap elementor-element-populated\">\n\t\t\t\t\t\t<div class=\"elementor-element elementor-element-45738d8a wd-width-100 elementor-widget elementor-widget-wd_images_gallery\" data-id=\"45738d8a\" data-element_type=\"widget\" data-e-type=\"widget\" data-widget_type=\"wd_images_gallery.default\">\n\t\t\t\t<div class=\"elementor-widget-container\">\n\t\t\t\t\t\t\t<div class=\"wd-images-gallery\" style=\"--wd-align-items:center; --wd-justify-content:center;\">\n\t\t\t\t\t\t<div class=\"wd-masonry wd-grid-f-col\" style=\"--wd-col-lg:2;--wd-col-md:2;--wd-col-sm:1;--wd-gap-lg:0px;\" >\n\t\t\t\t\t\t\t\t\t\t\t\t\t\t\t\t\t\t<div class=\"wd-gallery-item wd-col\">\n\t\t\t\t\t\t\n\t\t\t\t\t\t<img decoding=\"async\" width=\"600\" height=\"1200\" src=\"https:\/\/e-led.lv\/wp-content\/uploads\/2022\/02\/abo.jpg\" class=\"attachment-full size-full\" alt=\"abo\" srcset=\"https:\/\/e-led.lv\/wp-content\/uploads\/2022\/02\/abo.jpg 600w, https:\/\/e-led.lv\/wp-content\/uploads\/2022\/02\/abo-150x300.jpg 150w, https:\/\/e-led.lv\/wp-content\/uploads\/2022\/02\/abo-512x1024.jpg 512w, https:\/\/e-led.lv\/wp-content\/uploads\/2022\/02\/abo-400x800.jpg 400w\" sizes=\"(max-width: 600px) 100vw, 600px\" \/>\n\t\t\t\t\t\t\t\t\t\t\t<\/div>\n\t\t\t\t\t\t\t\t\t\t\t\t\t\t\t<div class=\"wd-gallery-item wd-col\">\n\t\t\t\t\t\t\n\t\t\t\t\t\t<img decoding=\"async\" width=\"600\" height=\"600\" src=\"https:\/\/e-led.lv\/wp-content\/uploads\/2022\/02\/abou.jpg\" class=\"attachment-full size-full\" alt=\"abou\" srcset=\"https:\/\/e-led.lv\/wp-content\/uploads\/2022\/02\/abou.jpg 600w, https:\/\/e-led.lv\/wp-content\/uploads\/2022\/02\/abou-150x150.jpg 150w, https:\/\/e-led.lv\/wp-content\/uploads\/2022\/02\/abou-300x300.jpg 300w, https:\/\/e-led.lv\/wp-content\/uploads\/2022\/02\/abou-400x400.jpg 400w\" sizes=\"(max-width: 600px) 100vw, 600px\" \/>\n\t\t\t\t\t\t\t\t\t\t\t<\/div>\n\t\t\t\t\t\t\t\t\t\t\t\t\t\t\t<div class=\"wd-gallery-item wd-col\">\n\t\t\t\t\t\t\n\t\t\t\t\t\t<img decoding=\"async\" width=\"600\" height=\"600\" src=\"https:\/\/e-led.lv\/wp-content\/uploads\/2022\/02\/ab.jpg\" class=\"attachment-full size-full\" alt=\"ab\" srcset=\"https:\/\/e-led.lv\/wp-content\/uploads\/2022\/02\/ab.jpg 600w, https:\/\/e-led.lv\/wp-content\/uploads\/2022\/02\/ab-150x150.jpg 150w, https:\/\/e-led.lv\/wp-content\/uploads\/2022\/02\/ab-300x300.jpg 300w, https:\/\/e-led.lv\/wp-content\/uploads\/2022\/02\/ab-400x400.jpg 400w\" sizes=\"(max-width: 600px) 100vw, 600px\" \/>\n\t\t\t\t\t\t\t\t\t\t\t<\/div>\n\t\t\t\t\t\t\t\t\t\t\t\t\t<\/div>\n\t\t\t\t\t<\/div>\n\t\t\t\t\t\t<\/div>\n\t\t\t\t<\/div>\n\t\t\t\t\t<\/div>\n\t\t<\/div>\n\t\t\t\t<div class=\"elementor-column elementor-col-50 elementor-top-column elementor-element elementor-element-7ff2bb90 color-scheme-light\" data-id=\"7ff2bb90\" data-element_type=\"column\" data-e-type=\"column\" data-settings=\"{&quot;background_background&quot;:&quot;classic&quot;}\">\n\t\t\t<div class=\"elementor-widget-wrap elementor-element-populated\">\n\t\t\t\t\t\t<div class=\"elementor-element elementor-element-3d445318 wd-width-100 elementor-widget elementor-widget-wd_title\" data-id=\"3d445318\" data-element_type=\"widget\" data-e-type=\"widget\" data-widget_type=\"wd_title.default\">\n\t\t\t\t<div class=\"elementor-widget-container\">\n\t\t\t\t\t\t\t<div class=\"title-wrapper wd-set-mb reset-last-child wd-title-color-default wd-title-style-default wd-title-size-extra-large text-left\">\n\n\t\t\t\t\t\t\t\t\t\t\t<div class=\"title-subtitle subtitle-color-default subtitle-style-default wd-fontsize-m\">\n\t\t\t\t\tLED APGAISMOJUMS\t\t\t\t<\/div>\n\t\t\t\n\t\t\t<div class=\"liner-continer\">\n\t\t\t\t<h4 class=\"woodmart-title-container title wd-fontsize-xxxl\">PAR E-VEIKALU<\/h4> \n\t\t\t\t\t\t\t<\/div>\n\n\t\t\t\t\t<\/div>\n\t\t\t\t\t\t<\/div>\n\t\t\t\t<\/div>\n\t\t\t\t<div class=\"elementor-element elementor-element-12c641ed elementor-widget-divider--view-line elementor-widget elementor-widget-divider\" data-id=\"12c641ed\" data-element_type=\"widget\" data-e-type=\"widget\" data-widget_type=\"divider.default\">\n\t\t\t\t<div class=\"elementor-widget-container\">\n\t\t\t\t\t\t\t<div class=\"elementor-divider\">\n\t\t\t<span class=\"elementor-divider-separator\">\n\t\t\t\t\t\t<\/span>\n\t\t<\/div>\n\t\t\t\t\t\t<\/div>\n\t\t\t\t<\/div>\n\t\t\t\t<section class=\"wd-negative-gap elementor-section elementor-inner-section elementor-element elementor-element-269ffd6c elementor-section-boxed elementor-section-height-default elementor-section-height-default\" data-id=\"269ffd6c\" data-element_type=\"section\" data-e-type=\"section\">\n\t\t\t\t\t\t<div class=\"elementor-container elementor-column-gap-default\">\n\t\t\t\t\t<div class=\"elementor-column elementor-col-100 elementor-inner-column elementor-element elementor-element-205470a3\" data-id=\"205470a3\" data-element_type=\"column\" data-e-type=\"column\">\n\t\t\t<div class=\"elementor-widget-wrap elementor-element-populated\">\n\t\t\t\t\t\t<div class=\"elementor-element elementor-element-233b1aa0 elementor-widget elementor-widget-wd_infobox\" data-id=\"233b1aa0\" data-element_type=\"widget\" data-e-type=\"widget\" data-widget_type=\"wd_infobox.default\">\n\t\t\t\t<div class=\"elementor-widget-container\">\n\t\t\t\t\t\t\t<div class=\"info-box-wrapper\">\n\t\t\t<div class=\"wd-info-box text-left box-icon-align-top box-style-base color-scheme-\">\n\t\t\t\t\n\t\t\t\t<div class=\"info-box-content\">\n\t\t\t\t\t\n\t\t\t\t\t\n\t\t\t\t\t<div class=\"info-box-inner reset-last-child\"data-elementor-setting-key=\"content\"><p>E-led.lv ikvienam ir iesp\u0113ja atrast aktu\u0101lus LED risin\u0101jumus savas ikdienas izgaismo\u0161anai! Darboj\u0101mies kl\u0101tien\u0113 R\u012bg\u0101 jau vair\u0101kus gadus. Tagad piel\u0101gojoties strauji main\u012bgajai pasaules k\u0101rt\u012bbai, esam izveidoju\u0161i veikalu digit\u0101laj\u0101 vid\u0113. Savas dar\u012bbas laik\u0101 esam pal\u012bdz\u0113ju\u0161i izgaismot gan Latvij\u0101, gan \u0101rpus t\u0101s robe\u017e\u0101m dz\u012bvojo\u0161u klientu ikdienu vi\u0146u darba un dz\u012bves viet\u0101s. Ceram, ka internetveikala izveide pal\u012bdz\u0113s pla\u0161\u0101kam klientu lokam iepaz\u012bt m\u016bsu pied\u0101v\u0101jumu un no pla\u0161\u0101 produktu kl\u0101sta izv\u0113l\u0113ties sev t\u012bkam\u0101kos gaismek\u013cus un to aksesu\u0101rus.<\/p>\n<\/p>\n<p>Ar cie\u0146u,<\/p>\n<p>e-led.lv komanda<\/p>\n<\/div>\n\n\t\t\t\t\t\t\t\t\t<\/div>\n\n\t\t\t\t\t\t\t<\/div>\n\t\t<\/div>\n\t\t\t\t\t\t<\/div>\n\t\t\t\t<\/div>\n\t\t\t\t\t<\/div>\n\t\t<\/div>\n\t\t\t\t\t<\/div>\n\t\t<\/section>\n\t\t\t\t<div class=\"elementor-element elementor-element-2a72f041 elementor-widget__width-auto elementor-widget elementor-widget-wd_button\" data-id=\"2a72f041\" data-element_type=\"widget\" data-e-type=\"widget\" data-widget_type=\"wd_button.default\">\n\t\t\t\t<div class=\"elementor-widget-container\">\n\t\t\t\t\t\t\t<div class=\"wd-button-wrapper text-center\" >\n\t\t\t<a class=\"btn btn-style-default btn-shape-rectangle btn-size-default btn-color-primary btn-icon-pos-right\"  href=\"https:\/\/e-led.lv\/lv\/sazinies-ar-mums\/\">\n\t\t\t\t<span class=\"wd-btn-text\" data-elementor-setting-key=\"text\">\n\t\t\t\t\tSAZINIES AR MUMS\t\t\t\t<\/span>\n\n\t\t\t\t\t\t\t<\/a>\n\t\t<\/div>\n\t\t\t\t\t\t<\/div>\n\t\t\t\t<\/div>\n\t\t\t\t\t<\/div>\n\t\t<\/div>\n\t\t\t\t\t<\/div>\n\t\t<\/section>\n\t\t\t\t<\/div>\n\t\t","protected":false},"excerpt":{"rendered":"<p>LED APGAISMOJUMS PAR E-VEIKALU E-led.lv ikvienam ir iesp\u0113ja atrast aktu\u0101lus LED risin\u0101jumus savas ikdienas izgaismo\u0161anai! Darboj\u0101mies kl\u0101tien\u0113 R\u012bg\u0101 jau vair\u0101kus<\/p>\n","protected":false},"author":5,"featured_media":0,"parent":0,"menu_order":0,"comment_status":"closed","ping_status":"closed","template":"","meta":{"footnotes":""},"class_list":["post-28484","page","type-page","status-publish","hentry"],"_links":{"self":[{"href":"https:\/\/e-led.lv\/lv\/wp-json\/wp\/v2\/pages\/28484","targetHints":{"allow":["GET"]}}],"collection":[{"href":"https:\/\/e-led.lv\/lv\/wp-json\/wp\/v2\/pages"}],"about":[{"href":"https:\/\/e-led.lv\/lv\/wp-json\/wp\/v2\/types\/page"}],"author":[{"embeddable":true,"href":"https:\/\/e-led.lv\/lv\/wp-json\/wp\/v2\/users\/5"}],"replies":[{"embeddable":true,"href":"https:\/\/e-led.lv\/lv\/wp-json\/wp\/v2\/comments?post=28484"}],"version-history":[{"count":0,"href":"https:\/\/e-led.lv\/lv\/wp-json\/wp\/v2\/pages\/28484\/revisions"}],"wp:attachment":[{"href":"https:\/\/e-led.lv\/lv\/wp-json\/wp\/v2\/media?parent=28484"}],"curies":[{"name":"wp","href":"https:\/\/api.w.org\/{rel}","templated":true}]}}