{"id":18296,"date":"2020-11-30T19:21:49","date_gmt":"2020-11-30T16:21:49","guid":{"rendered":"http:\/\/e-led.lv\/product\/adegan-manila-sl-floor-stand\/"},"modified":"2021-03-31T17:57:09","modified_gmt":"2021-03-31T14:57:09","slug":"adegan-manila-sl-floor-stand","status":"publish","type":"product","link":"https:\/\/e-led.lv\/lv\/adegan-manila-sl-floor-stand\/","title":{"rendered":"St\u0101vs ADEGAN MANILA SL"},"content":{"rendered":"<p>ADEGAN MANILA gr\u012bdas stat\u012bvs ir elegants un p\u0101rn\u0113s\u0101jams \u0101ra gaismeklis, kura pamat\u0101 ir popul\u0101ri rotangpalmas materi\u0101li. Izgatavots no gran\u012bta, ner\u016bs\u0113jo\u0161\u0101 t\u0113rauda un PE elementiem, gaismeklim ir IP44 aizsardz\u012bbas klase. Lai to pan\u0101ktu, izv\u0113l\u0113to spuldzi aizsarg\u0101 piem\u0113rots korpuss. ADEGAN MANILA gr\u012bdas gaismeklis ir apr\u012bkots ar piesl\u0113guma vadu un IP kontaktdak\u0161u un pieg\u0101d\u0101ts gatavs tie\u0161am savienojumam ar 230 V str\u0101vas padevi.<\/p>\n<h1 class=\"headline headline--uppercase product-detail__headline\" style=\"text-align: center;\" data-qa=\"component headline\">Tehniskie dati<\/h1>\n<table width=\"555\">\n<tbody>\n<tr>\n<td width=\"143\">Produkta nosaukums<\/td>\n<td width=\"129\">ADEGAN MANILA<\/td>\n<td width=\"175\">Mont\u0101\u017ea<\/td>\n<td width=\"108\">Mobilais<\/td>\n<\/tr>\n<tr>\n<td width=\"143\">BIG WHITE Page<\/td>\n<td width=\"129\">566<\/td>\n<td width=\"175\">Forma<\/td>\n<td width=\"108\">raunds<\/td>\n<\/tr>\n<tr>\n<td width=\"143\">Kr\u0101sa<\/td>\n<td width=\"129\">ner\u016bs\u0113jo\u0161\u0101 t\u0113rauda<\/td>\n<td width=\"175\">Augstums<\/td>\n<td width=\"108\">175,5 cm<\/td>\n<\/tr>\n<tr>\n<td width=\"143\">Materi\u0101ls<\/td>\n<td width=\"129\">Gran\u012bts<\/td>\n<td width=\"175\">Diametrs<\/td>\n<td width=\"108\">38,5 cm<\/td>\n<\/tr>\n<tr>\n<td width=\"143\">elektrisk\u0101 jauda<\/td>\n<td width=\"129\">15 W<\/td>\n<td width=\"175\">Gaismas izeja<\/td>\n<td width=\"108\">tie\u0161s &#8211; netie\u0161s<\/td>\n<\/tr>\n<tr>\n<td width=\"143\">CRI<\/td>\n<td width=\"129\">90<\/td>\n<td width=\"175\">Gaismas intensit\u0101tes sadal\u012bjums<\/td>\n<td width=\"108\">simetrisks<\/td>\n<\/tr>\n<tr>\n<td width=\"143\">Kontaktligzda<\/td>\n<td width=\"129\">E27<\/td>\n<td width=\"175\">Triecieniztur\u012bbas kategorija<\/td>\n<td width=\"108\">IK04<\/td>\n<\/tr>\n<tr>\n<td width=\"143\">Kontaktligzdu skaits<\/td>\n<td width=\"129\">1<\/td>\n<td width=\"175\">Triecieniztur\u012bba<\/td>\n<td width=\"108\">0,5 d\u017eouli<\/td>\n<\/tr>\n<tr>\n<td width=\"143\">Aizsardz\u012bbas kategorija<\/td>\n<td width=\"129\">I<\/td>\n<td width=\"175\">Prim\u0101rais nomin\u0101lais spriegums<\/td>\n<td width=\"108\">230V ~ 50Hz<\/td>\n<\/tr>\n<tr>\n<td width=\"143\">IP kods<\/td>\n<td width=\"129\">IP 44<\/td>\n<td width=\"175\">Neto svars<\/td>\n<td width=\"108\">16,62 kg<\/td>\n<\/tr>\n<\/tbody>\n<\/table>\n<p><strong><a href=\"http:\/\/e-led.lv\/wp-content\/uploads\/2020\/12\/259719.pdf\"><img decoding=\"async\" class=\" wd-lazy-fade wp-image-10558 alignnone\" role=\"img\" src=\"https:\/\/e-led.lv\/wp-content\/themes\/woodmart\/images\/lazy.svg\" data-src=\"http:\/\/e-led.lv\/wp-content\/uploads\/\/2020\/11\/file-pdf-regular.svg\" alt=\"\" width=\"22\" height=\"29\"> Rokasgr\u0101mata (pdf)<\/a><br \/>\n<\/strong><\/p>\n<p><strong><a href=\"http:\/\/e-led.lv\/wp-content\/uploads\/2020\/12\/205968.pdf\"><img decoding=\"async\" class=\" wd-lazy-fade wp-image-10558 alignnone\" role=\"img\" src=\"https:\/\/e-led.lv\/wp-content\/themes\/woodmart\/images\/lazy.svg\" data-src=\"http:\/\/e-led.lv\/wp-content\/uploads\/\/2020\/11\/file-pdf-regular.svg\" alt=\"\" width=\"22\" height=\"29\"> <\/a><span class=\"download-item__title\"><a href=\"http:\/\/e-led.lv\/wp-content\/uploads\/2020\/12\/205968.pdf\">CE deklar\u0101cija (pdf)<\/a><br \/>\n<\/span><\/strong><\/p>\n<p><strong><a href=\"http:\/\/e-led.lv\/wp-content\/uploads\/2020\/12\/2022410.pdf\"><img decoding=\"async\" class=\" wd-lazy-fade wp-image-10558 alignnone\" role=\"img\" src=\"https:\/\/e-led.lv\/wp-content\/themes\/woodmart\/images\/lazy.svg\" data-src=\"http:\/\/e-led.lv\/wp-content\/uploads\/\/2020\/11\/file-pdf-regular.svg\" alt=\"\" width=\"22\" height=\"29\"> <span class=\"download-item__title\">Datu lapa (pdf)<\/span><\/a><\/strong><\/p>\n<p><strong><a href=\"http:\/\/e-led.lv\/wp-content\/uploads\/2020\/12\/tender_text-1.txt\" data-wp-editing=\"1\"><img decoding=\"async\" class=\" wd-lazy-fade wp-image-10558 alignnone\" role=\"img\" src=\"https:\/\/e-led.lv\/wp-content\/themes\/woodmart\/images\/lazy.svg\" data-src=\"http:\/\/e-led.lv\/wp-content\/uploads\/\/2020\/11\/file-pdf-regular.svg\" alt=\"\" width=\"22\" height=\"29\"> Konkursa teksts (txt)<\/a><\/strong><\/p>\n<p>&nbsp;<\/p>\n<p>&nbsp;<\/p>\n","protected":false},"excerpt":{"rendered":"<p><span class=\"product-configurator__variants\"><span class=\"product-configurator__description spacing-right--inner spacing-right--small\">PE rotangpalmas antrac\u012bts + SST 304 + gran\u012bts G654, E27, maks. 15W,<\/span><\/span><\/p>\n","protected":false},"featured_media":10466,"template":"","meta":[],"product_brand":[],"product_cat":[153],"product_tag":[],"class_list":{"0":"post-18296","1":"product","2":"type-product","3":"status-publish","4":"has-post-thumbnail","6":"product_cat-darza-gaismekli-un-stabini","8":"first","9":"instock","10":"taxable","11":"shipping-taxable","12":"purchasable","13":"product-type-simple"},"_links":{"self":[{"href":"https:\/\/e-led.lv\/lv\/wp-json\/wp\/v2\/product\/18296","targetHints":{"allow":["GET"]}}],"collection":[{"href":"https:\/\/e-led.lv\/lv\/wp-json\/wp\/v2\/product"}],"about":[{"href":"https:\/\/e-led.lv\/lv\/wp-json\/wp\/v2\/types\/product"}],"version-history":[{"count":0,"href":"https:\/\/e-led.lv\/lv\/wp-json\/wp\/v2\/product\/18296\/revisions"}],"wp:featuredmedia":[{"embeddable":true,"href":"https:\/\/e-led.lv\/lv\/wp-json\/wp\/v2\/media\/10466"}],"wp:attachment":[{"href":"https:\/\/e-led.lv\/lv\/wp-json\/wp\/v2\/media?parent=18296"}],"wp:term":[{"taxonomy":"product_brand","embeddable":true,"href":"https:\/\/e-led.lv\/lv\/wp-json\/wp\/v2\/product_brand?post=18296"},{"taxonomy":"product_cat","embeddable":true,"href":"https:\/\/e-led.lv\/lv\/wp-json\/wp\/v2\/product_cat?post=18296"},{"taxonomy":"product_tag","embeddable":true,"href":"https:\/\/e-led.lv\/lv\/wp-json\/wp\/v2\/product_tag?post=18296"}],"curies":[{"name":"wp","href":"https:\/\/api.w.org\/{rel}","templated":true}]}}