{"id":18654,"date":"2021-02-16T18:46:49","date_gmt":"2021-02-16T15:46:49","guid":{"rendered":"http:\/\/e-led.lv\/?post_type=product&#038;p=18654"},"modified":"2021-05-27T19:21:06","modified_gmt":"2021-05-27T16:21:06","slug":"ledclassic-46w-50w-gu10-ww-230v-36d-nd-spuldze","status":"publish","type":"product","link":"https:\/\/e-led.lv\/lv\/ledclassic-46w-50w-gu10-ww-230v-36d-nd-spuldze\/","title":{"rendered":"LEDClassic 4,6W (50W) GU10 WW 230V 36D ND spuldze"},"content":{"rendered":"<h2>Parametri<\/h2>\n<table class=\"attributes\">\n<tbody>\n<tr>\n<td>Apr\u0113\u0137in\u0101tais kri\u0161anas le\u0146\u0137is<\/td>\n<td>36 gr\u0101di<\/td>\n<\/tr>\n<tr>\n<td>Augstums (mm)<\/td>\n<td>53<\/td>\n<\/tr>\n<tr>\n<td>Cokols<\/td>\n<td>GU10<\/td>\n<\/tr>\n<tr>\n<td>Diametrs (mm)<\/td>\n<td>50<\/td>\n<\/tr>\n<tr>\n<td>Ekvivalents kv\u0113ldiega spuldzei (W)<\/td>\n<td>50 W<\/td>\n<\/tr>\n<tr>\n<td>Energoefektivit\u0101tes klase<\/td>\n<td>A+<\/td>\n<\/tr>\n<tr>\n<td>Gaismas pl\u016bsma (lm)<\/td>\n<td>355 lm<\/td>\n<\/tr>\n<tr>\n<td>Iesl\u0113g\u0161anas ciklu skaits<\/td>\n<td>50000<\/td>\n<\/tr>\n<tr>\n<td>Jaudas pat\u0113ri\u0146\u0161 (W)<\/td>\n<td>4,6 W<\/td>\n<\/tr>\n<tr>\n<td>Kalpo\u0161anas laiks (h)<\/td>\n<td>15000<\/td>\n<\/tr>\n<tr>\n<td>Kr\u0101su atveido\u0161anas indekss (CRI)<\/td>\n<td>80<\/td>\n<\/tr>\n<tr>\n<td>Kr\u0101su temperat\u016bra (Kelvini)<\/td>\n<td>2700 K<\/td>\n<\/tr>\n<tr>\n<td>Spriegums<\/td>\n<td>220 &#8211; 240 V<\/td>\n<\/tr>\n<tr>\n<td>Veids<\/td>\n<td>LED<\/td>\n<\/tr>\n<tr>\n<td>Vid\u0113jais kalpo\u0161anas laiks (lietojot 2,7h dien\u0101)<\/td>\n<td>15 gadi<\/td>\n<\/tr>\n<tr>\n<td>Links<\/td>\n<td><a href=\"https:\/\/www.philips.lv\/c-p\/8718696582572\/led-prozektors\" target=\"_new\" rel=\"noopener\">https:\/\/www.philips.lv\/c-p\/8718696582572\/led-prozektors<\/a><\/td>\n<\/tr>\n<\/tbody>\n<\/table>\n","protected":false},"excerpt":{"rendered":"<p>LEDClassic 4,6W (50W)<\/p>\n","protected":false},"featured_media":18642,"template":"","meta":[],"product_brand":[],"product_cat":[107],"product_tag":[],"class_list":{"0":"post-18654","1":"product","2":"type-product","3":"status-publish","4":"has-post-thumbnail","6":"product_cat-led-spuldzes","8":"first","9":"instock","10":"taxable","11":"shipping-taxable","12":"purchasable","13":"product-type-simple"},"_links":{"self":[{"href":"https:\/\/e-led.lv\/lv\/wp-json\/wp\/v2\/product\/18654","targetHints":{"allow":["GET"]}}],"collection":[{"href":"https:\/\/e-led.lv\/lv\/wp-json\/wp\/v2\/product"}],"about":[{"href":"https:\/\/e-led.lv\/lv\/wp-json\/wp\/v2\/types\/product"}],"version-history":[{"count":0,"href":"https:\/\/e-led.lv\/lv\/wp-json\/wp\/v2\/product\/18654\/revisions"}],"wp:featuredmedia":[{"embeddable":true,"href":"https:\/\/e-led.lv\/lv\/wp-json\/wp\/v2\/media\/18642"}],"wp:attachment":[{"href":"https:\/\/e-led.lv\/lv\/wp-json\/wp\/v2\/media?parent=18654"}],"wp:term":[{"taxonomy":"product_brand","embeddable":true,"href":"https:\/\/e-led.lv\/lv\/wp-json\/wp\/v2\/product_brand?post=18654"},{"taxonomy":"product_cat","embeddable":true,"href":"https:\/\/e-led.lv\/lv\/wp-json\/wp\/v2\/product_cat?post=18654"},{"taxonomy":"product_tag","embeddable":true,"href":"https:\/\/e-led.lv\/lv\/wp-json\/wp\/v2\/product_tag?post=18654"}],"curies":[{"name":"wp","href":"https:\/\/api.w.org\/{rel}","templated":true}]}}