{"id":20060,"date":"2021-03-11T18:36:01","date_gmt":"2021-03-29T15:24:01","guid":{"rendered":"http:\/\/e-led.lv\/product\/25w-m-led-elastiga-sloksne-luxsonn-2835-dc24-120-led-m-2249lm-m-3000k-silti-balta\/"},"modified":"2021-03-29T18:24:03","modified_gmt":"2021-03-29T15:24:03","slug":"25w-m-led-flex-strip-luxsonn-2835-dc24-120-led-m-2249lm-m-3000k-silts-balts","status":"publish","type":"product","link":"https:\/\/e-led.lv\/lv\/25w-m-led-flex-strip-luxsonn-2835-dc24-120-led-m-2249lm-m-3000k-silts-balts\/","title":{"rendered":"25W \/ m LED elast\u012bg\u0101 sloksne LUXSONN, 2835, DC24, 120 LED \/ m, 2249lm \/ m, (3000K) silti balta"},"content":{"rendered":"<div class=\"vendor\">Ra\u017eot\u0101js:<b> AKTO<\/b><\/div>\n<div class=\"vendor\">Iepakojuma izm\u0113ri (GxAxP):<b> 30 x 10 x 30 mm<\/b><br \/>\nApjoms:<b> 0,0000090 m\u00b3<\/b><br \/>\nSvars:<b> 0,015 kg<\/b><br \/>\nGarantija:<b> 5<\/b><b> <\/b><b>gadiem<\/b><\/div>\n<div><\/div>\n<div>\n<table width=\"397\">\n<tbody>\n<tr>\n<td width=\"239\"><span data-language-for-alternatives=\"en\" data-language-to-translate-into=\"auto\" data-phrase-index=\"0\">Jauda:<\/span><\/td>\n<td width=\"158\"><span data-language-for-alternatives=\"en\" data-language-to-translate-into=\"auto\" data-phrase-index=\"0\">25 W<\/span><\/td>\n<\/tr>\n<tr>\n<td><span data-language-for-alternatives=\"en\" data-language-to-translate-into=\"auto\" data-phrase-index=\"2\">Gaismas pl\u016bsma:<\/span><\/td>\n<td><span data-language-for-alternatives=\"en\" data-language-to-translate-into=\"auto\" data-phrase-index=\"2\">2494 lm<\/span><\/td>\n<\/tr>\n<tr>\n<td><span data-language-for-alternatives=\"en\" data-language-to-translate-into=\"auto\" data-phrase-index=\"18\">Kr\u0101sas temperat\u016bra (K):<\/span><\/td>\n<td><span data-language-for-alternatives=\"en\" data-language-to-translate-into=\"auto\" data-phrase-index=\"4\">3000 K<\/span><\/td>\n<\/tr>\n<tr>\n<td><span data-language-for-alternatives=\"en\" data-language-to-translate-into=\"auto\" data-phrase-index=\"20\">Sijas le\u0146\u0137is (deg):<\/span><\/td>\n<td><span data-language-for-alternatives=\"en\" data-language-to-translate-into=\"auto\" data-phrase-index=\"6\">120 \u00b0<\/span><\/td>\n<\/tr>\n<tr>\n<td><span data-language-for-alternatives=\"en\" data-language-to-translate-into=\"auto\" data-phrase-index=\"8\">LED tips:<\/span><\/td>\n<td><span data-language-for-alternatives=\"en\" data-language-to-translate-into=\"auto\" data-phrase-index=\"8\">SMD 2835<\/span><\/td>\n<\/tr>\n<tr>\n<td><span data-language-for-alternatives=\"en\" data-language-to-translate-into=\"auto\" data-phrase-index=\"10\">Gaismas diodes uz metru:<\/span><\/td>\n<td><span data-language-for-alternatives=\"en\" data-language-to-translate-into=\"auto\" data-phrase-index=\"10\">120 gaismas diodes \/ m<\/span><\/td>\n<\/tr>\n<tr>\n<td><span data-language-for-alternatives=\"en\" data-language-to-translate-into=\"auto\" data-phrase-index=\"12\">L\u012bdzstr\u0101vas spriegums (DC):<\/span><\/td>\n<td><span data-language-for-alternatives=\"en\" data-language-to-translate-into=\"auto\" data-phrase-index=\"12\">24 V<\/span><\/td>\n<\/tr>\n<tr>\n<td><span data-language-for-alternatives=\"en\" data-language-to-translate-into=\"auto\" data-phrase-index=\"14\">Putek\u013cu un \u016bdens iztur\u012bbas klase (IP):<\/span><\/td>\n<td><span data-language-for-alternatives=\"en\" data-language-to-translate-into=\"auto\" data-phrase-index=\"14\">20<\/span><\/td>\n<\/tr>\n<tr>\n<td><span data-language-for-alternatives=\"en\" data-language-to-translate-into=\"auto\" data-phrase-index=\"22\">IP klase:<\/span><\/td>\n<td><span data-language-for-alternatives=\"en\" data-language-to-translate-into=\"auto\" data-phrase-index=\"22\">20<\/span><\/td>\n<\/tr>\n<tr>\n<td><span data-language-for-alternatives=\"en\" data-language-to-translate-into=\"auto\" data-phrase-index=\"26\">LED tips:<\/span><\/td>\n<td><span data-language-for-alternatives=\"en\" data-language-to-translate-into=\"auto\" data-phrase-index=\"26\">2835, mitrumiztur\u012bgs<\/span><\/td>\n<\/tr>\n<\/tbody>\n<\/table>\n<\/div>\n","protected":false},"excerpt":{"rendered":"<p>25W \/ m LED lente LUXSONN, SAMSUNG diodes 2835, DC24, 120 LED \/ m, (3000K) silti balta. Izgrieziet ik p\u0113c 5 cm (5 diodes).<\/p>\n<p><em><strong>Cena ir par 1m<\/strong><\/em><\/p>\n","protected":false},"featured_media":19737,"template":"","meta":[],"product_brand":[],"product_cat":[109],"product_tag":[],"class_list":{"0":"post-20060","1":"product","2":"type-product","3":"status-publish","4":"has-post-thumbnail","6":"product_cat-led-lentas","8":"first","9":"instock","10":"taxable","11":"shipping-taxable","12":"purchasable","13":"product-type-simple"},"_links":{"self":[{"href":"https:\/\/e-led.lv\/lv\/wp-json\/wp\/v2\/product\/20060","targetHints":{"allow":["GET"]}}],"collection":[{"href":"https:\/\/e-led.lv\/lv\/wp-json\/wp\/v2\/product"}],"about":[{"href":"https:\/\/e-led.lv\/lv\/wp-json\/wp\/v2\/types\/product"}],"version-history":[{"count":0,"href":"https:\/\/e-led.lv\/lv\/wp-json\/wp\/v2\/product\/20060\/revisions"}],"wp:featuredmedia":[{"embeddable":true,"href":"https:\/\/e-led.lv\/lv\/wp-json\/wp\/v2\/media\/19737"}],"wp:attachment":[{"href":"https:\/\/e-led.lv\/lv\/wp-json\/wp\/v2\/media?parent=20060"}],"wp:term":[{"taxonomy":"product_brand","embeddable":true,"href":"https:\/\/e-led.lv\/lv\/wp-json\/wp\/v2\/product_brand?post=20060"},{"taxonomy":"product_cat","embeddable":true,"href":"https:\/\/e-led.lv\/lv\/wp-json\/wp\/v2\/product_cat?post=20060"},{"taxonomy":"product_tag","embeddable":true,"href":"https:\/\/e-led.lv\/lv\/wp-json\/wp\/v2\/product_tag?post=20060"}],"curies":[{"name":"wp","href":"https:\/\/api.w.org\/{rel}","templated":true}]}}