{"id":20069,"date":"2021-03-11T18:30:00","date_gmt":"2021-03-29T15:26:32","guid":{"rendered":"http:\/\/e-led.lv\/product\/150w-barosanas-avots-pos-slim-24v-ip20-dali-push\/"},"modified":"2021-03-29T18:26:33","modified_gmt":"2021-03-29T15:26:33","slug":"150w-barosanas-avots-pos-slim-24v-ip20-dali-push","status":"publish","type":"product","link":"https:\/\/e-led.lv\/lv\/150w-barosanas-avots-pos-slim-24v-ip20-dali-push\/","title":{"rendered":"150W baro\u0161anas avots POS SLIM, 24V, IP20, DALI \/ PUSH"},"content":{"rendered":"<div class=\"vendor\">Ra\u017eot\u0101js:<b> GLP<\/b><\/div>\n<div class=\"vendor\">Iepakojuma izm\u0113ri (GxAxP):<b> 362 x 22 x 30 mm<\/b><br \/>\nApjoms:<b> 0,00023892 m\u00b3<\/b><br \/>\nSvars:<b> 0,200 kg<\/b><br \/>\nGarantija:<b> 5<\/b><b> <\/b><b>gadiem<\/b><\/div>\n<div><\/div>\n<div>\n<table width=\"397\">\n<tbody>\n<tr>\n<td width=\"239\">IP klase:<\/td>\n<td width=\"158\">20<\/td>\n<\/tr>\n<tr>\n<td width=\"239\">Garums (cm):<\/td>\n<td width=\"158\">36,5<\/td>\n<\/tr>\n<tr>\n<td width=\"239\">Platums (cm):<\/td>\n<td width=\"158\">3<\/td>\n<\/tr>\n<tr>\n<td width=\"239\">Augstums (cm):<\/td>\n<td width=\"158\">2,1<\/td>\n<\/tr>\n<tr>\n<td><span data-language-for-alternatives=\"en\" data-language-to-translate-into=\"auto\" data-phrase-index=\"6\">Apk\u0101rt\u0113j\u0101s vides temperat\u016bra:<\/span><\/td>\n<td><span data-language-for-alternatives=\"en\" data-language-to-translate-into=\"auto\" data-phrase-index=\"8\">-40 \u00b0 C \u00f7 + 45 \u00b0 C<\/span><\/td>\n<\/tr>\n<tr>\n<td width=\"239\">Pa\u0161reiz\u0113jais:<\/td>\n<td width=\"158\">6,25<\/td>\n<\/tr>\n<tr>\n<td width=\"239\">Darba spriegums (V):<\/td>\n<td><span data-language-for-alternatives=\"en\" data-language-to-translate-into=\"auto\" data-phrase-index=\"0\">24V<\/span><\/td>\n<\/tr>\n<tr>\n<td><span data-language-for-alternatives=\"en\" data-language-to-translate-into=\"auto\" data-phrase-index=\"14\">Svars (kg):<\/span><\/td>\n<td><span data-language-for-alternatives=\"en\" data-language-to-translate-into=\"auto\" data-phrase-index=\"14\">0.2<\/span><\/td>\n<\/tr>\n<tr>\n<td width=\"239\">Aptum\u0161o\u0161ana:<\/td>\n<td><span data-language-for-alternatives=\"en\" data-language-to-translate-into=\"auto\" data-phrase-index=\"16\">DALI \/ PUSH<\/span><\/td>\n<\/tr>\n<\/tbody>\n<\/table>\n<\/div>\n","protected":false},"excerpt":{"rendered":"<p>150W baro\u0161anas avots POS SLIM, 24V, IP20, DALI \/ PUSH<\/p>\n","protected":false},"featured_media":19732,"template":"","meta":[],"product_brand":[],"product_cat":[135],"product_tag":[],"class_list":{"0":"post-20069","1":"product","2":"type-product","3":"status-publish","4":"has-post-thumbnail","6":"product_cat-led-barosanas-bloki","8":"first","9":"instock","10":"taxable","11":"shipping-taxable","12":"purchasable","13":"product-type-simple"},"_links":{"self":[{"href":"https:\/\/e-led.lv\/lv\/wp-json\/wp\/v2\/product\/20069","targetHints":{"allow":["GET"]}}],"collection":[{"href":"https:\/\/e-led.lv\/lv\/wp-json\/wp\/v2\/product"}],"about":[{"href":"https:\/\/e-led.lv\/lv\/wp-json\/wp\/v2\/types\/product"}],"version-history":[{"count":0,"href":"https:\/\/e-led.lv\/lv\/wp-json\/wp\/v2\/product\/20069\/revisions"}],"wp:featuredmedia":[{"embeddable":true,"href":"https:\/\/e-led.lv\/lv\/wp-json\/wp\/v2\/media\/19732"}],"wp:attachment":[{"href":"https:\/\/e-led.lv\/lv\/wp-json\/wp\/v2\/media?parent=20069"}],"wp:term":[{"taxonomy":"product_brand","embeddable":true,"href":"https:\/\/e-led.lv\/lv\/wp-json\/wp\/v2\/product_brand?post=20069"},{"taxonomy":"product_cat","embeddable":true,"href":"https:\/\/e-led.lv\/lv\/wp-json\/wp\/v2\/product_cat?post=20069"},{"taxonomy":"product_tag","embeddable":true,"href":"https:\/\/e-led.lv\/lv\/wp-json\/wp\/v2\/product_tag?post=20069"}],"curies":[{"name":"wp","href":"https:\/\/api.w.org\/{rel}","templated":true}]}}