{"id":20071,"date":"2021-03-11T18:27:03","date_gmt":"2021-03-29T15:27:00","guid":{"rendered":"http:\/\/e-led.lv\/product\/100w-barosanas-avots-pos-slim-24v-ip20-dali-push\/"},"modified":"2021-03-29T18:27:00","modified_gmt":"2021-03-29T15:27:00","slug":"100w-barosanas-avots-pos-slim-24v-ip20-dali-push","status":"publish","type":"product","link":"https:\/\/e-led.lv\/lv\/100w-barosanas-avots-pos-slim-24v-ip20-dali-push\/","title":{"rendered":"100W baro\u0161anas avots POS SLIM, 24V, IP20, DALI \/ PUSH"},"content":{"rendered":"<div class=\"vendor\">Ra\u017eot\u0101js:<b> GLP<\/b><\/div>\n<div class=\"vendor\">Iepakojuma izm\u0113ri (GxAxP):<b> 321 x 19 x 30 mm<\/b><br \/>\nApjoms:<b> 0,00018297 m\u00b3<\/b><br \/>\nSvars:<b> 0,250 kg<\/b><br \/>\nGarantija:<b> 5<\/b><b> <\/b><b>gadiem<\/b><\/div>\n<div><\/div>\n<div>\n<table width=\"397\">\n<tbody>\n<tr>\n<td width=\"239\">IP klase:<\/td>\n<td width=\"158\">20<\/td>\n<\/tr>\n<tr>\n<td width=\"239\">Garums (cm):<\/td>\n<td width=\"158\">32,1<\/td>\n<\/tr>\n<tr>\n<td width=\"239\">Platums (cm):<\/td>\n<td width=\"158\">3<\/td>\n<\/tr>\n<tr>\n<td width=\"239\">Augstums (cm):<\/td>\n<td width=\"158\">1,9<\/td>\n<\/tr>\n<tr>\n<td><span data-language-for-alternatives=\"en\" data-language-to-translate-into=\"auto\" data-phrase-index=\"6\">Apk\u0101rt\u0113j\u0101s vides temperat\u016bra:<\/span><\/td>\n<td><span data-language-for-alternatives=\"en\" data-language-to-translate-into=\"auto\" data-phrase-index=\"6\">-20 \u00b0 C \u00f7 + 45 \u00b0 C<\/span><\/td>\n<\/tr>\n<tr>\n<td width=\"239\">Pa\u0161reiz\u0113jais:<\/td>\n<td width=\"158\">4,17<\/td>\n<\/tr>\n<tr>\n<td width=\"239\">Darba spriegums (V):<\/td>\n<td><span data-language-for-alternatives=\"en\" data-language-to-translate-into=\"auto\" data-phrase-index=\"0\">24V<\/span><\/td>\n<\/tr>\n<tr>\n<td width=\"239\">Aptum\u0161o\u0161ana:<\/td>\n<td><span data-language-for-alternatives=\"en\" data-language-to-translate-into=\"auto\" data-phrase-index=\"0\">DALI, PUSH<\/span><\/td>\n<\/tr>\n<\/tbody>\n<\/table>\n<\/div>\n","protected":false},"excerpt":{"rendered":"<p>100W baro\u0161anas avots POS SLIM, 24V, IP20, DALI \/ PUSH<\/p>\n","protected":false},"featured_media":19727,"template":"","meta":[],"product_brand":[],"product_cat":[135],"product_tag":[],"class_list":{"0":"post-20071","1":"product","2":"type-product","3":"status-publish","4":"has-post-thumbnail","6":"product_cat-led-barosanas-bloki","8":"first","9":"instock","10":"taxable","11":"shipping-taxable","12":"purchasable","13":"product-type-simple"},"_links":{"self":[{"href":"https:\/\/e-led.lv\/lv\/wp-json\/wp\/v2\/product\/20071","targetHints":{"allow":["GET"]}}],"collection":[{"href":"https:\/\/e-led.lv\/lv\/wp-json\/wp\/v2\/product"}],"about":[{"href":"https:\/\/e-led.lv\/lv\/wp-json\/wp\/v2\/types\/product"}],"version-history":[{"count":0,"href":"https:\/\/e-led.lv\/lv\/wp-json\/wp\/v2\/product\/20071\/revisions"}],"wp:featuredmedia":[{"embeddable":true,"href":"https:\/\/e-led.lv\/lv\/wp-json\/wp\/v2\/media\/19727"}],"wp:attachment":[{"href":"https:\/\/e-led.lv\/lv\/wp-json\/wp\/v2\/media?parent=20071"}],"wp:term":[{"taxonomy":"product_brand","embeddable":true,"href":"https:\/\/e-led.lv\/lv\/wp-json\/wp\/v2\/product_brand?post=20071"},{"taxonomy":"product_cat","embeddable":true,"href":"https:\/\/e-led.lv\/lv\/wp-json\/wp\/v2\/product_cat?post=20071"},{"taxonomy":"product_tag","embeddable":true,"href":"https:\/\/e-led.lv\/lv\/wp-json\/wp\/v2\/product_tag?post=20071"}],"curies":[{"name":"wp","href":"https:\/\/api.w.org\/{rel}","templated":true}]}}