{"id":20086,"date":"2021-03-11T16:56:06","date_gmt":"2021-03-29T15:40:14","guid":{"rendered":"http:\/\/e-led.lv\/product\/100w-led-barosanas-avots-nozime-24v-ip67\/"},"modified":"2021-03-29T18:40:14","modified_gmt":"2021-03-29T15:40:14","slug":"100w-vadits-barosanas-avots-videjais-labi-24v-ip67","status":"publish","type":"product","link":"https:\/\/e-led.lv\/lv\/100w-vadits-barosanas-avots-videjais-labi-24v-ip67\/","title":{"rendered":"100W LED baro\u0161anas avots noz\u012bm\u0113 24V IP67"},"content":{"rendered":"<div class=\"vendor\">Ra\u017eot\u0101js:<b> Noz\u012bm\u0113 labi<\/b><\/div>\n<div class=\"vendor\">Iepakojuma izm\u0113ri (GxAxP):<b> 190 x 52 x 37 mm<\/b><br \/>\nApjoms:<b> 0,00036556 m\u00b3<\/b><br \/>\nSvars:<b> 0,644 kg<\/b><br \/>\nGarantija:<b> 3<\/b><b> <\/b><b>gadiem<\/b><\/div>\n<div><\/div>\n<div>\n<table border=\"0\" width=\"504\" cellspacing=\"2\" cellpadding=\"0\">\n<tbody>\n<tr>\n<td class=\"option-name\" align=\"right\">Putek\u013cu un \u016bdens iztur\u012bbas klase (IP):<\/td>\n<td class=\"option-value\" align=\"left\">67<\/td>\n<\/tr>\n<tr>\n<td class=\"option-name\" align=\"right\">IP klase:<\/td>\n<td class=\"option-value\" align=\"left\">IP67<\/td>\n<\/tr>\n<tr>\n<td class=\"option-name\" align=\"right\">M\u0113r\u012bjumi:<\/td>\n<td class=\"option-value\" align=\"left\">190x52x37 mm<\/td>\n<\/tr>\n<\/tbody>\n<\/table>\n<\/div>\n","protected":false},"excerpt":{"rendered":"<p>100W LED baro\u0161anas avots noz\u012bm\u0113 24V IP67<\/p>\n","protected":false},"featured_media":19602,"template":"","meta":[],"product_brand":[],"product_cat":[135],"product_tag":[],"class_list":{"0":"post-20086","1":"product","2":"type-product","3":"status-publish","4":"has-post-thumbnail","6":"product_cat-led-barosanas-bloki","8":"first","9":"instock","10":"taxable","11":"shipping-taxable","12":"purchasable","13":"product-type-simple"},"_links":{"self":[{"href":"https:\/\/e-led.lv\/lv\/wp-json\/wp\/v2\/product\/20086","targetHints":{"allow":["GET"]}}],"collection":[{"href":"https:\/\/e-led.lv\/lv\/wp-json\/wp\/v2\/product"}],"about":[{"href":"https:\/\/e-led.lv\/lv\/wp-json\/wp\/v2\/types\/product"}],"version-history":[{"count":0,"href":"https:\/\/e-led.lv\/lv\/wp-json\/wp\/v2\/product\/20086\/revisions"}],"wp:featuredmedia":[{"embeddable":true,"href":"https:\/\/e-led.lv\/lv\/wp-json\/wp\/v2\/media\/19602"}],"wp:attachment":[{"href":"https:\/\/e-led.lv\/lv\/wp-json\/wp\/v2\/media?parent=20086"}],"wp:term":[{"taxonomy":"product_brand","embeddable":true,"href":"https:\/\/e-led.lv\/lv\/wp-json\/wp\/v2\/product_brand?post=20086"},{"taxonomy":"product_cat","embeddable":true,"href":"https:\/\/e-led.lv\/lv\/wp-json\/wp\/v2\/product_cat?post=20086"},{"taxonomy":"product_tag","embeddable":true,"href":"https:\/\/e-led.lv\/lv\/wp-json\/wp\/v2\/product_tag?post=20086"}],"curies":[{"name":"wp","href":"https:\/\/api.w.org\/{rel}","templated":true}]}}