{"id":20103,"date":"2021-03-10T21:17:40","date_gmt":"2021-03-29T15:51:49","guid":{"rendered":"http:\/\/e-led.lv\/product\/hs-vacins-matets\/"},"modified":"2021-03-29T18:51:49","modified_gmt":"2021-03-29T15:51:49","slug":"hs-vaks-matets","status":"publish","type":"product","link":"https:\/\/e-led.lv\/lv\/hs-vaks-matets\/","title":{"rendered":"HS v\u0101ci\u0146\u0161 mat\u0113ts"},"content":{"rendered":"<div class=\"col-xxl-6 col-xl-6 col-lg-6 col-md-6 col-sm-12 col-xs-12 col-xxs-12 left-column\">\n<div class=\"product-details-description\">\n<p>P\u0101rkl\u0101jums ar unik\u0101l\u0101m, tirg\u016b nep\u0101rsp\u0113jam\u0101m \u012bpa\u0161\u012bb\u0101m, kas pieejams tikai KLUS Company. Tam ir \u013coti laba gaismas izkliede. Pateicoties HS v\u0101ci\u0146am, j\u016bs varat sasniegt gaismas l\u012bniju bez redzamiem punktiem (ja to izmantojat ar 140 LED \/ M lenti PDS4-ALU ekstr\u016bzij\u0101). Hermetiz\u0113jot ekstr\u016bzijas, iesak\u0101m izmantot HS v\u0101ci\u0146u.<\/p>\n<p>HS v\u0101ks p\u0113c konstrukcijas ir stingr\u0101ks nek\u0101 p\u0101r\u0113jie v\u0101ki. Tas ir ide\u0101li piem\u0113rots t\u0101du gaismas dio\u017eu gaismek\u013cu izgatavo\u0161anai, kuri ir pak\u013cauti vibr\u0101cij\u0101m. Vi\u0146i cie\u0161i iek\u013caujas ekstr\u016bzij\u0101. HS p\u0101rsegi tika p\u0101rbaud\u012bti ekstrem\u0101los klimatiskajos apst\u0101k\u013cos. Kop\u0101 ar citiem testiem vi\u0146i tika pak\u013cauti saulei Florid\u0101 un Singap\u016br\u0101.<\/p>\n<p>Gaismas caurlaid\u012bba: 70% *<br \/>\nHS p\u0101rsegs var iztur\u0113t augstu temperat\u016bru 120C \/ 248F.<\/p>\n<p>* procentos nor\u0101d\u012bt\u0101s v\u0113rt\u012bbas ir aptuvenas v\u0113rt\u012bbas, un at\u0161\u0137ir\u012bgo optisko par\u0101d\u012bbu d\u0113\u013c, kas notiek da\u017e\u0101dos ekstr\u016bzijos, \u0161\u012bs v\u0113rt\u012bbas var nedaudz at\u0161\u0137irties.<\/p>\n<\/div>\n<\/div>\n<table class=\"table table-sm table-striped\">\n<tbody>\n<tr>\n<td>Materi\u0101ls<\/td>\n<td>Dators<\/td>\n<\/tr>\n<tr>\n<td>Pieejamais garums<\/td>\n<td>39,4 &#8220;, 78,75&#8221;, 118,11 &#8220;<\/td>\n<\/tr>\n<tr>\n<td>UV iztur\u012bba<\/td>\n<td>J\u0101<\/td>\n<\/tr>\n<\/tbody>\n<\/table>\n<div><\/div>\n<div>\n<p><img decoding=\"async\" class=\"img-fluid\" src=\"https:\/\/klusdesign.com\/files\/c3791845-7254-4b62-ad15-ff44f0f6c15d\/Cover%20HS.png\" alt=\"\"><\/p>\n<p>&nbsp;<\/p>\n<p><a href=\"http:\/\/e-led.lv\/wp-content\/uploads\/2021\/03\/Product_card_HS_Cover_frosted.pdf\"><strong data-wp-editing=\"1\"><img decoding=\"async\" class=\" wd-lazy-fade wp-image-10558 alignnone\" role=\"img\" src=\"https:\/\/e-led.lv\/wp-content\/themes\/woodmart\/images\/lazy.svg\" data-src=\"http:\/\/e-led.lv\/wp-content\/uploads\/\/2020\/11\/file-pdf-regular.svg\" alt=\"\" width=\"22\" height=\"29\"> Specifik\u0101cijas lapa (pdf)<\/strong><\/a><\/p>\n<\/div>\n","protected":false},"excerpt":{"rendered":"<p style=\"text-align: center;\">Divpus\u0113ja UV aizsardz\u012bba (\u013coti laba iztur\u012bba pret laika apst\u0101k\u013ciem)<\/p>\n<p style=\"text-align: center;\">Laba ugunsiztur\u012bba un \u013coti laba meh\u0101nisk\u0101 iztur\u012bba<\/p>\n<p style=\"text-align: center;\">Laba ugunsiztur\u012bgo klase &#8211; iztur\u012bba<\/p>\n<p style=\"text-align: center;\"><em><strong>Cena par metru<\/strong><\/em><\/p>\n","protected":false},"featured_media":19299,"template":"","meta":[],"product_brand":[],"product_cat":[129],"product_tag":[],"class_list":{"0":"post-20103","1":"product","2":"type-product","3":"status-publish","4":"has-post-thumbnail","6":"product_cat-led-profilis","8":"first","9":"instock","10":"taxable","11":"shipping-taxable","12":"purchasable","13":"product-type-simple"},"_links":{"self":[{"href":"https:\/\/e-led.lv\/lv\/wp-json\/wp\/v2\/product\/20103","targetHints":{"allow":["GET"]}}],"collection":[{"href":"https:\/\/e-led.lv\/lv\/wp-json\/wp\/v2\/product"}],"about":[{"href":"https:\/\/e-led.lv\/lv\/wp-json\/wp\/v2\/types\/product"}],"version-history":[{"count":0,"href":"https:\/\/e-led.lv\/lv\/wp-json\/wp\/v2\/product\/20103\/revisions"}],"wp:featuredmedia":[{"embeddable":true,"href":"https:\/\/e-led.lv\/lv\/wp-json\/wp\/v2\/media\/19299"}],"wp:attachment":[{"href":"https:\/\/e-led.lv\/lv\/wp-json\/wp\/v2\/media?parent=20103"}],"wp:term":[{"taxonomy":"product_brand","embeddable":true,"href":"https:\/\/e-led.lv\/lv\/wp-json\/wp\/v2\/product_brand?post=20103"},{"taxonomy":"product_cat","embeddable":true,"href":"https:\/\/e-led.lv\/lv\/wp-json\/wp\/v2\/product_cat?post=20103"},{"taxonomy":"product_tag","embeddable":true,"href":"https:\/\/e-led.lv\/lv\/wp-json\/wp\/v2\/product_tag?post=20103"}],"curies":[{"name":"wp","href":"https:\/\/api.w.org\/{rel}","templated":true}]}}