{"id":20105,"date":"2021-03-10T18:25:32","date_gmt":"2021-03-29T15:52:19","guid":{"rendered":"http:\/\/e-led.lv\/product\/pds4-alu-ekstruzija\/"},"modified":"2021-03-29T18:52:20","modified_gmt":"2021-03-29T15:52:20","slug":"pds4-alu-ekstruzija","status":"publish","type":"product","link":"https:\/\/e-led.lv\/lv\/pds4-alu-ekstruzija\/","title":{"rendered":"PDS4-ALU ekstr\u016bzija"},"content":{"rendered":"<h2><strong>Tehnisk\u0101 specifik\u0101cija<\/strong><\/h2>\n<div>\n<p><strong>Pieteikums<\/strong><\/p>\n<div class=\"customDiv\">\n<p>&#8211; paredz\u0113ts apgaismes \u0137erme\u0146u un apgaismojuma gaismek\u013cu b\u016bvniec\u012bbai. M\u0113bel\u0113s, izst\u0101d\u0113s, interjera dizaina elementos, piem\u0113ram, k\u0101p\u0146u pak\u0101pienos, platform\u0101s, plauktos, ni\u0161\u0101s utt.<br \/>\n&#8211; var iestr\u0101d\u0101t \u0161aur\u0101s riev\u0101s<br \/>\n&#8211; var izmantot \u0101r\u0113jam apgaismojumam aizz\u012bmogot\u0101 versij\u0101, iz\u0146emot gad\u012bjumus, kad tas b\u016btu pak\u013cauts iev\u0113rojamiem meh\u0101niskiem sp\u0113kiem<\/p>\n<\/div>\n<\/div>\n<div>\n<p><strong>Mont\u0101\u017ea<\/strong><\/p>\n<div class=\"customDiv\">\n<p>&#8211; var piestiprin\u0101t ar atbilsto\u0161i izv\u0113l\u0113t\u0101m stiprin\u0101juma l\u012bm\u0113m, profesion\u0101l\u0101m divpus\u0113j\u0101m l\u012bmlent\u0113m, met\u0101la un plastmasas stiprin\u0101juma kron\u0161teiniem, k\u0101 ar\u012b ar regul\u0113jam\u0101m stiprin\u0101juma kron\u0161teiniem<\/p>\n<p>Ar\u012b to var piestiprin\u0101t pie drywall pane\u013ciem, izmantojot PDS mont\u0101\u017eas atsperi.<\/p>\n<\/div>\n<\/div>\n<div>\n<p><img decoding=\"async\" class=\"img-fluid\" src=\"https:\/\/klusdesign.com\/files\/b52510d5-5833-41b9-a932-76615a4eae18\/pds-4-alu.png\" alt=\"\"><img decoding=\"async\" class=\"img-fluid\" src=\"https:\/\/klusdesign.com\/files\/ee3d94c2-acab-4507-ace9-629ad3a0f75a\/mocownik%20pds-stn_profile%20rystech-pds-4-alu.png\" alt=\"\"><img decoding=\"async\" class=\"img-fluid\" src=\"https:\/\/klusdesign.com\/files\/03d8d835-c79a-4685-8dfb-37b3992e9032\/mocownik%20pl-pdm_profile%20rystech-pds-4-alu.png\" alt=\"\"><\/p>\n<p><img decoding=\"async\" class=\"img-fluid\" src=\"https:\/\/klusdesign.com\/files\/43f437ef-528c-4454-a6b9-21d37cec0038\/mocownik%20reg-pd-uv_profile%20rystech-pds-4-alu1.png\" alt=\"\"><img decoding=\"async\" class=\"img-fluid\" src=\"https:\/\/klusdesign.com\/files\/bac3c513-2a3e-4e1f-97d0-1c6c8d6f6d2c\/mocownik%20reg-pd-uv_profile%20rystech-pds-4-alu2.png\" alt=\"\"><img decoding=\"async\" class=\"img-fluid\" src=\"https:\/\/klusdesign.com\/files\/cecba9de-801a-4b11-809c-962920f8a963\/mocownik%20reg-pd-uv_profile%20rystech-pds-4-alu3.png\" alt=\"\"><\/p>\n<p>&nbsp;<\/p>\n<p><a href=\"http:\/\/e-led.lv\/wp-content\/uploads\/2021\/03\/Product_card_PDS4-ALU_Extrusion.pdf\"><strong data-wp-editing=\"1\"><img decoding=\"async\" class=\" wd-lazy-fade wp-image-10558 alignnone\" role=\"img\" src=\"https:\/\/e-led.lv\/wp-content\/themes\/woodmart\/images\/lazy.svg\" data-src=\"http:\/\/e-led.lv\/wp-content\/uploads\/\/2020\/11\/file-pdf-regular.svg\" alt=\"\" width=\"22\" height=\"29\"> Specifik\u0101cijas lapa (pdf)<\/strong><\/a><\/p>\n<\/div>\n","protected":false},"excerpt":{"rendered":"<p style=\"text-align: center;\">Mazi izm\u0113ri, viegli atbr\u012bvo siltumu, vienk\u0101r\u0161a mont\u0101\u017ea, viegls, videi draudz\u012bgs.<\/p>\n<p style=\"text-align: center;\"><em><strong>Cena par metru<\/strong><\/em><\/p>\n","protected":false},"featured_media":19265,"template":"","meta":[],"product_brand":[],"product_cat":[129],"product_tag":[],"class_list":{"0":"post-20105","1":"product","2":"type-product","3":"status-publish","4":"has-post-thumbnail","6":"product_cat-led-profilis","8":"first","9":"instock","10":"taxable","11":"shipping-taxable","12":"purchasable","13":"product-type-simple"},"_links":{"self":[{"href":"https:\/\/e-led.lv\/lv\/wp-json\/wp\/v2\/product\/20105","targetHints":{"allow":["GET"]}}],"collection":[{"href":"https:\/\/e-led.lv\/lv\/wp-json\/wp\/v2\/product"}],"about":[{"href":"https:\/\/e-led.lv\/lv\/wp-json\/wp\/v2\/types\/product"}],"version-history":[{"count":0,"href":"https:\/\/e-led.lv\/lv\/wp-json\/wp\/v2\/product\/20105\/revisions"}],"wp:featuredmedia":[{"embeddable":true,"href":"https:\/\/e-led.lv\/lv\/wp-json\/wp\/v2\/media\/19265"}],"wp:attachment":[{"href":"https:\/\/e-led.lv\/lv\/wp-json\/wp\/v2\/media?parent=20105"}],"wp:term":[{"taxonomy":"product_brand","embeddable":true,"href":"https:\/\/e-led.lv\/lv\/wp-json\/wp\/v2\/product_brand?post=20105"},{"taxonomy":"product_cat","embeddable":true,"href":"https:\/\/e-led.lv\/lv\/wp-json\/wp\/v2\/product_cat?post=20105"},{"taxonomy":"product_tag","embeddable":true,"href":"https:\/\/e-led.lv\/lv\/wp-json\/wp\/v2\/product_tag?post=20105"}],"curies":[{"name":"wp","href":"https:\/\/api.w.org\/{rel}","templated":true}]}}