{"id":20132,"date":"2021-03-11T17:54:51","date_gmt":"2021-03-29T16:01:57","guid":{"rendered":"http:\/\/e-led.lv\/product\/96-w-komutacijas-barosanas-avots-mean-well-24v-4a-pfc-ip67-kontrole-dali\/"},"modified":"2021-03-29T19:01:57","modified_gmt":"2021-03-29T16:01:57","slug":"96w-komutacijas-barosanas-avots-videjais-labi-24v-4a-pfc-ip67-kontrolets-dali","status":"publish","type":"product","link":"https:\/\/e-led.lv\/lv\/96w-komutacijas-barosanas-avots-videjais-labi-24v-4a-pfc-ip67-kontrolets-dali\/","title":{"rendered":"96 W komut\u0101cijas baro\u0161anas avots Mean Well, 24V, 4A, PFC, IP67, kontrol\u0113 DALI"},"content":{"rendered":"<div class=\"vendor\">Ra\u017eot\u0101js:<b> Noz\u012bm\u0113 labi<\/b><\/div>\n<div class=\"vendor\">Iepakojuma izm\u0113ri (GxAxP):<b> 199 x 36 x 63 mm<\/b><br \/>\nApjoms:<b> 0,000451332 m\u00b3<\/b><br \/>\nSvars:<b> 0,800 kg<\/b><br \/>\nGarantija:<b> 5<\/b><b> <\/b><b>gadiem<\/b><\/div>\n<div><\/div>\n<div>\n<table width=\"329\">\n<tbody>\n<tr>\n<td width=\"265\">Jauda:<\/td>\n<td width=\"64\">96 W<\/td>\n<\/tr>\n<tr>\n<td>Aptum\u0161o\u0161ana:<\/td>\n<td>DALI<\/td>\n<\/tr>\n<tr>\n<td>Mai\u0146str\u0101vas spriegums (AC):<\/td>\n<td>100-305 V<\/td>\n<\/tr>\n<tr>\n<td>L\u012bdzstr\u0101vas spriegums (DC):<\/td>\n<td>24 V<\/td>\n<\/tr>\n<tr>\n<td>Putek\u013cu un \u016bdens iztur\u012bbas klase (IP):<\/td>\n<td>67<\/td>\n<\/tr>\n<tr>\n<td>Augstums:<\/td>\n<td>35,5 mm<\/td>\n<\/tr>\n<tr>\n<td>Platums:<\/td>\n<td>63 mm<\/td>\n<\/tr>\n<tr>\n<td>Garums:<\/td>\n<td>199 mm<\/td>\n<\/tr>\n<\/tbody>\n<\/table>\n<\/div>\n","protected":false},"excerpt":{"rendered":"<p>96 W komut\u0101cijas baro\u0161anas avots Mean Well, 24V, 4A, PFC, IP67, kontrol\u0113 DALI<\/p>\n","protected":false},"featured_media":19659,"template":"","meta":[],"product_brand":[],"product_cat":[135],"product_tag":[],"class_list":{"0":"post-20132","1":"product","2":"type-product","3":"status-publish","4":"has-post-thumbnail","6":"product_cat-led-barosanas-bloki","8":"first","9":"instock","10":"taxable","11":"shipping-taxable","12":"purchasable","13":"product-type-simple"},"_links":{"self":[{"href":"https:\/\/e-led.lv\/lv\/wp-json\/wp\/v2\/product\/20132","targetHints":{"allow":["GET"]}}],"collection":[{"href":"https:\/\/e-led.lv\/lv\/wp-json\/wp\/v2\/product"}],"about":[{"href":"https:\/\/e-led.lv\/lv\/wp-json\/wp\/v2\/types\/product"}],"version-history":[{"count":0,"href":"https:\/\/e-led.lv\/lv\/wp-json\/wp\/v2\/product\/20132\/revisions"}],"wp:featuredmedia":[{"embeddable":true,"href":"https:\/\/e-led.lv\/lv\/wp-json\/wp\/v2\/media\/19659"}],"wp:attachment":[{"href":"https:\/\/e-led.lv\/lv\/wp-json\/wp\/v2\/media?parent=20132"}],"wp:term":[{"taxonomy":"product_brand","embeddable":true,"href":"https:\/\/e-led.lv\/lv\/wp-json\/wp\/v2\/product_brand?post=20132"},{"taxonomy":"product_cat","embeddable":true,"href":"https:\/\/e-led.lv\/lv\/wp-json\/wp\/v2\/product_cat?post=20132"},{"taxonomy":"product_tag","embeddable":true,"href":"https:\/\/e-led.lv\/lv\/wp-json\/wp\/v2\/product_tag?post=20132"}],"curies":[{"name":"wp","href":"https:\/\/api.w.org\/{rel}","templated":true}]}}