{"id":20135,"date":"2021-03-11T18:03:52","date_gmt":"2021-03-29T16:02:25","guid":{"rendered":"http:\/\/e-led.lv\/product\/150-w-barosanas-avots-mean-well-24v-ko-kontrole-dali-pfc-ip67-regulejams\/"},"modified":"2021-03-29T19:02:25","modified_gmt":"2021-03-29T16:02:25","slug":"150w-barosanas-avots-videji-24v-vadams-ar-dali-pfc-ip67-regulejams","status":"publish","type":"product","link":"https:\/\/e-led.lv\/lv\/150w-barosanas-avots-videji-24v-vadams-ar-dali-pfc-ip67-regulejams\/","title":{"rendered":"150 W baro\u0161anas avots Mean Well 24V, ko kontrol\u0113 DALI PFC IP67, regul\u0113jams"},"content":{"rendered":"<div class=\"vendor\">Ra\u017eot\u0101js:<b> Noz\u012bm\u0113 labi<\/b><\/div>\n<div class=\"vendor\">Iepakojuma izm\u0113ri (GxAxP):<b> 219 x 36 x 63 mm<\/b><br \/>\nApjoms:<b> 0,000489794 m\u00b3<\/b><br \/>\nSvars:<b> 1,052 kg<\/b><\/div>\n<div><\/div>\n<div>\n<table width=\"397\">\n<tbody>\n<tr>\n<td width=\"239\"><span data-language-for-alternatives=\"en\" data-language-to-translate-into=\"auto\" data-phrase-index=\"0\">Jauda:<\/span><\/td>\n<td width=\"158\"><span data-language-for-alternatives=\"en\" data-language-to-translate-into=\"auto\" data-phrase-index=\"0\">150 W<\/span><\/td>\n<\/tr>\n<tr>\n<td width=\"239\"><span data-language-for-alternatives=\"en\" data-language-to-translate-into=\"auto\" data-phrase-index=\"2\">Putek\u013cu un \u016bdens iztur\u012bbas klase (IP):<\/span><\/td>\n<td width=\"158\">67<\/td>\n<\/tr>\n<tr>\n<td><span data-language-for-alternatives=\"en\" data-language-to-translate-into=\"auto\" data-phrase-index=\"6\">IP klase<\/span><\/td>\n<td width=\"158\">IP67<\/td>\n<\/tr>\n<tr>\n<td><span data-language-for-alternatives=\"en\" data-language-to-translate-into=\"auto\" data-phrase-index=\"10\">M\u0113r\u012bjumi<\/span><\/td>\n<td><span data-language-for-alternatives=\"en\" data-language-to-translate-into=\"auto\" data-phrase-index=\"6\">219x63x35,5mm mm<\/span><\/td>\n<\/tr>\n<\/tbody>\n<\/table>\n<\/div>\n","protected":false},"excerpt":{"rendered":"<p>150 W baro\u0161anas avots Mean Well 24V, ko kontrol\u0113 DALI PFC IP67, regul\u0113jams<\/p>\n","protected":false},"featured_media":19664,"template":"","meta":[],"product_brand":[],"product_cat":[135],"product_tag":[],"class_list":{"0":"post-20135","1":"product","2":"type-product","3":"status-publish","4":"has-post-thumbnail","6":"product_cat-led-barosanas-bloki","8":"first","9":"instock","10":"taxable","11":"shipping-taxable","12":"purchasable","13":"product-type-simple"},"_links":{"self":[{"href":"https:\/\/e-led.lv\/lv\/wp-json\/wp\/v2\/product\/20135","targetHints":{"allow":["GET"]}}],"collection":[{"href":"https:\/\/e-led.lv\/lv\/wp-json\/wp\/v2\/product"}],"about":[{"href":"https:\/\/e-led.lv\/lv\/wp-json\/wp\/v2\/types\/product"}],"version-history":[{"count":0,"href":"https:\/\/e-led.lv\/lv\/wp-json\/wp\/v2\/product\/20135\/revisions"}],"wp:featuredmedia":[{"embeddable":true,"href":"https:\/\/e-led.lv\/lv\/wp-json\/wp\/v2\/media\/19664"}],"wp:attachment":[{"href":"https:\/\/e-led.lv\/lv\/wp-json\/wp\/v2\/media?parent=20135"}],"wp:term":[{"taxonomy":"product_brand","embeddable":true,"href":"https:\/\/e-led.lv\/lv\/wp-json\/wp\/v2\/product_brand?post=20135"},{"taxonomy":"product_cat","embeddable":true,"href":"https:\/\/e-led.lv\/lv\/wp-json\/wp\/v2\/product_cat?post=20135"},{"taxonomy":"product_tag","embeddable":true,"href":"https:\/\/e-led.lv\/lv\/wp-json\/wp\/v2\/product_tag?post=20135"}],"curies":[{"name":"wp","href":"https:\/\/api.w.org\/{rel}","templated":true}]}}