{"id":20150,"date":"2021-03-11T16:52:22","date_gmt":"2021-03-29T16:07:49","guid":{"rendered":"http:\/\/e-led.lv\/product\/75w-led-barosanas-avots-glsv-24v-ip67\/"},"modified":"2021-03-29T19:07:49","modified_gmt":"2021-03-29T16:07:49","slug":"75w-vadits-barosanas-avots-glsv-24v-ip67","status":"publish","type":"product","link":"https:\/\/e-led.lv\/lv\/75w-vadits-barosanas-avots-glsv-24v-ip67\/","title":{"rendered":"75W LED baro\u0161anas avots GLSV 24V IP67"},"content":{"rendered":"<div class=\"vendor\">Ra\u017eot\u0101js:<b> GLP<\/b><\/div>\n<div class=\"vendor\">Iepakojuma izm\u0113ri (GxAxP):<b> 164 x 39 x 68 mm<\/b><br \/>\nApjoms:<b> 0,000434928 m\u00b3<\/b><br \/>\nSvars:<b> 0,680 kg<\/b><br \/>\nGarantija:<b> 5<\/b><b> <\/b><b>gadiem<\/b><\/div>\n<div><\/div>\n<div>\n<table border=\"0\" width=\"504\" cellspacing=\"2\" cellpadding=\"0\">\n<tbody>\n<tr>\n<td class=\"option-name\" align=\"right\">IP klase:<\/td>\n<td class=\"option-value\" align=\"left\">67<\/td>\n<\/tr>\n<tr>\n<td class=\"option-name\" align=\"right\"><span class=\"VIiyi\" lang=\"en\"><span class=\"JLqJ4b ChMk0b\" data-language-for-alternatives=\"en\" data-language-to-translate-into=\"auto\" data-phrase-index=\"2\">Kalpo\u0161anas laiks (h)<\/span><\/span> :<\/td>\n<td class=\"option-value\" align=\"left\">50000<\/td>\n<\/tr>\n<tr>\n<td class=\"option-name\" align=\"right\"><span class=\"VIiyi\" lang=\"en\"><span class=\"JLqJ4b ChMk0b\" data-language-for-alternatives=\"en\" data-language-to-translate-into=\"auto\" data-phrase-index=\"4\">Garums<\/span><\/span>(cm):<\/td>\n<td class=\"option-value\" align=\"left\">16,4<\/td>\n<\/tr>\n<tr>\n<td class=\"option-name\" align=\"right\"><span class=\"VIiyi\" lang=\"en\"><span class=\"JLqJ4b ChMk0b\" data-language-for-alternatives=\"en\" data-language-to-translate-into=\"auto\" data-phrase-index=\"6\">Platums<\/span><\/span>(cm):<\/td>\n<td class=\"option-value\" align=\"left\">6,8<\/td>\n<\/tr>\n<tr>\n<td class=\"option-name\" align=\"right\"><span class=\"VIiyi\" lang=\"en\"><span class=\"JLqJ4b ChMk0b\" data-language-for-alternatives=\"en\" data-language-to-translate-into=\"auto\" data-phrase-index=\"8\">Augstums<\/span><\/span>(cm):<\/td>\n<td class=\"option-value\" align=\"left\">3,9<\/td>\n<\/tr>\n<tr>\n<td class=\"option-name\" align=\"right\">Apk\u0101rt\u0113j\u0101s vides temperat\u016bra:<\/td>\n<td class=\"option-value\" align=\"left\">-40 ~ 60 \u00b0 C<\/td>\n<\/tr>\n<tr>\n<td class=\"option-name\" align=\"right\">Darba spriegums (V):<\/td>\n<td class=\"option-value\" align=\"left\">24<\/td>\n<\/tr>\n<tr>\n<td class=\"option-name\" align=\"right\"><span class=\"VIiyi\" lang=\"en\"><span class=\"JLqJ4b ChMk0b\" data-language-for-alternatives=\"en\" data-language-to-translate-into=\"auto\" data-phrase-index=\"14\">Svars<\/span><\/span>(kg):<\/td>\n<td class=\"option-value\" align=\"left\">0,68<\/td>\n<\/tr>\n<\/tbody>\n<\/table>\n<\/div>\n","protected":false},"excerpt":{"rendered":"<p>75W LED baro\u0161anas avots GLSV 24V IP67<\/p>\n","protected":false},"featured_media":19597,"template":"","meta":[],"product_brand":[],"product_cat":[135],"product_tag":[],"class_list":{"0":"post-20150","1":"product","2":"type-product","3":"status-publish","4":"has-post-thumbnail","6":"product_cat-led-barosanas-bloki","8":"first","9":"instock","10":"taxable","11":"shipping-taxable","12":"purchasable","13":"product-type-simple"},"_links":{"self":[{"href":"https:\/\/e-led.lv\/lv\/wp-json\/wp\/v2\/product\/20150","targetHints":{"allow":["GET"]}}],"collection":[{"href":"https:\/\/e-led.lv\/lv\/wp-json\/wp\/v2\/product"}],"about":[{"href":"https:\/\/e-led.lv\/lv\/wp-json\/wp\/v2\/types\/product"}],"version-history":[{"count":0,"href":"https:\/\/e-led.lv\/lv\/wp-json\/wp\/v2\/product\/20150\/revisions"}],"wp:featuredmedia":[{"embeddable":true,"href":"https:\/\/e-led.lv\/lv\/wp-json\/wp\/v2\/media\/19597"}],"wp:attachment":[{"href":"https:\/\/e-led.lv\/lv\/wp-json\/wp\/v2\/media?parent=20150"}],"wp:term":[{"taxonomy":"product_brand","embeddable":true,"href":"https:\/\/e-led.lv\/lv\/wp-json\/wp\/v2\/product_brand?post=20150"},{"taxonomy":"product_cat","embeddable":true,"href":"https:\/\/e-led.lv\/lv\/wp-json\/wp\/v2\/product_cat?post=20150"},{"taxonomy":"product_tag","embeddable":true,"href":"https:\/\/e-led.lv\/lv\/wp-json\/wp\/v2\/product_tag?post=20150"}],"curies":[{"name":"wp","href":"https:\/\/api.w.org\/{rel}","templated":true}]}}