{"id":20152,"date":"2021-03-11T16:44:09","date_gmt":"2021-03-29T16:08:30","guid":{"rendered":"http:\/\/e-led.lv\/product\/60w-barosanas-avots-glp-pos-slim-24v-mitrumizturigs-ip20\/"},"modified":"2021-03-29T19:08:30","modified_gmt":"2021-03-29T16:08:30","slug":"60w-barosanas-avots-glp-pos-slim-24v-mitrumizturigs-ip20","status":"publish","type":"product","link":"https:\/\/e-led.lv\/lv\/60w-barosanas-avots-glp-pos-slim-24v-mitrumizturigs-ip20\/","title":{"rendered":"60W baro\u0161anas avots GLP POS SLIM 24V, mitrumiztur\u012bgs (IP20)"},"content":{"rendered":"<div class=\"vendor\">Ra\u017eot\u0101js:<b> GLP<\/b><\/div>\n<div class=\"vendor\">Iepakojuma izm\u0113ri (GxAxP):<b> 251 x 16 x 30 mm<\/b><br \/>\nApjoms:<b> 0,00012048 m\u00b3<\/b><br \/>\nSvars:<b> 0,115 kg<\/b><br \/>\nGarantija:<b> 5<\/b><b> <\/b><b>gadiem<\/b><\/div>\n<div><\/div>\n<div>\n<table border=\"0\" width=\"504\" cellspacing=\"2\" cellpadding=\"0\">\n<tbody>\n<tr>\n<td class=\"option-name\" align=\"right\"><span class=\"VIiyi\" lang=\"en\"><span class=\"JLqJ4b ChMk0b\" data-language-for-alternatives=\"en\" data-language-to-translate-into=\"auto\" data-phrase-index=\"0\">Jauda<\/span><\/span> :<\/td>\n<td class=\"option-value\" align=\"left\">60 W<\/td>\n<\/tr>\n<tr>\n<td class=\"option-name\" align=\"right\"><span class=\"VIiyi\" lang=\"en\"><span class=\"JLqJ4b ChMk0b\" data-language-for-alternatives=\"en\" data-language-to-translate-into=\"auto\" data-phrase-index=\"2\">Putek\u013cu un \u016bdens iztur\u012bbas klase (IP)<\/span><\/span> :<\/td>\n<td class=\"option-value\" align=\"left\">20<\/td>\n<\/tr>\n<tr>\n<td class=\"option-name\" align=\"right\"><span class=\"VIiyi\" lang=\"en\"><span class=\"JLqJ4b ChMk0b\" data-language-for-alternatives=\"en\" data-language-to-translate-into=\"auto\" data-phrase-index=\"4\">Platums<\/span><\/span> :<\/td>\n<td class=\"option-value\" align=\"left\">30 mm<\/td>\n<\/tr>\n<tr>\n<td class=\"option-name\" align=\"right\">IP klase:<\/td>\n<td class=\"option-value\" align=\"left\">IP20<\/td>\n<\/tr>\n<tr>\n<td class=\"option-name\" align=\"right\">Platums:<\/td>\n<td class=\"option-value\" align=\"left\">30 mm<\/td>\n<\/tr>\n<tr>\n<td class=\"option-name\" align=\"right\">Frekvence (Hz):<\/td>\n<td class=\"option-value\" align=\"left\">50 \/ 60Hz Hz<\/td>\n<\/tr>\n<\/tbody>\n<\/table>\n<\/div>\n","protected":false},"excerpt":{"rendered":"<p>60W baro\u0161anas avots GLP POS SLIM 24V, mitrumiztur\u012bgs (IP20)<\/p>\n","protected":false},"featured_media":19587,"template":"","meta":[],"product_brand":[],"product_cat":[135],"product_tag":[],"class_list":{"0":"post-20152","1":"product","2":"type-product","3":"status-publish","4":"has-post-thumbnail","6":"product_cat-led-barosanas-bloki","8":"first","9":"instock","10":"taxable","11":"shipping-taxable","12":"purchasable","13":"product-type-simple"},"_links":{"self":[{"href":"https:\/\/e-led.lv\/lv\/wp-json\/wp\/v2\/product\/20152","targetHints":{"allow":["GET"]}}],"collection":[{"href":"https:\/\/e-led.lv\/lv\/wp-json\/wp\/v2\/product"}],"about":[{"href":"https:\/\/e-led.lv\/lv\/wp-json\/wp\/v2\/types\/product"}],"version-history":[{"count":0,"href":"https:\/\/e-led.lv\/lv\/wp-json\/wp\/v2\/product\/20152\/revisions"}],"wp:featuredmedia":[{"embeddable":true,"href":"https:\/\/e-led.lv\/lv\/wp-json\/wp\/v2\/media\/19587"}],"wp:attachment":[{"href":"https:\/\/e-led.lv\/lv\/wp-json\/wp\/v2\/media?parent=20152"}],"wp:term":[{"taxonomy":"product_brand","embeddable":true,"href":"https:\/\/e-led.lv\/lv\/wp-json\/wp\/v2\/product_brand?post=20152"},{"taxonomy":"product_cat","embeddable":true,"href":"https:\/\/e-led.lv\/lv\/wp-json\/wp\/v2\/product_cat?post=20152"},{"taxonomy":"product_tag","embeddable":true,"href":"https:\/\/e-led.lv\/lv\/wp-json\/wp\/v2\/product_tag?post=20152"}],"curies":[{"name":"wp","href":"https:\/\/api.w.org\/{rel}","templated":true}]}}