{"id":20156,"date":"2021-03-11T16:48:26","date_gmt":"2021-03-29T16:10:24","guid":{"rendered":"http:\/\/e-led.lv\/product\/75w-barosanas-avots-pos-slim-24v-ip20\/"},"modified":"2021-03-29T19:10:25","modified_gmt":"2021-03-29T16:10:25","slug":"75w-barosanas-avots-pos-slim-24v-ip20","status":"publish","type":"product","link":"https:\/\/e-led.lv\/lv\/75w-barosanas-avots-pos-slim-24v-ip20\/","title":{"rendered":"75W baro\u0161anas avots POS SLIM, 24V, IP20"},"content":{"rendered":"<div class=\"vendor\">Ra\u017eot\u0101js:<b> GLP<\/b><\/div>\n<div class=\"vendor\">Iepakojuma izm\u0113ri (GxAxP):<b> 321 x 19 x 30 mm<\/b><br \/>\nApjoms:<b> 0,00018297 m\u00b3<\/b><br \/>\nSvars:<b> 0,250 kg<\/b><br \/>\nGarantija:<b> 5<\/b><b> gadiem<\/b><\/div>\n<div><\/div>\n<div>\n<table border=\"0\" width=\"504\" cellspacing=\"2\" cellpadding=\"0\">\n<tbody>\n<tr>\n<td class=\"option-name\" align=\"right\">IP klase:<\/td>\n<td class=\"option-value\" align=\"left\">20<\/td>\n<\/tr>\n<tr>\n<td class=\"option-name\" align=\"right\"><span class=\"VIiyi\" lang=\"en\"><span class=\"JLqJ4b ChMk0b\" data-language-for-alternatives=\"en\" data-language-to-translate-into=\"auto\" data-phrase-index=\"0\">Garums<\/span><\/span>(cm):<\/td>\n<td class=\"option-value\" align=\"left\">32,1<\/td>\n<\/tr>\n<tr>\n<td class=\"option-name\" align=\"right\"><span class=\"VIiyi\" lang=\"en\"><span class=\"JLqJ4b ChMk0b\" data-language-for-alternatives=\"en\" data-language-to-translate-into=\"auto\" data-phrase-index=\"2\">Platums<\/span><\/span>(cm):<\/td>\n<td class=\"option-value\" align=\"left\">3<\/td>\n<\/tr>\n<tr>\n<td class=\"option-name\" align=\"right\"><span class=\"VIiyi\" lang=\"en\"><span class=\"JLqJ4b ChMk0b\" data-language-for-alternatives=\"en\" data-language-to-translate-into=\"auto\" data-phrase-index=\"4\">Augstums<\/span><\/span>(cm):<\/td>\n<td class=\"option-value\" align=\"left\">1,9<\/td>\n<\/tr>\n<tr>\n<td class=\"option-name\" align=\"right\">Apk\u0101rt\u0113j\u0101s vides temperat\u016bra:<\/td>\n<td class=\"option-value\" align=\"left\">-20 \u00b0 C \u00f7 + 45 \u00b0 C<\/td>\n<\/tr>\n<tr>\n<td class=\"option-name\" align=\"right\">Pa\u0161reiz\u0113jais:<\/td>\n<td class=\"option-value\" align=\"left\">3,13<\/td>\n<\/tr>\n<tr>\n<td class=\"option-name\" align=\"right\">Darba spriegums (V):<\/td>\n<td class=\"option-value\" align=\"left\">24<\/td>\n<\/tr>\n<\/tbody>\n<\/table>\n<\/div>\n","protected":false},"excerpt":{"rendered":"<p>75W baro\u0161anas avots POS SLIM, 24V, IP20<\/p>\n","protected":false},"featured_media":19592,"template":"","meta":[],"product_brand":[],"product_cat":[135],"product_tag":[],"class_list":{"0":"post-20156","1":"product","2":"type-product","3":"status-publish","4":"has-post-thumbnail","6":"product_cat-led-barosanas-bloki","8":"first","9":"instock","10":"taxable","11":"shipping-taxable","12":"purchasable","13":"product-type-simple"},"_links":{"self":[{"href":"https:\/\/e-led.lv\/lv\/wp-json\/wp\/v2\/product\/20156","targetHints":{"allow":["GET"]}}],"collection":[{"href":"https:\/\/e-led.lv\/lv\/wp-json\/wp\/v2\/product"}],"about":[{"href":"https:\/\/e-led.lv\/lv\/wp-json\/wp\/v2\/types\/product"}],"version-history":[{"count":0,"href":"https:\/\/e-led.lv\/lv\/wp-json\/wp\/v2\/product\/20156\/revisions"}],"wp:featuredmedia":[{"embeddable":true,"href":"https:\/\/e-led.lv\/lv\/wp-json\/wp\/v2\/media\/19592"}],"wp:attachment":[{"href":"https:\/\/e-led.lv\/lv\/wp-json\/wp\/v2\/media?parent=20156"}],"wp:term":[{"taxonomy":"product_brand","embeddable":true,"href":"https:\/\/e-led.lv\/lv\/wp-json\/wp\/v2\/product_brand?post=20156"},{"taxonomy":"product_cat","embeddable":true,"href":"https:\/\/e-led.lv\/lv\/wp-json\/wp\/v2\/product_cat?post=20156"},{"taxonomy":"product_tag","embeddable":true,"href":"https:\/\/e-led.lv\/lv\/wp-json\/wp\/v2\/product_tag?post=20156"}],"curies":[{"name":"wp","href":"https:\/\/api.w.org\/{rel}","templated":true}]}}