{"id":20182,"date":"2021-03-11T10:05:23","date_gmt":"2021-03-29T16:19:47","guid":{"rendered":"http:\/\/e-led.lv\/product\/micro-alu-profils\/"},"modified":"2021-03-29T19:19:48","modified_gmt":"2021-03-29T16:19:48","slug":"mikro-alu-profils","status":"publish","type":"product","link":"https:\/\/e-led.lv\/lv\/mikro-alu-profils\/","title":{"rendered":"MICRO-ALU profils"},"content":{"rendered":"<h2><strong>Tehnisk\u0101 specifik\u0101cija<\/strong><\/h2>\n<div>\n<p><strong>Pieteikums<\/strong><\/p>\n<div class=\"customDiv\">\n<p>&#8211; paredz\u0113ts galvenok\u0101rt interjeram, piem\u0113ram, skapju, k\u0101p\u0146u, vitr\u012bnu apgaismojumam utt. Ar nelieliem izm\u0113riem apgaismes \u0137erme\u0146us var sl\u0113pt m\u0113be\u013cu sien\u0101s ar nelielu \u0161\u0137\u0113rsgriezumu<br \/>\n&#8211; aizz\u012bmogot\u0101 versij\u0101 to var izmantot \u0101rpus telp\u0101m, piem\u0113ram, uz \u0113ku fas\u0101des, d\u0101rza arhitekt\u016bras elementos, no\u017eogojuma elementos utt.<\/p>\n<\/div>\n<\/div>\n<div>\n<p><strong>Mont\u0101\u017ea<\/strong><\/p>\n<div class=\"customDiv\">\n<p>&#8211; var uzst\u0101d\u012bt ar atbilsto\u0161i izv\u0113l\u0113t\u0101m stiprin\u0101juma l\u012bm\u0113m, profesion\u0101l\u0101m divpus\u0113j\u0101m l\u012bmlent\u0113m, met\u0101la un plastmasas stiprin\u0101juma kron\u0161teiniem, k\u0101 ar\u012b stiprin\u0101juma kron\u0161teiniem ar le\u0146\u0137a regul\u0113\u0161anu un ar mont\u0101\u017eas atsperi<\/p>\n<\/div>\n<\/div>\n<p><img decoding=\"async\" class=\"img-fluid\" src=\"https:\/\/klusdesign.eu\/files\/672ecdfe-b122-4638-9e7c-28aced91fc9d\/micro-alu-usa.png\" alt=\"\"><img decoding=\"async\" class=\"img-fluid\" src=\"https:\/\/klusdesign.eu\/files\/fa70f66e-6814-489d-bd1f-be28eeadf887\/micro-mk-alu-usa.png\" alt=\"\"><img decoding=\"async\" class=\"img-fluid\" src=\"https:\/\/klusdesign.eu\/files\/7c466831-85d6-4599-95fc-aefd3dd3c10a\/mocownik%20pds-stn_profile%20rystech%20PL_MICRO-ALU.png\" alt=\"\"><\/p>\n<p><img decoding=\"async\" class=\"img-fluid\" src=\"https:\/\/klusdesign.eu\/files\/876811ef-f5b5-498a-977a-7881f2c198ee\/mocownik%20pl-pdm_profile%20rystech_pl_MICRO-ALU.png\" alt=\"\"><img decoding=\"async\" class=\"img-fluid\" src=\"https:\/\/klusdesign.eu\/files\/c50bf83d-9ac9-4b2c-8bd1-c6dee87b379e\/mocownik%20reg-pd-uv_profile%20rystech_PL_MICRO-ALU-03.png\" alt=\"\"><img decoding=\"async\" class=\"img-fluid\" src=\"https:\/\/klusdesign.eu\/files\/30a1f6f8-0171-4eff-b35f-bb2f01566373\/mocownik%20reg-pd-uv_profile%20rystech_PL_MICRO-ALU-01.png\" alt=\"\"><img decoding=\"async\" class=\"img-fluid\" src=\"https:\/\/klusdesign.eu\/files\/be0902be-cf6e-4117-818d-148204806dc0\/mocownik%20reg-pd-uv_profile%20rystech_PL_MICRO-ALU-02.png\" alt=\"\"><\/p>\n<div>\n<p>&nbsp;<\/p>\n<p>&nbsp;<\/p>\n<p>&nbsp;<\/p>\n<p><a href=\"http:\/\/e-led.lv\/wp-content\/uploads\/2021\/03\/Product_card_MICRO-ALU_Profile.pdf\"><strong data-wp-editing=\"1\"><img decoding=\"async\" class=\" wd-lazy-fade wp-image-10558 alignnone\" role=\"img\" src=\"https:\/\/e-led.lv\/wp-content\/themes\/woodmart\/images\/lazy.svg\" data-src=\"http:\/\/e-led.lv\/wp-content\/uploads\/\/2020\/11\/file-pdf-regular.svg\" alt=\"\" width=\"22\" height=\"29\"> Specifik\u0101cijas lapa (pdf)<\/strong><\/a><\/p>\n<\/div>\n","protected":false},"excerpt":{"rendered":"<p style=\"text-align: center;\">Paredz\u0113ts, lai sasniegtu IP67 \u016bdensnecaurlaid\u012bbu<\/p>\n<p style=\"text-align: center;\">Minim\u0101lie izm\u0113ri LED lent\u0113m 10 mm platum\u0101<\/p>\n<p style=\"text-align: center;\">Vienk\u0101r\u0161a mont\u0101\u017ea<\/p>\n<p style=\"text-align: center;\">Daudzpus\u012bgs pielietojums<\/p>\n<p style=\"text-align: center;\">Zems svars<\/p>\n<p style=\"text-align: center;\"><em><strong>Cena par metru<\/strong><\/em><\/p>\n","protected":false},"featured_media":19310,"template":"","meta":[],"product_brand":[],"product_cat":[129],"product_tag":[],"class_list":{"0":"post-20182","1":"product","2":"type-product","3":"status-publish","4":"has-post-thumbnail","6":"product_cat-led-profilis","8":"first","9":"instock","10":"taxable","11":"shipping-taxable","12":"purchasable","13":"product-type-simple"},"_links":{"self":[{"href":"https:\/\/e-led.lv\/lv\/wp-json\/wp\/v2\/product\/20182","targetHints":{"allow":["GET"]}}],"collection":[{"href":"https:\/\/e-led.lv\/lv\/wp-json\/wp\/v2\/product"}],"about":[{"href":"https:\/\/e-led.lv\/lv\/wp-json\/wp\/v2\/types\/product"}],"version-history":[{"count":0,"href":"https:\/\/e-led.lv\/lv\/wp-json\/wp\/v2\/product\/20182\/revisions"}],"wp:featuredmedia":[{"embeddable":true,"href":"https:\/\/e-led.lv\/lv\/wp-json\/wp\/v2\/media\/19310"}],"wp:attachment":[{"href":"https:\/\/e-led.lv\/lv\/wp-json\/wp\/v2\/media?parent=20182"}],"wp:term":[{"taxonomy":"product_brand","embeddable":true,"href":"https:\/\/e-led.lv\/lv\/wp-json\/wp\/v2\/product_brand?post=20182"},{"taxonomy":"product_cat","embeddable":true,"href":"https:\/\/e-led.lv\/lv\/wp-json\/wp\/v2\/product_cat?post=20182"},{"taxonomy":"product_tag","embeddable":true,"href":"https:\/\/e-led.lv\/lv\/wp-json\/wp\/v2\/product_tag?post=20182"}],"curies":[{"name":"wp","href":"https:\/\/api.w.org\/{rel}","templated":true}]}}