{"id":20186,"date":"2021-03-11T10:09:30","date_gmt":"2021-03-29T16:20:12","guid":{"rendered":"http:\/\/e-led.lv\/product\/lipod-profils-2\/"},"modified":"2021-03-29T19:20:14","modified_gmt":"2021-03-29T16:20:14","slug":"lipod-profils","status":"publish","type":"product","link":"https:\/\/e-led.lv\/lv\/lipod-profils\/","title":{"rendered":"LIPOD profils"},"content":{"rendered":"<h2><strong>Tehnisk\u0101 specifik\u0101cija<\/strong><\/h2>\n<div>\n<p><strong>Pieteikums<\/strong><\/p>\n<div class=\"customDiv\">\n<p>&#8211; uz virsmas uzst\u0101d\u012bti vai piek\u0101rti apgaismes \u0137erme\u0146i<\/p>\n<\/div>\n<\/div>\n<div>\n<p><strong>Mont\u0101\u017ea<\/strong><\/p>\n<div class=\"customDiv\">\n<p>&#8211; izmantojot virszemes atsperes<br \/>\n&#8211; izmantojot piekares piederumus<br \/>\n&#8211; izmantojot mont\u0101\u017eas l\u012bmi<\/p>\n<\/div>\n<\/div>\n<p><img decoding=\"async\" class=\"img-fluid\" src=\"https:\/\/klusdesign.eu\/files\/54cb3b7e-2705-43af-8ef7-fd60f0b3b432\/lipod-01-01.png\" alt=\"\"><img decoding=\"async\" class=\"img-fluid\" src=\"https:\/\/klusdesign.eu\/files\/70002eb3-47ed-45ef-9ab0-ecd9df3e1d44\/mocownik%20am-24_profile%20rystech%20pl_LIPOD.png\" alt=\"\"><img decoding=\"async\" class=\"img-fluid\" src=\"https:\/\/klusdesign.eu\/files\/f13eae98-64eb-4d6d-83d8-31875eb5f2a0\/mocownik%20gip_profile%20rystech%20PL_LIPOD.png\" alt=\"\"><\/p>\n<p><img decoding=\"async\" class=\"img-fluid\" src=\"https:\/\/klusdesign.eu\/files\/761c7368-2869-40a2-96e5-24aeeac5014c\/mocownik%20regip-uv_profile%20rystech_PL_LIPOD-15.png\" alt=\"\"><img decoding=\"async\" class=\"img-fluid\" src=\"https:\/\/klusdesign.eu\/files\/de4baf4c-b8c0-4d1a-8fb8-a7f7fac1c4b1\/mocownik%20regip-uv_profile%20rystech_PL_LIPOD-14.png\" alt=\"\"><img decoding=\"async\" class=\"img-fluid\" src=\"https:\/\/klusdesign.eu\/files\/33666a9c-89ca-4f1f-92ff-ce0f2f2be84a\/mocownik%20regip-uv_profile%20rystech_PL_LIPOD-13.png\" alt=\"\"><\/p>\n<div>\n<p>&nbsp;<\/p>\n<p><a href=\"http:\/\/e-led.lv\/wp-content\/uploads\/2021\/03\/Product_card_LIPOD_Profile.pdf\"><strong data-wp-editing=\"1\"><img decoding=\"async\" class=\" wd-lazy-fade wp-image-10558 alignnone\" role=\"img\" src=\"https:\/\/e-led.lv\/wp-content\/themes\/woodmart\/images\/lazy.svg\" data-src=\"http:\/\/e-led.lv\/wp-content\/uploads\/\/2020\/11\/file-pdf-regular.svg\" alt=\"\" width=\"22\" height=\"29\"> Specifik\u0101cijas lapa (pdf)<\/strong><\/a><\/p>\n<\/div>\n","protected":false},"excerpt":{"rendered":"<p style=\"text-align: center;\">Paredz\u0113ts, lai sasniegtu IP64 \u016bdensnecaurlaid\u012bbu<\/p>\n<p style=\"text-align: center;\">Sp\u0113ja izveidot gaismas l\u012bniju<\/p>\n<p style=\"text-align: center;\">Viegla mont\u0101\u017ea, izmantojot da\u017e\u0101das tehnikas<\/p>\n<p style=\"text-align: center;\">Var kombin\u0113t taisn\u0101 un sadal\u012bt\u0101 line\u0101r\u0101 skr\u0113jien\u0101<\/p>\n<p style=\"text-align: center;\"><em><strong>Cena par metru<\/strong><\/em><\/p>\n","protected":false},"featured_media":19327,"template":"","meta":[],"product_brand":[],"product_cat":[129],"product_tag":[],"class_list":{"0":"post-20186","1":"product","2":"type-product","3":"status-publish","4":"has-post-thumbnail","6":"product_cat-led-profilis","8":"first","9":"instock","10":"taxable","11":"shipping-taxable","12":"purchasable","13":"product-type-simple"},"_links":{"self":[{"href":"https:\/\/e-led.lv\/lv\/wp-json\/wp\/v2\/product\/20186","targetHints":{"allow":["GET"]}}],"collection":[{"href":"https:\/\/e-led.lv\/lv\/wp-json\/wp\/v2\/product"}],"about":[{"href":"https:\/\/e-led.lv\/lv\/wp-json\/wp\/v2\/types\/product"}],"version-history":[{"count":0,"href":"https:\/\/e-led.lv\/lv\/wp-json\/wp\/v2\/product\/20186\/revisions"}],"wp:featuredmedia":[{"embeddable":true,"href":"https:\/\/e-led.lv\/lv\/wp-json\/wp\/v2\/media\/19327"}],"wp:attachment":[{"href":"https:\/\/e-led.lv\/lv\/wp-json\/wp\/v2\/media?parent=20186"}],"wp:term":[{"taxonomy":"product_brand","embeddable":true,"href":"https:\/\/e-led.lv\/lv\/wp-json\/wp\/v2\/product_brand?post=20186"},{"taxonomy":"product_cat","embeddable":true,"href":"https:\/\/e-led.lv\/lv\/wp-json\/wp\/v2\/product_cat?post=20186"},{"taxonomy":"product_tag","embeddable":true,"href":"https:\/\/e-led.lv\/lv\/wp-json\/wp\/v2\/product_tag?post=20186"}],"curies":[{"name":"wp","href":"https:\/\/api.w.org\/{rel}","templated":true}]}}