{"id":20188,"date":"2021-03-11T10:15:30","date_gmt":"2021-03-29T16:20:37","guid":{"rendered":"http:\/\/e-led.lv\/product\/des-profils\/"},"modified":"2021-03-29T19:20:37","modified_gmt":"2021-03-29T16:20:37","slug":"des-profils","status":"publish","type":"product","link":"https:\/\/e-led.lv\/lv\/des-profils\/","title":{"rendered":"DES profils"},"content":{"rendered":"<h2><strong>Tehnisk\u0101 specifik\u0101cija<\/strong><\/h2>\n<div class=\"product-details-specs-content\">\n<div>\n<p><strong>Pieteikums<\/strong><\/p>\n<div class=\"customDiv\">\n<p>&#8211; piek\u0101rtu line\u0101ru stiprin\u0101jumu taisnai vai \u0161\u0137eltai l\u012bnijai<\/p>\n<\/div>\n<\/div>\n<div>\n<p><strong>Mont\u0101\u017ea<\/strong><\/p>\n<div class=\"customDiv\">\n<p>&#8211; uz sloksnes, kas piestiprin\u0101ta, izmantojot daudzu veidu piekares sist\u0113mas<\/p>\n<\/div>\n<\/div>\n<div>\n<p><strong>Papildus inform\u0101cija<\/strong><\/p>\n<div class=\"customDiv\">\n<p>&#8211; labi izklied\u0113 siltumu<br \/>\n&#8211; vienk\u0101r\u0161s dizains<br \/>\n&#8211; vieta LED lentei: 49,7 mm<\/p>\n<\/div>\n<\/div>\n<\/div>\n<p><img decoding=\"async\" class=\"img-fluid\" src=\"https:\/\/klusdesign.eu\/files\/bda259f8-0767-4a11-b532-23a34b70ad1e\/des.png\" alt=\"\" width=\"364\" height=\"459\"><\/p>\n<p>&nbsp;<\/p>\n<div>\n<p><a href=\"http:\/\/e-led.lv\/wp-content\/uploads\/2021\/03\/Product_card_DES_Profile.pdf\"><strong data-wp-editing=\"1\"><img decoding=\"async\" class=\" wd-lazy-fade wp-image-10558 alignnone\" role=\"img\" src=\"https:\/\/e-led.lv\/wp-content\/themes\/woodmart\/images\/lazy.svg\" data-src=\"http:\/\/e-led.lv\/wp-content\/uploads\/\/2020\/11\/file-pdf-regular.svg\" alt=\"\" width=\"22\" height=\"29\"> Specifik\u0101cijas lapa (pdf)<\/strong><\/a><\/p>\n<\/div>\n","protected":false},"excerpt":{"rendered":"<p style=\"text-align: center;\">Virza gaismu uz aug\u0161u un uz leju<\/p>\n<p style=\"text-align: center;\">Sp\u0113ja izveidot gaismas l\u012bniju<\/p>\n<p style=\"text-align: center;\">Piek\u0101rts apgaismes \u0137ermenis ar stiprin\u0101juma sloksni, kamera baro\u0161anai un cita elektronika<\/p>\n<p style=\"text-align: center;\"><em><strong>Cena par metru<\/strong><\/em><\/p>\n","protected":false},"featured_media":19332,"template":"","meta":[],"product_brand":[],"product_cat":[129],"product_tag":[],"class_list":{"0":"post-20188","1":"product","2":"type-product","3":"status-publish","4":"has-post-thumbnail","6":"product_cat-led-profilis","8":"first","9":"instock","10":"taxable","11":"shipping-taxable","12":"purchasable","13":"product-type-simple"},"_links":{"self":[{"href":"https:\/\/e-led.lv\/lv\/wp-json\/wp\/v2\/product\/20188","targetHints":{"allow":["GET"]}}],"collection":[{"href":"https:\/\/e-led.lv\/lv\/wp-json\/wp\/v2\/product"}],"about":[{"href":"https:\/\/e-led.lv\/lv\/wp-json\/wp\/v2\/types\/product"}],"version-history":[{"count":0,"href":"https:\/\/e-led.lv\/lv\/wp-json\/wp\/v2\/product\/20188\/revisions"}],"wp:featuredmedia":[{"embeddable":true,"href":"https:\/\/e-led.lv\/lv\/wp-json\/wp\/v2\/media\/19332"}],"wp:attachment":[{"href":"https:\/\/e-led.lv\/lv\/wp-json\/wp\/v2\/media?parent=20188"}],"wp:term":[{"taxonomy":"product_brand","embeddable":true,"href":"https:\/\/e-led.lv\/lv\/wp-json\/wp\/v2\/product_brand?post=20188"},{"taxonomy":"product_cat","embeddable":true,"href":"https:\/\/e-led.lv\/lv\/wp-json\/wp\/v2\/product_cat?post=20188"},{"taxonomy":"product_tag","embeddable":true,"href":"https:\/\/e-led.lv\/lv\/wp-json\/wp\/v2\/product_tag?post=20188"}],"curies":[{"name":"wp","href":"https:\/\/api.w.org\/{rel}","templated":true}]}}