{"id":20193,"date":"2021-03-11T11:13:57","date_gmt":"2021-03-29T16:22:33","guid":{"rendered":"http:\/\/e-led.lv\/product\/kozel-profils\/"},"modified":"2021-03-29T19:39:21","modified_gmt":"2021-03-29T16:39:21","slug":"kozel-profile","status":"publish","type":"product","link":"https:\/\/e-led.lv\/lv\/kozel-profile\/","title":{"rendered":"KOZEL profils"},"content":{"rendered":"<h2><strong>Tehnisk\u0101 specifik\u0101cija<\/strong><\/h2>\n<div class=\"product-details-specs-content\">\n<div>\n<p><strong>Pieteikums<\/strong><\/p>\n<div class=\"customDiv\">\n<p>&#8211; gaismas l\u012bniju izveido\u0161anai vien\u0101 l\u012bmen\u012b ar sienu un griestu virsmu<\/p>\n<\/div>\n<\/div>\n<div>\n<p><strong>Mont\u0101\u017ea<\/strong><\/p>\n<div class=\"customDiv\">\n<p>&#8211; nostiprin\u0101ts riev\u0101 ar fiks\u0113jo\u0161u l\u012bmi<br \/>\n&#8211; profila stiprin\u0101juma sp\u0101rni, kas p\u0101rkl\u0101ti ar \u0123ip\u0161a apmetumu<br \/>\n&#8211; PROTECTIVE INSERT TECH-22 nodro\u0161ina, ka profila sprauga ir pietiekami pla\u0161a, lai to var\u0113tu ievietot<br \/>\n(mont\u0101\u017eas un apdares darbu laik\u0101 tas ir NEPIECIE\u0160AMS)<\/p>\n<\/div>\n<\/div>\n<\/div>\n<p><img decoding=\"async\" class=\"img-fluid\" src=\"https:\/\/klusdesign.eu\/files\/df5af88f-832b-42cc-9759-b6f8f5a693e1\/kozel.png\" alt=\"\"><\/p>\n<div>\n<p><a href=\"http:\/\/e-led.lv\/wp-content\/uploads\/2021\/03\/Product_card_KOZEL_Profile.pdf\"><strong data-wp-editing=\"1\"><img decoding=\"async\" class=\" wd-lazy-fade wp-image-10558 alignnone\" role=\"img\" src=\"https:\/\/e-led.lv\/wp-content\/themes\/woodmart\/images\/lazy.svg\" data-src=\"http:\/\/e-led.lv\/wp-content\/uploads\/\/2020\/11\/file-pdf-regular.svg\" alt=\"\" width=\"22\" height=\"29\"> Specifik\u0101cijas lapa (pdf)<\/strong><\/a><\/p>\n<\/div>\n","protected":false},"excerpt":{"rendered":"<p style=\"text-align: center;\">Paredz\u0113ts, lai sasniegtu IP65 \u016bdensnecaurlaid\u012bbu<\/p>\n<p style=\"text-align: center;\">Var izveidot gaismas l\u012bniju<\/p>\n<p style=\"text-align: center;\">P\u0113c mont\u0101\u017eas alum\u012bnija atloki tiek pasl\u0113pti<\/p>\n<p style=\"text-align: center;\"><em><strong>Cena par metru<\/strong><\/em><\/p>\n","protected":false},"featured_media":19529,"template":"","meta":[],"product_brand":[],"product_cat":[129],"product_tag":[],"class_list":{"0":"post-20193","1":"product","2":"type-product","3":"status-publish","4":"has-post-thumbnail","6":"product_cat-led-profilis","8":"first","9":"instock","10":"taxable","11":"shipping-taxable","12":"purchasable","13":"product-type-simple"},"_links":{"self":[{"href":"https:\/\/e-led.lv\/lv\/wp-json\/wp\/v2\/product\/20193","targetHints":{"allow":["GET"]}}],"collection":[{"href":"https:\/\/e-led.lv\/lv\/wp-json\/wp\/v2\/product"}],"about":[{"href":"https:\/\/e-led.lv\/lv\/wp-json\/wp\/v2\/types\/product"}],"version-history":[{"count":0,"href":"https:\/\/e-led.lv\/lv\/wp-json\/wp\/v2\/product\/20193\/revisions"}],"wp:featuredmedia":[{"embeddable":true,"href":"https:\/\/e-led.lv\/lv\/wp-json\/wp\/v2\/media\/19529"}],"wp:attachment":[{"href":"https:\/\/e-led.lv\/lv\/wp-json\/wp\/v2\/media?parent=20193"}],"wp:term":[{"taxonomy":"product_brand","embeddable":true,"href":"https:\/\/e-led.lv\/lv\/wp-json\/wp\/v2\/product_brand?post=20193"},{"taxonomy":"product_cat","embeddable":true,"href":"https:\/\/e-led.lv\/lv\/wp-json\/wp\/v2\/product_cat?post=20193"},{"taxonomy":"product_tag","embeddable":true,"href":"https:\/\/e-led.lv\/lv\/wp-json\/wp\/v2\/product_tag?post=20193"}],"curies":[{"name":"wp","href":"https:\/\/api.w.org\/{rel}","templated":true}]}}