{"id":20195,"date":"2021-03-11T11:10:05","date_gmt":"2021-03-29T16:22:46","guid":{"rendered":"http:\/\/e-led.lv\/product\/kozus-50-profils\/"},"modified":"2021-03-29T19:22:46","modified_gmt":"2021-03-29T16:22:46","slug":"kozus-50-profils","status":"publish","type":"product","link":"https:\/\/e-led.lv\/lv\/kozus-50-profils\/","title":{"rendered":"KOZUS-50 profils"},"content":{"rendered":"<h2><strong>Tehnisk\u0101 specifik\u0101cija<\/strong><\/h2>\n<div class=\"product-details-specs-content\">\n<div>\n<p><strong>Pieteikums<\/strong><\/p>\n<div class=\"customDiv\">\n<p>&#8211; lai izveidotu gaismas l\u012bniju vien\u0101 l\u012bmen\u012b ar sienu un griestu virsmu<\/p>\n<\/div>\n<\/div>\n<div>\n<p><strong>Mont\u0101\u017ea<\/strong><\/p>\n<div class=\"customDiv\">\n<p>&#8211; nostiprin\u0101ts riev\u0101 ar mont\u0101\u017eas l\u012bmi<br \/>\n&#8211; profila stiprin\u0101juma sp\u0101rni, kas p\u0101rkl\u0101ti ar \u0123ip\u0161a apmetumu<br \/>\n&#8211; aizsarg\u0101jo\u0161ais ieliktnis TECH-50 nodro\u0161ina, ka profila sprauga paliek pietiekami pla\u0161a, lai to var\u0113tu iespraust<br \/>\n(t\u0101 lieto\u0161ana ir nepiecie\u0161ama mont\u0101\u017eas un apdares darbu laik\u0101)<\/p>\n<\/div>\n<\/div>\n<\/div>\n<p><img decoding=\"async\" class=\"img-fluid\" src=\"https:\/\/klusdesign.eu\/files\/b993efe6-4ff0-44af-982c-462ee2e66972\/KOZUS-50.png\" alt=\"\"><\/p>\n<div>\n<p><a href=\"http:\/\/e-led.lv\/wp-content\/uploads\/2021\/03\/Product_card_KOZUS-50_Profile.pdf\"><strong data-wp-editing=\"1\"><img decoding=\"async\" class=\" wd-lazy-fade wp-image-10558 alignnone\" role=\"img\" src=\"https:\/\/e-led.lv\/wp-content\/themes\/woodmart\/images\/lazy.svg\" data-src=\"http:\/\/e-led.lv\/wp-content\/uploads\/\/2020\/11\/file-pdf-regular.svg\" alt=\"\" width=\"22\" height=\"29\"> Specifik\u0101cijas lapa (pdf)<\/strong><\/a><\/p>\n<\/div>\n","protected":false},"excerpt":{"rendered":"<p style=\"text-align: center;\">Paredz\u0113ts, lai sasniegtu IP65 \u016bdensnecaurlaid\u012bbu<\/p>\n<p style=\"text-align: center;\">Gaismas l\u012bnija<\/p>\n<p style=\"text-align: center;\">Sl\u0113pti alum\u012bnija elementi<\/p>\n<p style=\"text-align: center;\">Profils netrauc\u0113 konstrukcijai, kas izgatavota no 16 mm biezas drywall<\/p>\n<p style=\"text-align: center;\"><em><strong>Cena par metru<\/strong><\/em><\/p>\n","protected":false},"featured_media":19517,"template":"","meta":[],"product_brand":[],"product_cat":[129],"product_tag":[],"class_list":{"0":"post-20195","1":"product","2":"type-product","3":"status-publish","4":"has-post-thumbnail","6":"product_cat-led-profilis","8":"first","9":"instock","10":"taxable","11":"shipping-taxable","12":"purchasable","13":"product-type-simple"},"_links":{"self":[{"href":"https:\/\/e-led.lv\/lv\/wp-json\/wp\/v2\/product\/20195","targetHints":{"allow":["GET"]}}],"collection":[{"href":"https:\/\/e-led.lv\/lv\/wp-json\/wp\/v2\/product"}],"about":[{"href":"https:\/\/e-led.lv\/lv\/wp-json\/wp\/v2\/types\/product"}],"version-history":[{"count":0,"href":"https:\/\/e-led.lv\/lv\/wp-json\/wp\/v2\/product\/20195\/revisions"}],"wp:featuredmedia":[{"embeddable":true,"href":"https:\/\/e-led.lv\/lv\/wp-json\/wp\/v2\/media\/19517"}],"wp:attachment":[{"href":"https:\/\/e-led.lv\/lv\/wp-json\/wp\/v2\/media?parent=20195"}],"wp:term":[{"taxonomy":"product_brand","embeddable":true,"href":"https:\/\/e-led.lv\/lv\/wp-json\/wp\/v2\/product_brand?post=20195"},{"taxonomy":"product_cat","embeddable":true,"href":"https:\/\/e-led.lv\/lv\/wp-json\/wp\/v2\/product_cat?post=20195"},{"taxonomy":"product_tag","embeddable":true,"href":"https:\/\/e-led.lv\/lv\/wp-json\/wp\/v2\/product_tag?post=20195"}],"curies":[{"name":"wp","href":"https:\/\/api.w.org\/{rel}","templated":true}]}}