{"id":20198,"date":"2021-03-11T17:19:12","date_gmt":"2021-03-29T16:24:14","guid":{"rendered":"http:\/\/e-led.lv\/product\/300w-led-barosanas-avots-glg-24v-ip67\/"},"modified":"2021-03-29T19:24:14","modified_gmt":"2021-03-29T16:24:14","slug":"300w-vadits-barosanas-avots-glg-24v-ip67","status":"publish","type":"product","link":"https:\/\/e-led.lv\/lv\/300w-vadits-barosanas-avots-glg-24v-ip67\/","title":{"rendered":"300W LED baro\u0161anas avots GLG 24V IP67"},"content":{"rendered":"<div class=\"vendor\">Ra\u017eot\u0101js:<b> GLP<\/b><\/div>\n<div class=\"vendor\">Iepakojuma izm\u0113ri (GxAxP):<b> 285 x 50 x 96 mm<\/b><br \/>\nApjoms:<b> 0,001368 m\u00b3<\/b><br \/>\nSvars:<b> 2,200 kg<\/b><br \/>\nGarantija:<b> 5<\/b><b> <\/b><b>gadiem<\/b><\/div>\n<div><\/div>\n<div>\n<table width=\"397\">\n<tbody>\n<tr>\n<td width=\"239\"><span data-language-for-alternatives=\"en\" data-language-to-translate-into=\"auto\" data-phrase-index=\"0\">Jauda:<\/span><\/td>\n<td width=\"158\"><span data-language-for-alternatives=\"en\" data-language-to-translate-into=\"auto\" data-phrase-index=\"0\">300 W<\/span><\/td>\n<\/tr>\n<tr>\n<td width=\"239\"><span data-language-for-alternatives=\"en\" data-language-to-translate-into=\"auto\" data-phrase-index=\"2\">Putek\u013cu un \u016bdens iztur\u012bbas klase (IP):<\/span><\/td>\n<td width=\"158\">67<\/td>\n<\/tr>\n<tr>\n<td><span data-language-for-alternatives=\"en\" data-language-to-translate-into=\"auto\" data-phrase-index=\"4\">Platums:<\/span><\/td>\n<td width=\"158\">96 mm<\/td>\n<\/tr>\n<tr>\n<td><span data-language-for-alternatives=\"en\" data-language-to-translate-into=\"auto\" data-phrase-index=\"6\">IP klase<\/span><\/td>\n<td width=\"158\">67<\/td>\n<\/tr>\n<tr>\n<td><span data-language-for-alternatives=\"en\" data-language-to-translate-into=\"auto\" data-phrase-index=\"10\">M\u0113r\u012bjumi<\/span><\/td>\n<td><span data-language-for-alternatives=\"en\" data-language-to-translate-into=\"auto\" data-phrase-index=\"10\">285x96x50 mm<\/span><\/td>\n<\/tr>\n<\/tbody>\n<\/table>\n<\/div>\n","protected":false},"excerpt":{"rendered":"<p>300W LED baro\u0161anas avots GLG 24V IP67<\/p>\n","protected":false},"featured_media":19634,"template":"","meta":[],"product_brand":[],"product_cat":[135],"product_tag":[],"class_list":{"0":"post-20198","1":"product","2":"type-product","3":"status-publish","4":"has-post-thumbnail","6":"product_cat-led-barosanas-bloki","8":"first","9":"instock","10":"taxable","11":"shipping-taxable","12":"purchasable","13":"product-type-simple"},"_links":{"self":[{"href":"https:\/\/e-led.lv\/lv\/wp-json\/wp\/v2\/product\/20198","targetHints":{"allow":["GET"]}}],"collection":[{"href":"https:\/\/e-led.lv\/lv\/wp-json\/wp\/v2\/product"}],"about":[{"href":"https:\/\/e-led.lv\/lv\/wp-json\/wp\/v2\/types\/product"}],"version-history":[{"count":0,"href":"https:\/\/e-led.lv\/lv\/wp-json\/wp\/v2\/product\/20198\/revisions"}],"wp:featuredmedia":[{"embeddable":true,"href":"https:\/\/e-led.lv\/lv\/wp-json\/wp\/v2\/media\/19634"}],"wp:attachment":[{"href":"https:\/\/e-led.lv\/lv\/wp-json\/wp\/v2\/media?parent=20198"}],"wp:term":[{"taxonomy":"product_brand","embeddable":true,"href":"https:\/\/e-led.lv\/lv\/wp-json\/wp\/v2\/product_brand?post=20198"},{"taxonomy":"product_cat","embeddable":true,"href":"https:\/\/e-led.lv\/lv\/wp-json\/wp\/v2\/product_cat?post=20198"},{"taxonomy":"product_tag","embeddable":true,"href":"https:\/\/e-led.lv\/lv\/wp-json\/wp\/v2\/product_tag?post=20198"}],"curies":[{"name":"wp","href":"https:\/\/api.w.org\/{rel}","templated":true}]}}