{"id":20205,"date":"2021-03-11T17:03:35","date_gmt":"2021-03-29T16:26:59","guid":{"rendered":"http:\/\/e-led.lv\/product\/200w-led-barosanas-avots-gpv-24v-ip67\/"},"modified":"2021-03-29T19:26:59","modified_gmt":"2021-03-29T16:26:59","slug":"200w-vadits-barosanas-avots-gpv-24v-ip67","status":"publish","type":"product","link":"https:\/\/e-led.lv\/lv\/200w-vadits-barosanas-avots-gpv-24v-ip67\/","title":{"rendered":"200W LED baro\u0161anas avots GPV 24V IP67"},"content":{"rendered":"<div class=\"vendor\">Ra\u017eot\u0101js:<b> GLP<\/b><\/div>\n<div class=\"vendor\">Iepakojuma izm\u0113ri (GxAxP):<b> 205 x 45 x 70 mm<\/b><br \/>\nApjoms:<b> 0,00064575 m\u00b3<\/b><br \/>\nSvars:<b> 1.000 kg<\/b><br \/>\nGarantija:<b> 5<\/b><b> <\/b><b>gadiem<\/b><\/div>\n<div><\/div>\n<div>\n<table border=\"0\" width=\"504\" cellspacing=\"2\" cellpadding=\"0\">\n<tbody>\n<tr>\n<td class=\"option-name\" align=\"right\"><span class=\"VIiyi\" lang=\"en\"><span class=\"JLqJ4b ChMk0b\" data-language-for-alternatives=\"en\" data-language-to-translate-into=\"auto\" data-phrase-index=\"0\">Jauda<\/span><\/span> :<\/td>\n<td class=\"option-value\" align=\"left\">200 W<\/td>\n<\/tr>\n<tr>\n<td class=\"option-name\" align=\"right\"><span class=\"VIiyi\" lang=\"en\"><span class=\"JLqJ4b ChMk0b\" data-language-for-alternatives=\"en\" data-language-to-translate-into=\"auto\" data-phrase-index=\"2\">Putek\u013cu un \u016bdens iztur\u012bbas klase (IP)<\/span><\/span> :<\/td>\n<td class=\"option-value\" align=\"left\">67<\/td>\n<\/tr>\n<tr>\n<td class=\"option-name\" align=\"right\">IP klase:<\/td>\n<td class=\"option-value\" align=\"left\">67<\/td>\n<\/tr>\n<tr>\n<td class=\"option-name\" align=\"right\">Frekvence (Hz):<\/td>\n<td class=\"option-value\" align=\"left\">47 \u00f7 63Hz Hz<\/td>\n<\/tr>\n<tr>\n<td class=\"option-name\" align=\"right\">M\u0113r\u012bjumi:<\/td>\n<td class=\"option-value\" align=\"left\">205 x 70 x45 mm<\/td>\n<\/tr>\n<\/tbody>\n<\/table>\n<\/div>\n","protected":false},"excerpt":{"rendered":"<p>200W LED baro\u0161anas avots GPV 24V IP67<\/p>\n","protected":false},"featured_media":19613,"template":"","meta":[],"product_brand":[],"product_cat":[135],"product_tag":[],"class_list":{"0":"post-20205","1":"product","2":"type-product","3":"status-publish","4":"has-post-thumbnail","6":"product_cat-led-barosanas-bloki","8":"first","9":"instock","10":"taxable","11":"shipping-taxable","12":"purchasable","13":"product-type-simple"},"_links":{"self":[{"href":"https:\/\/e-led.lv\/lv\/wp-json\/wp\/v2\/product\/20205","targetHints":{"allow":["GET"]}}],"collection":[{"href":"https:\/\/e-led.lv\/lv\/wp-json\/wp\/v2\/product"}],"about":[{"href":"https:\/\/e-led.lv\/lv\/wp-json\/wp\/v2\/types\/product"}],"version-history":[{"count":0,"href":"https:\/\/e-led.lv\/lv\/wp-json\/wp\/v2\/product\/20205\/revisions"}],"wp:featuredmedia":[{"embeddable":true,"href":"https:\/\/e-led.lv\/lv\/wp-json\/wp\/v2\/media\/19613"}],"wp:attachment":[{"href":"https:\/\/e-led.lv\/lv\/wp-json\/wp\/v2\/media?parent=20205"}],"wp:term":[{"taxonomy":"product_brand","embeddable":true,"href":"https:\/\/e-led.lv\/lv\/wp-json\/wp\/v2\/product_brand?post=20205"},{"taxonomy":"product_cat","embeddable":true,"href":"https:\/\/e-led.lv\/lv\/wp-json\/wp\/v2\/product_cat?post=20205"},{"taxonomy":"product_tag","embeddable":true,"href":"https:\/\/e-led.lv\/lv\/wp-json\/wp\/v2\/product_tag?post=20205"}],"curies":[{"name":"wp","href":"https:\/\/api.w.org\/{rel}","templated":true}]}}