{"id":20206,"date":"2021-03-11T17:07:35","date_gmt":"2021-03-29T16:27:15","guid":{"rendered":"http:\/\/e-led.lv\/product\/150w-barosanas-avots-glp-pos-slim-24v-mitrumizturigs-ip20\/"},"modified":"2021-03-29T19:27:15","modified_gmt":"2021-03-29T16:27:15","slug":"150w-barosanas-avots-glp-pos-slim-24v-mitrumizturigs-ip20","status":"publish","type":"product","link":"https:\/\/e-led.lv\/lv\/150w-barosanas-avots-glp-pos-slim-24v-mitrumizturigs-ip20\/","title":{"rendered":"150W baro\u0161anas avots GLP POS SLIM 24V, mitrumiztur\u012bgs (IP20)"},"content":{"rendered":"<div class=\"vendor\">Ra\u017eot\u0101js:<b> GLP<\/b><\/div>\n<div class=\"vendor\">Iepakojuma izm\u0113ri (GxAxP):<b> 323 x 22 x 30 mm<\/b><br \/>\nApjoms:<b> 0,00021318 m\u00b3<\/b><br \/>\nSvars:<b> 0,300 kg<\/b><br \/>\nGarantija:<b> 5<\/b><b> <\/b><b>gadiem<\/b><\/div>\n<div><\/div>\n<div>\n<table width=\"397\">\n<tbody>\n<tr>\n<td width=\"239\"><span data-language-for-alternatives=\"en\" data-language-to-translate-into=\"auto\" data-phrase-index=\"0\">Jauda:<\/span><\/td>\n<td width=\"158\">150 W<\/td>\n<\/tr>\n<tr>\n<td width=\"239\"><span data-language-for-alternatives=\"en\" data-language-to-translate-into=\"auto\" data-phrase-index=\"2\">Putek\u013cu un \u016bdens iztur\u012bbas klase (IP):<\/span><\/td>\n<td width=\"158\">20<\/td>\n<\/tr>\n<tr>\n<td width=\"239\">IP klase:<\/td>\n<td width=\"158\">IP20<\/td>\n<\/tr>\n<tr>\n<td width=\"239\">Platums:<\/td>\n<td width=\"158\">30 mm<\/td>\n<\/tr>\n<tr>\n<td width=\"239\">Frekvence (Hz):<\/td>\n<td width=\"158\">50 \/ 60Hz Hz<\/td>\n<\/tr>\n<\/tbody>\n<\/table>\n<\/div>\n","protected":false},"excerpt":{"rendered":"<p>150W baro\u0161anas avots GLP POS SLIM 24V, mitrumiztur\u012bgs (IP20)<\/p>\n","protected":false},"featured_media":19618,"template":"","meta":[],"product_brand":[],"product_cat":[135],"product_tag":[],"class_list":{"0":"post-20206","1":"product","2":"type-product","3":"status-publish","4":"has-post-thumbnail","6":"product_cat-led-barosanas-bloki","8":"first","9":"instock","10":"taxable","11":"shipping-taxable","12":"purchasable","13":"product-type-simple"},"_links":{"self":[{"href":"https:\/\/e-led.lv\/lv\/wp-json\/wp\/v2\/product\/20206","targetHints":{"allow":["GET"]}}],"collection":[{"href":"https:\/\/e-led.lv\/lv\/wp-json\/wp\/v2\/product"}],"about":[{"href":"https:\/\/e-led.lv\/lv\/wp-json\/wp\/v2\/types\/product"}],"version-history":[{"count":0,"href":"https:\/\/e-led.lv\/lv\/wp-json\/wp\/v2\/product\/20206\/revisions"}],"wp:featuredmedia":[{"embeddable":true,"href":"https:\/\/e-led.lv\/lv\/wp-json\/wp\/v2\/media\/19618"}],"wp:attachment":[{"href":"https:\/\/e-led.lv\/lv\/wp-json\/wp\/v2\/media?parent=20206"}],"wp:term":[{"taxonomy":"product_brand","embeddable":true,"href":"https:\/\/e-led.lv\/lv\/wp-json\/wp\/v2\/product_brand?post=20206"},{"taxonomy":"product_cat","embeddable":true,"href":"https:\/\/e-led.lv\/lv\/wp-json\/wp\/v2\/product_cat?post=20206"},{"taxonomy":"product_tag","embeddable":true,"href":"https:\/\/e-led.lv\/lv\/wp-json\/wp\/v2\/product_tag?post=20206"}],"curies":[{"name":"wp","href":"https:\/\/api.w.org\/{rel}","templated":true}]}}