{"id":20215,"date":"2021-03-11T10:48:45","date_gmt":"2021-03-29T16:29:14","guid":{"rendered":"http:\/\/e-led.lv\/product\/kozus-profils\/"},"modified":"2021-03-29T19:29:15","modified_gmt":"2021-03-29T16:29:15","slug":"kozus-profils","status":"publish","type":"product","link":"https:\/\/e-led.lv\/lv\/kozus-profils\/","title":{"rendered":"KOZUS profils"},"content":{"rendered":"<h2><strong>Tehnisk\u0101 specifik\u0101cija<\/strong><\/h2>\n<div class=\"product-details-specs-content\">\n<div>\n<p><strong>Pieteikums<\/strong><\/p>\n<div class=\"customDiv\">\n<p>&#8211; izveidojiet gaismas l\u012bniju sien\u0101s un griestos<br \/>\n&#8211; paredz\u0113ts 16 mm biezai drywall<\/p>\n<\/div>\n<\/div>\n<div>\n<p><strong>Mont\u0101\u017ea<\/strong><\/p>\n<div class=\"customDiv\">\n<p>&#8211; nostiprin\u0101ts spraug\u0101, izmantojot mont\u0101\u017eas l\u012bmi<br \/>\n&#8211; ekstr\u016bzijas sp\u0101rni, kas p\u0101rkl\u0101ti ar \u0123ip\u0161a apmetumu<br \/>\n&#8211; Aizsardz\u012bbas ieliktnis TECH-22 nodro\u0161ina, ka profila sprauga paliek pietiekami pla\u0161a, lai to var\u0113tu iespraust<br \/>\n(mont\u0101\u017eas un apdares darbu laik\u0101 tas ir NEPIECIE\u0160AMS)<\/p>\n<\/div>\n<\/div>\n<\/div>\n<p><img decoding=\"async\" class=\"img-fluid\" src=\"https:\/\/klusdesign.eu\/files\/8fe7471b-27ce-4845-b9ef-8c3e1eb776a3\/KOZUS%20mm.png\" alt=\"\"><\/p>\n<div>\n<p><a href=\"http:\/\/e-led.lv\/wp-content\/uploads\/2021\/03\/Product_card_KOZUS_Profile.pdf\"><strong data-wp-editing=\"1\"><img decoding=\"async\" class=\" wd-lazy-fade wp-image-10558 alignnone\" role=\"img\" src=\"https:\/\/e-led.lv\/wp-content\/themes\/woodmart\/images\/lazy.svg\" data-src=\"http:\/\/e-led.lv\/wp-content\/uploads\/\/2020\/11\/file-pdf-regular.svg\" alt=\"\" width=\"22\" height=\"29\"> Specifik\u0101cijas lapa (pdf)<\/strong><\/a><\/p>\n<\/div>\n","protected":false},"excerpt":{"rendered":"<p style=\"text-align: center;\">Paredz\u0113ts, lai sasniegtu IP65 \u016bdensnecaurlaid\u012bbu<\/p>\n<p style=\"text-align: center;\">Sp\u0113ja izveidot gaismas l\u012bniju<\/p>\n<p style=\"text-align: center;\">Sl\u0113ptas alum\u012bnija sast\u0101vda\u013cas<\/p>\n<p style=\"text-align: center;\">Var uzst\u0101d\u012bt 16 mm biez\u0101 drywall<\/p>\n<p style=\"text-align: center;\"><em><strong>Cena par metru<\/strong><\/em><\/p>\n","protected":false},"featured_media":19448,"template":"","meta":[],"product_brand":[],"product_cat":[129],"product_tag":[],"class_list":{"0":"post-20215","1":"product","2":"type-product","3":"status-publish","4":"has-post-thumbnail","6":"product_cat-led-profilis","8":"first","9":"instock","10":"taxable","11":"shipping-taxable","12":"purchasable","13":"product-type-simple"},"_links":{"self":[{"href":"https:\/\/e-led.lv\/lv\/wp-json\/wp\/v2\/product\/20215","targetHints":{"allow":["GET"]}}],"collection":[{"href":"https:\/\/e-led.lv\/lv\/wp-json\/wp\/v2\/product"}],"about":[{"href":"https:\/\/e-led.lv\/lv\/wp-json\/wp\/v2\/types\/product"}],"version-history":[{"count":0,"href":"https:\/\/e-led.lv\/lv\/wp-json\/wp\/v2\/product\/20215\/revisions"}],"wp:featuredmedia":[{"embeddable":true,"href":"https:\/\/e-led.lv\/lv\/wp-json\/wp\/v2\/media\/19448"}],"wp:attachment":[{"href":"https:\/\/e-led.lv\/lv\/wp-json\/wp\/v2\/media?parent=20215"}],"wp:term":[{"taxonomy":"product_brand","embeddable":true,"href":"https:\/\/e-led.lv\/lv\/wp-json\/wp\/v2\/product_brand?post=20215"},{"taxonomy":"product_cat","embeddable":true,"href":"https:\/\/e-led.lv\/lv\/wp-json\/wp\/v2\/product_cat?post=20215"},{"taxonomy":"product_tag","embeddable":true,"href":"https:\/\/e-led.lv\/lv\/wp-json\/wp\/v2\/product_tag?post=20215"}],"curies":[{"name":"wp","href":"https:\/\/api.w.org\/{rel}","templated":true}]}}