{"id":20219,"date":"2021-03-11T10:54:54","date_gmt":"2021-03-29T16:29:43","guid":{"rendered":"http:\/\/e-led.lv\/product\/kozus-peleks-gala-vacins\/"},"modified":"2021-03-29T19:29:43","modified_gmt":"2021-03-29T16:29:43","slug":"kozus-peleks-gala-vacins","status":"publish","type":"product","link":"https:\/\/e-led.lv\/lv\/kozus-peleks-gala-vacins\/","title":{"rendered":"KOZUS pel\u0113ks Gala v\u0101ci\u0146\u0161"},"content":{"rendered":"<table class=\"table table-sm table-striped\">\n<tbody>\n<tr>\n<td>Materi\u0101ls<\/td>\n<td>PP<\/td>\n<\/tr>\n<tr>\n<td>Kr\u0101sa<\/td>\n<td>pel\u0113ks<\/td>\n<\/tr>\n<\/tbody>\n<\/table>\n<div>\n<p><a href=\"http:\/\/e-led.lv\/wp-content\/uploads\/2021\/03\/Product_card_KOZUS_grey_End_cap.pdf\"><strong data-wp-editing=\"1\"><img decoding=\"async\" class=\" wd-lazy-fade wp-image-10558 alignnone\" role=\"img\" src=\"https:\/\/e-led.lv\/wp-content\/themes\/woodmart\/images\/lazy.svg\" data-src=\"http:\/\/e-led.lv\/wp-content\/uploads\/\/2020\/11\/file-pdf-regular.svg\" alt=\"\" width=\"22\" height=\"29\"> Specifik\u0101cijas lapa (pdf)<\/strong><\/a><\/p>\n<\/div>\n","protected":false},"excerpt":{"rendered":"<p style=\"text-align: center;\">Augsta iztur\u012bba pret boj\u0101jumiem<\/p>\n<p style=\"text-align: center;\">Ner\u016bs\u0113s<\/p>\n<p style=\"text-align: center;\">Vienk\u0101r\u0161a mont\u0101\u017ea<\/p>\n<p style=\"text-align: center;\">Est\u0113tiski ekstr\u016bzijas pabeig\u0161ana<\/p>\n","protected":false},"featured_media":19469,"template":"","meta":[],"product_brand":[],"product_cat":[129],"product_tag":[],"class_list":{"0":"post-20219","1":"product","2":"type-product","3":"status-publish","4":"has-post-thumbnail","6":"product_cat-led-profilis","8":"first","9":"instock","10":"taxable","11":"shipping-taxable","12":"purchasable","13":"product-type-simple"},"_links":{"self":[{"href":"https:\/\/e-led.lv\/lv\/wp-json\/wp\/v2\/product\/20219","targetHints":{"allow":["GET"]}}],"collection":[{"href":"https:\/\/e-led.lv\/lv\/wp-json\/wp\/v2\/product"}],"about":[{"href":"https:\/\/e-led.lv\/lv\/wp-json\/wp\/v2\/types\/product"}],"version-history":[{"count":0,"href":"https:\/\/e-led.lv\/lv\/wp-json\/wp\/v2\/product\/20219\/revisions"}],"wp:featuredmedia":[{"embeddable":true,"href":"https:\/\/e-led.lv\/lv\/wp-json\/wp\/v2\/media\/19469"}],"wp:attachment":[{"href":"https:\/\/e-led.lv\/lv\/wp-json\/wp\/v2\/media?parent=20219"}],"wp:term":[{"taxonomy":"product_brand","embeddable":true,"href":"https:\/\/e-led.lv\/lv\/wp-json\/wp\/v2\/product_brand?post=20219"},{"taxonomy":"product_cat","embeddable":true,"href":"https:\/\/e-led.lv\/lv\/wp-json\/wp\/v2\/product_cat?post=20219"},{"taxonomy":"product_tag","embeddable":true,"href":"https:\/\/e-led.lv\/lv\/wp-json\/wp\/v2\/product_tag?post=20219"}],"curies":[{"name":"wp","href":"https:\/\/api.w.org\/{rel}","templated":true}]}}