{"id":20220,"date":"2021-03-11T11:04:16","date_gmt":"2021-03-29T16:29:56","guid":{"rendered":"http:\/\/e-led.lv\/product\/hs-22-caurspidigs-vaks\/"},"modified":"2021-03-29T19:29:56","modified_gmt":"2021-03-29T16:29:56","slug":"hs-22-caurspidigs-vaks","status":"publish","type":"product","link":"https:\/\/e-led.lv\/lv\/hs-22-caurspidigs-vaks\/","title":{"rendered":"HS-22 caursp\u012bd\u012bgs v\u0101ks"},"content":{"rendered":"<table class=\"table table-sm table-striped\">\n<tbody>\n<tr>\n<td>Materi\u0101ls<\/td>\n<td>Dators<\/td>\n<\/tr>\n<tr>\n<td>Pieejamais garums<\/td>\n<td>1000 mm, 2000 mm, 3000 mm<\/td>\n<\/tr>\n<tr>\n<td>UV iztur\u012bba<\/td>\n<td>J\u0101<\/td>\n<\/tr>\n<\/tbody>\n<\/table>\n<div><\/div>\n<div>\n<p><img decoding=\"async\" class=\"img-fluid\" src=\"https:\/\/klusdesign.eu\/files\/28522d17-d89e-4a64-8907-c5c9e72e3b2e\/Cover%20HS-22.png\" alt=\"\"><\/p>\n<p><a href=\"http:\/\/e-led.lv\/wp-content\/uploads\/2021\/03\/Product_card_HS-22_clear_Cover.pdf\"><strong data-wp-editing=\"1\"><img decoding=\"async\" class=\" wd-lazy-fade wp-image-10558 alignnone\" role=\"img\" src=\"https:\/\/e-led.lv\/wp-content\/themes\/woodmart\/images\/lazy.svg\" data-src=\"http:\/\/e-led.lv\/wp-content\/uploads\/\/2020\/11\/file-pdf-regular.svg\" alt=\"\" width=\"22\" height=\"29\"> Specifik\u0101cijas lapa (pdf)<\/strong><\/a><\/p>\n<\/div>\n","protected":false},"excerpt":{"rendered":"<p style=\"text-align: center;\">2 gadu garantija optiskaj\u0101m un meh\u0101niskaj\u0101m \u012bpa\u0161\u012bb\u0101m<\/p>\n<p style=\"text-align: center;\">Laba meh\u0101nisk\u0101 pretest\u012bba<\/p>\n<p style=\"text-align: center;\">Ugunsiztur\u012bbas klase<\/p>\n<p style=\"text-align: center;\"><em><strong>Cena par metru<\/strong><\/em><\/p>\n","protected":false},"featured_media":19492,"template":"","meta":[],"product_brand":[],"product_cat":[129],"product_tag":[],"class_list":{"0":"post-20220","1":"product","2":"type-product","3":"status-publish","4":"has-post-thumbnail","6":"product_cat-led-profilis","8":"first","9":"instock","10":"taxable","11":"shipping-taxable","12":"purchasable","13":"product-type-simple"},"_links":{"self":[{"href":"https:\/\/e-led.lv\/lv\/wp-json\/wp\/v2\/product\/20220","targetHints":{"allow":["GET"]}}],"collection":[{"href":"https:\/\/e-led.lv\/lv\/wp-json\/wp\/v2\/product"}],"about":[{"href":"https:\/\/e-led.lv\/lv\/wp-json\/wp\/v2\/types\/product"}],"version-history":[{"count":0,"href":"https:\/\/e-led.lv\/lv\/wp-json\/wp\/v2\/product\/20220\/revisions"}],"wp:featuredmedia":[{"embeddable":true,"href":"https:\/\/e-led.lv\/lv\/wp-json\/wp\/v2\/media\/19492"}],"wp:attachment":[{"href":"https:\/\/e-led.lv\/lv\/wp-json\/wp\/v2\/media?parent=20220"}],"wp:term":[{"taxonomy":"product_brand","embeddable":true,"href":"https:\/\/e-led.lv\/lv\/wp-json\/wp\/v2\/product_brand?post=20220"},{"taxonomy":"product_cat","embeddable":true,"href":"https:\/\/e-led.lv\/lv\/wp-json\/wp\/v2\/product_cat?post=20220"},{"taxonomy":"product_tag","embeddable":true,"href":"https:\/\/e-led.lv\/lv\/wp-json\/wp\/v2\/product_tag?post=20220"}],"curies":[{"name":"wp","href":"https:\/\/api.w.org\/{rel}","templated":true}]}}