{"id":20221,"date":"2021-03-11T11:06:44","date_gmt":"2021-03-29T16:30:11","guid":{"rendered":"http:\/\/e-led.lv\/product\/kozma-profils\/"},"modified":"2021-03-29T19:30:11","modified_gmt":"2021-03-29T16:30:11","slug":"kozma-profils","status":"publish","type":"product","link":"https:\/\/e-led.lv\/lv\/kozma-profils\/","title":{"rendered":"KOZMA profils"},"content":{"rendered":"<h2><strong>Tehnisk\u0101 specifik\u0101cija<\/strong><\/h2>\n<div class=\"product-details-specs-content\">\n<div>\n<p><strong>Pieteikums<\/strong><\/p>\n<div class=\"customDiv\">\n<p>&#8211; stiprin\u0101jumam ar gaismas l\u012bnijas efektu j\u0101sakr\u012bt ar griestu virsmu bez redzamiem alum\u012bnija elementiem<\/p>\n<\/div>\n<\/div>\n<div>\n<p><strong>Mont\u0101\u017ea<\/strong><\/p>\n<div class=\"customDiv\">\n<p>&#8211; mont\u0101\u017eai kartona-\u0123ip\u0161a pl\u0101ksn\u0113, izmantojot stiprin\u0101juma l\u012bmes, p\u0113c tam sietu un apdari ar apmetumu<br \/>\n&#8211; aizsarg\u0101jo\u0161ais ieliktnis TECH-KA nodro\u0161ina, ka profila sprauga paliek pietiekami pla\u0161a, lai to var\u0113tu iespraust. T\u0101s izmanto\u0161ana ir nepiecie\u0161ama mont\u0101\u017eas un apdares darbu laik\u0101.<\/p>\n<\/div>\n<\/div>\n<\/div>\n<p><img decoding=\"async\" class=\"img-fluid\" src=\"https:\/\/klusdesign.eu\/files\/abd40dd8-bede-4df4-aa63-afb0397ba427\/kozma.png\" alt=\"\"><\/p>\n<div>\n<p><a href=\"http:\/\/e-led.lv\/wp-content\/uploads\/2021\/03\/Product_card_KOZMA_Profile.pdf\"><strong data-wp-editing=\"1\"><img decoding=\"async\" class=\" wd-lazy-fade wp-image-10558 alignnone\" role=\"img\" src=\"https:\/\/e-led.lv\/wp-content\/themes\/woodmart\/images\/lazy.svg\" data-src=\"http:\/\/e-led.lv\/wp-content\/uploads\/\/2020\/11\/file-pdf-regular.svg\" alt=\"\" width=\"22\" height=\"29\"> Specifik\u0101cijas lapa (pdf)<\/strong><\/a><\/p>\n<\/div>\n","protected":false},"excerpt":{"rendered":"<p style=\"text-align: center;\">Paredz\u0113ts, lai sasniegtu IP67 \u016bdensnecaurlaid\u012bbu<\/p>\n<p style=\"text-align: center;\">\u0160aura gaismas l\u012bnija<\/p>\n<p style=\"text-align: center;\">Profils ir vien\u0101 l\u012bmen\u012b ar griestiem vai sienas virsmu<\/p>\n<p style=\"text-align: center;\">Neredzami alum\u012bnija komponenti<\/p>\n<p style=\"text-align: center;\"><em><strong>Cena par metru<\/strong><\/em><\/p>\n","protected":false},"featured_media":19501,"template":"","meta":[],"product_brand":[],"product_cat":[129],"product_tag":[],"class_list":{"0":"post-20221","1":"product","2":"type-product","3":"status-publish","4":"has-post-thumbnail","6":"product_cat-led-profilis","8":"first","9":"instock","10":"taxable","11":"shipping-taxable","12":"purchasable","13":"product-type-simple"},"_links":{"self":[{"href":"https:\/\/e-led.lv\/lv\/wp-json\/wp\/v2\/product\/20221","targetHints":{"allow":["GET"]}}],"collection":[{"href":"https:\/\/e-led.lv\/lv\/wp-json\/wp\/v2\/product"}],"about":[{"href":"https:\/\/e-led.lv\/lv\/wp-json\/wp\/v2\/types\/product"}],"version-history":[{"count":0,"href":"https:\/\/e-led.lv\/lv\/wp-json\/wp\/v2\/product\/20221\/revisions"}],"wp:featuredmedia":[{"embeddable":true,"href":"https:\/\/e-led.lv\/lv\/wp-json\/wp\/v2\/media\/19501"}],"wp:attachment":[{"href":"https:\/\/e-led.lv\/lv\/wp-json\/wp\/v2\/media?parent=20221"}],"wp:term":[{"taxonomy":"product_brand","embeddable":true,"href":"https:\/\/e-led.lv\/lv\/wp-json\/wp\/v2\/product_brand?post=20221"},{"taxonomy":"product_cat","embeddable":true,"href":"https:\/\/e-led.lv\/lv\/wp-json\/wp\/v2\/product_cat?post=20221"},{"taxonomy":"product_tag","embeddable":true,"href":"https:\/\/e-led.lv\/lv\/wp-json\/wp\/v2\/product_tag?post=20221"}],"curies":[{"name":"wp","href":"https:\/\/api.w.org\/{rel}","templated":true}]}}