{"id":20236,"date":"2021-03-11T10:35:48","date_gmt":"2021-03-29T16:34:08","guid":{"rendered":"http:\/\/e-led.lv\/product\/lokom-profils\/"},"modified":"2021-03-29T19:34:08","modified_gmt":"2021-03-29T16:34:08","slug":"lokom-profile-2","status":"publish","type":"product","link":"https:\/\/e-led.lv\/lv\/lokom-profile-2\/","title":{"rendered":"LOKOM profils"},"content":{"rendered":"<h2><strong>Tehnisk\u0101 specifik\u0101cija<\/strong><\/h2>\n<div class=\"product-details-specs-content\">\n<div>\n<p><strong>Pieteikums<\/strong><\/p>\n<div class=\"customDiv\">\n<p>&#8211; galven\u0101 apgaismojuma uzst\u0101d\u012b\u0161ana eso\u0161aj\u0101s drywall konstrukcij\u0101s<\/p>\n<\/div>\n<\/div>\n<div>\n<p><strong>Mont\u0101\u017ea<\/strong><\/p>\n<div class=\"customDiv\">\n<p>&#8211; piestiprin\u0101ts ar spail\u0113m stiprin\u0101juma ekstr\u016bzij\u0101<\/p>\n<\/div>\n<\/div>\n<\/div>\n<p><img decoding=\"async\" class=\"img-fluid\" src=\"https:\/\/klusdesign.eu\/files\/7f059ca3-652f-4480-a41e-6f38f492d340\/lokom.png\" alt=\"\"><\/p>\n<div>\n<p><a href=\"http:\/\/e-led.lv\/wp-content\/uploads\/2021\/03\/Product_card_LOKOM_Profile.pdf\"><strong data-wp-editing=\"1\"><img decoding=\"async\" class=\" wd-lazy-fade wp-image-10558 alignnone\" role=\"img\" src=\"https:\/\/e-led.lv\/wp-content\/themes\/woodmart\/images\/lazy.svg\" data-src=\"http:\/\/e-led.lv\/wp-content\/uploads\/\/2020\/11\/file-pdf-regular.svg\" alt=\"\" width=\"22\" height=\"29\"> Specifik\u0101cijas lapa (pdf)<\/strong><\/a><\/p>\n<\/div>\n","protected":false},"excerpt":{"rendered":"<p style=\"text-align: center;\">Paredz\u0113ts, lai sasniegtu IP65 \u016bdensnecaurlaid\u012bbu<\/p>\n<p style=\"text-align: center;\">Sp\u0113ja izveidot gaismas l\u012bniju<\/p>\n<p style=\"text-align: center;\">Viegla mont\u0101\u017ea un demont\u0101\u017ea<\/p>\n<p style=\"text-align: center;\">Var kombin\u0113t taisn\u0101 un sadal\u012bt\u0101 line\u0101r\u0101 skr\u0113jien\u0101<\/p>\n<p style=\"text-align: center;\"><em><strong>Cena par metru<\/strong><\/em><\/p>\n","protected":false},"featured_media":19407,"template":"","meta":[],"product_brand":[],"product_cat":[129],"product_tag":[],"class_list":{"0":"post-20236","1":"product","2":"type-product","3":"status-publish","4":"has-post-thumbnail","6":"product_cat-led-profilis","8":"first","9":"instock","10":"taxable","11":"shipping-taxable","12":"purchasable","13":"product-type-simple"},"_links":{"self":[{"href":"https:\/\/e-led.lv\/lv\/wp-json\/wp\/v2\/product\/20236","targetHints":{"allow":["GET"]}}],"collection":[{"href":"https:\/\/e-led.lv\/lv\/wp-json\/wp\/v2\/product"}],"about":[{"href":"https:\/\/e-led.lv\/lv\/wp-json\/wp\/v2\/types\/product"}],"version-history":[{"count":0,"href":"https:\/\/e-led.lv\/lv\/wp-json\/wp\/v2\/product\/20236\/revisions"}],"wp:featuredmedia":[{"embeddable":true,"href":"https:\/\/e-led.lv\/lv\/wp-json\/wp\/v2\/media\/19407"}],"wp:attachment":[{"href":"https:\/\/e-led.lv\/lv\/wp-json\/wp\/v2\/media?parent=20236"}],"wp:term":[{"taxonomy":"product_brand","embeddable":true,"href":"https:\/\/e-led.lv\/lv\/wp-json\/wp\/v2\/product_brand?post=20236"},{"taxonomy":"product_cat","embeddable":true,"href":"https:\/\/e-led.lv\/lv\/wp-json\/wp\/v2\/product_cat?post=20236"},{"taxonomy":"product_tag","embeddable":true,"href":"https:\/\/e-led.lv\/lv\/wp-json\/wp\/v2\/product_tag?post=20236"}],"curies":[{"name":"wp","href":"https:\/\/api.w.org\/{rel}","templated":true}]}}