{"id":20241,"date":"2021-03-11T10:41:50","date_gmt":"2021-03-29T16:35:25","guid":{"rendered":"http:\/\/e-led.lv\/product\/liger-22-matets-parvalks\/"},"modified":"2021-03-29T19:35:25","modified_gmt":"2021-03-29T16:35:25","slug":"liger-22-matets-segums","status":"publish","type":"product","link":"https:\/\/e-led.lv\/lv\/liger-22-matets-segums\/","title":{"rendered":"LIGER-22 mat\u0113ts p\u0101rvalks"},"content":{"rendered":"<table class=\"table table-sm table-striped\">\n<tbody>\n<tr>\n<td>Materi\u0101ls<\/td>\n<td>Dators<\/td>\n<\/tr>\n<tr>\n<td>Pieejamais garums<\/td>\n<td>1000 mm, 2000 mm, 3000 mm<\/td>\n<\/tr>\n<tr>\n<td>UV iztur\u012bba<\/td>\n<td>palielin\u0101j\u0101s<\/td>\n<\/tr>\n<\/tbody>\n<\/table>\n<p><img decoding=\"async\" class=\"img-fluid\" src=\"https:\/\/klusdesign.eu\/files\/e69ff2ff-1603-44c3-b5b8-516dde9aaa8c\/Cover%20LIGER-22.png\" alt=\"\"><\/p>\n<div>\n<p><a href=\"http:\/\/e-led.lv\/wp-content\/uploads\/2021\/03\/Product_card_LIGER-22_frosted_Cover.pdf\"><strong data-wp-editing=\"1\"><img decoding=\"async\" class=\" wd-lazy-fade wp-image-10558 alignnone\" role=\"img\" src=\"https:\/\/e-led.lv\/wp-content\/themes\/woodmart\/images\/lazy.svg\" data-src=\"http:\/\/e-led.lv\/wp-content\/uploads\/\/2020\/11\/file-pdf-regular.svg\" alt=\"\" width=\"22\" height=\"29\"> Specifik\u0101cijas lapa (pdf)<\/strong><\/a><\/p>\n<\/div>\n","protected":false},"excerpt":{"rendered":"<p style=\"text-align: center;\">V\u0101ks velt\u012bts gaismas l\u012bnijas veido\u0161anai<\/p>\n<p style=\"text-align: center;\">Piem\u0113rots LIPOD profilu grupai (piem\u0113ram, LIPOD, LARKO, LOKOM, LESTO, KOZEL, KOZUS)<\/p>\n<p style=\"text-align: center;\">M\u0113s iesak\u0101m to izmantot ar saliekt\u0101m ekstr\u016bzij\u0101m<\/p>\n<p style=\"text-align: center;\">\u013boti laba gaismas izkliede<\/p>\n<p style=\"text-align: center;\"><em><strong>Cena par metru<\/strong><\/em><\/p>\n","protected":false},"featured_media":19429,"template":"","meta":[],"product_brand":[],"product_cat":[129],"product_tag":[],"class_list":{"0":"post-20241","1":"product","2":"type-product","3":"status-publish","4":"has-post-thumbnail","6":"product_cat-led-profilis","8":"first","9":"instock","10":"taxable","11":"shipping-taxable","12":"purchasable","13":"product-type-simple"},"_links":{"self":[{"href":"https:\/\/e-led.lv\/lv\/wp-json\/wp\/v2\/product\/20241","targetHints":{"allow":["GET"]}}],"collection":[{"href":"https:\/\/e-led.lv\/lv\/wp-json\/wp\/v2\/product"}],"about":[{"href":"https:\/\/e-led.lv\/lv\/wp-json\/wp\/v2\/types\/product"}],"version-history":[{"count":0,"href":"https:\/\/e-led.lv\/lv\/wp-json\/wp\/v2\/product\/20241\/revisions"}],"wp:featuredmedia":[{"embeddable":true,"href":"https:\/\/e-led.lv\/lv\/wp-json\/wp\/v2\/media\/19429"}],"wp:attachment":[{"href":"https:\/\/e-led.lv\/lv\/wp-json\/wp\/v2\/media?parent=20241"}],"wp:term":[{"taxonomy":"product_brand","embeddable":true,"href":"https:\/\/e-led.lv\/lv\/wp-json\/wp\/v2\/product_brand?post=20241"},{"taxonomy":"product_cat","embeddable":true,"href":"https:\/\/e-led.lv\/lv\/wp-json\/wp\/v2\/product_cat?post=20241"},{"taxonomy":"product_tag","embeddable":true,"href":"https:\/\/e-led.lv\/lv\/wp-json\/wp\/v2\/product_tag?post=20241"}],"curies":[{"name":"wp","href":"https:\/\/api.w.org\/{rel}","templated":true}]}}