{"id":20250,"date":"2021-03-11T10:18:33","date_gmt":"2021-03-29T16:36:45","guid":{"rendered":"http:\/\/e-led.lv\/product\/hr-alu-profils\/"},"modified":"2021-03-29T19:36:45","modified_gmt":"2021-03-29T16:36:45","slug":"hr-alu-profils","status":"publish","type":"product","link":"https:\/\/e-led.lv\/lv\/hr-alu-profils\/","title":{"rendered":"HR-ALU profils"},"content":{"rendered":"<h2><strong>Tehnisk\u0101 specifik\u0101cija<\/strong><\/h2>\n<div class=\"product-details-specs-content\">\n<div>\n<p><strong>Pieteikums<\/strong><\/p>\n<div class=\"customDiv\">\n<p>&#8211; \u016bdensiztur\u012bgi, uz gr\u012bdas uzst\u0101d\u012bti apgaismes \u0137erme\u0146i telp\u0101s, kuras \u012bslaic\u012bgi pak\u013cautas \u016bdenim (piem\u0113ram, vannas istabas)<\/p>\n<\/div>\n<\/div>\n<div>\n<p><strong>Mont\u0101\u017ea<\/strong><\/p>\n<div class=\"customDiv\">\n<p>&#8211; iel\u012bm\u0113ts sagatavotaj\u0101 atstarp\u0113 starp gr\u012bdas fl\u012bz\u0113m (vai sienas fl\u012bz\u0113m)<br \/>\n&#8211; atliku\u0161o spraugu aizpilda ar javu<\/p>\n<\/div>\n<\/div>\n<\/div>\n<p><img decoding=\"async\" class=\"img-fluid\" src=\"https:\/\/klusdesign.eu\/files\/347329c3-a7c7-4846-aec9-4fc3fadc34cb\/hr-alu.png\" alt=\"\"><\/p>\n<p>&nbsp;<\/p>\n<div>\n<p><a href=\"http:\/\/e-led.lv\/wp-content\/uploads\/2021\/03\/Product_card_HR-ALU_Profile.pdf\"><strong data-wp-editing=\"1\"><img decoding=\"async\" class=\" wd-lazy-fade wp-image-10558 alignnone\" role=\"img\" src=\"https:\/\/e-led.lv\/wp-content\/themes\/woodmart\/images\/lazy.svg\" data-src=\"http:\/\/e-led.lv\/wp-content\/uploads\/\/2020\/11\/file-pdf-regular.svg\" alt=\"\" width=\"22\" height=\"29\"> Specifik\u0101cijas lapa (pdf)<\/strong><\/a><\/p>\n<\/div>\n","protected":false},"excerpt":{"rendered":"<p style=\"text-align: center;\">Paredz\u0113ts, lai sasniegtu IP67 \u016bdensnecaurlaid\u012bbu<\/p>\n<p style=\"text-align: center;\">Mazs izm\u0113rs<\/p>\n<p style=\"text-align: center;\">Iztur\u012bga pret gr\u012bdas paredzamaj\u0101m standarta slodz\u0113m<\/p>\n<p style=\"text-align: center;\"><em><strong>Cena par metru<\/strong><\/em><\/p>\n","protected":false},"featured_media":19345,"template":"","meta":[],"product_brand":[],"product_cat":[129],"product_tag":[],"class_list":{"0":"post-20250","1":"product","2":"type-product","3":"status-publish","4":"has-post-thumbnail","6":"product_cat-led-profilis","8":"first","9":"instock","10":"taxable","11":"shipping-taxable","12":"purchasable","13":"product-type-simple"},"_links":{"self":[{"href":"https:\/\/e-led.lv\/lv\/wp-json\/wp\/v2\/product\/20250","targetHints":{"allow":["GET"]}}],"collection":[{"href":"https:\/\/e-led.lv\/lv\/wp-json\/wp\/v2\/product"}],"about":[{"href":"https:\/\/e-led.lv\/lv\/wp-json\/wp\/v2\/types\/product"}],"version-history":[{"count":0,"href":"https:\/\/e-led.lv\/lv\/wp-json\/wp\/v2\/product\/20250\/revisions"}],"wp:featuredmedia":[{"embeddable":true,"href":"https:\/\/e-led.lv\/lv\/wp-json\/wp\/v2\/media\/19345"}],"wp:attachment":[{"href":"https:\/\/e-led.lv\/lv\/wp-json\/wp\/v2\/media?parent=20250"}],"wp:term":[{"taxonomy":"product_brand","embeddable":true,"href":"https:\/\/e-led.lv\/lv\/wp-json\/wp\/v2\/product_brand?post=20250"},{"taxonomy":"product_cat","embeddable":true,"href":"https:\/\/e-led.lv\/lv\/wp-json\/wp\/v2\/product_cat?post=20250"},{"taxonomy":"product_tag","embeddable":true,"href":"https:\/\/e-led.lv\/lv\/wp-json\/wp\/v2\/product_tag?post=20250"}],"curies":[{"name":"wp","href":"https:\/\/api.w.org\/{rel}","templated":true}]}}