{"id":20265,"date":"2021-03-11T16:06:33","date_gmt":"2021-03-11T13:06:33","guid":{"rendered":"http:\/\/e-led.lv\/product\/kozel-grey-end-cap\/"},"modified":"2021-03-29T19:40:39","modified_gmt":"2021-03-29T16:40:39","slug":"kozel-grey-end-cap","status":"publish","type":"product","link":"https:\/\/e-led.lv\/lv\/kozel-grey-end-cap\/","title":{"rendered":"KOZEL grey End cap"},"content":{"rendered":"<table class=\"table table-sm table-striped\">\n<tbody>\n<tr>\n<td>Materials<\/td>\n<td>PP<\/td>\n<\/tr>\n<tr>\n<td>Kr\u0101sa<\/td>\n<td>pel\u0113ks<\/td>\n<\/tr>\n<\/tbody>\n<\/table>\n<div>\n<p><a href=\"http:\/\/e-led.lv\/wp-content\/uploads\/2021\/03\/Product_card_KOZEL_grey_End_cap.pdf\"><strong data-wp-editing=\"1\"><img decoding=\"async\" class=\" wd-lazy-fade wp-image-10558 alignnone\" role=\"img\" src=\"https:\/\/e-led.lv\/wp-content\/themes\/woodmart\/images\/lazy.svg\" data-src=\"http:\/\/e-led.lv\/wp-content\/uploads\/\/2020\/11\/file-pdf-regular.svg\" alt=\"\" width=\"22\" height=\"29\" \/> Specification sheet (pdf)<\/strong><\/a><\/p>\n<\/div>\n","protected":false},"excerpt":{"rendered":"<p style=\"text-align: center;\">Augsta iztur\u012bba pret boj\u0101jumiem<\/p>\n<p style=\"text-align: center;\">Ner\u016bs\u0113s<\/p>\n<p style=\"text-align: center;\">Vienk\u0101r\u0161a mont\u0101\u017ea<\/p>\n<p style=\"text-align: center;\">Est\u0113tiski beidzot ekstr\u016bziju<\/p>\n","protected":false},"featured_media":19550,"template":"","meta":[],"product_brand":[],"product_cat":[129],"product_tag":[],"class_list":{"0":"post-20265","1":"product","2":"type-product","3":"status-publish","4":"has-post-thumbnail","6":"product_cat-led-profilis","8":"first","9":"instock","10":"taxable","11":"shipping-taxable","12":"purchasable","13":"product-type-simple"},"_links":{"self":[{"href":"https:\/\/e-led.lv\/lv\/wp-json\/wp\/v2\/product\/20265","targetHints":{"allow":["GET"]}}],"collection":[{"href":"https:\/\/e-led.lv\/lv\/wp-json\/wp\/v2\/product"}],"about":[{"href":"https:\/\/e-led.lv\/lv\/wp-json\/wp\/v2\/types\/product"}],"version-history":[{"count":0,"href":"https:\/\/e-led.lv\/lv\/wp-json\/wp\/v2\/product\/20265\/revisions"}],"wp:featuredmedia":[{"embeddable":true,"href":"https:\/\/e-led.lv\/lv\/wp-json\/wp\/v2\/media\/19550"}],"wp:attachment":[{"href":"https:\/\/e-led.lv\/lv\/wp-json\/wp\/v2\/media?parent=20265"}],"wp:term":[{"taxonomy":"product_brand","embeddable":true,"href":"https:\/\/e-led.lv\/lv\/wp-json\/wp\/v2\/product_brand?post=20265"},{"taxonomy":"product_cat","embeddable":true,"href":"https:\/\/e-led.lv\/lv\/wp-json\/wp\/v2\/product_cat?post=20265"},{"taxonomy":"product_tag","embeddable":true,"href":"https:\/\/e-led.lv\/lv\/wp-json\/wp\/v2\/product_tag?post=20265"}],"curies":[{"name":"wp","href":"https:\/\/api.w.org\/{rel}","templated":true}]}}