{"id":20845,"date":"2021-01-19T19:08:08","date_gmt":"2021-04-19T14:35:17","guid":{"rendered":"http:\/\/e-led.lv\/product\/big-theo\/"},"modified":"2021-04-19T17:35:17","modified_gmt":"2021-04-19T14:35:17","slug":"big-theo-6-2","status":"publish","type":"product","link":"https:\/\/e-led.lv\/lv\/big-theo-6-2\/","title":{"rendered":"BIG THEO"},"content":{"rendered":"<div>\n<div class=\"product-detail__description\">BIG THEO s\u0113rijas griestu gaisma ir izgatavota no alum\u012bnija un stikla, kas aptver lampu. Tas ir piem\u0113rots lieto\u0161anai \u0101rpus telp\u0101m, pateicoties t\u0101 IP44 aizsardz\u012bbas klasei. Gaismek\u013ca elektriskais savienojums, kas ir da\u017e\u0101d\u0101s kr\u0101s\u0101s, ir tie\u0161i pie 230 V t\u012bkla. BIG THEO s\u0113rij\u0101 ietilpst alternat\u012bvi sienas un griestu lukturi ar da\u017e\u0101d\u0101m kontaktligzd\u0101m, un t\u0101p\u0113c tos var izmantot univers\u0101li.<\/div>\n<\/div>\n<h1 class=\"headline headline--uppercase product-detail__headline\" style=\"text-align: center;\" data-qa=\"component headline\">Tehniskie dati<\/h1>\n<table width=\"506\">\n<tbody>\n<tr>\n<td width=\"141\">Produkta nosaukums<\/td>\n<td width=\"127\">BIG THEO<\/td>\n<td width=\"124\">IP kods<\/td>\n<td width=\"114\">IP 44<\/td>\n<\/tr>\n<tr>\n<td>BIG WHITE Page<\/td>\n<td>709<\/td>\n<td width=\"124\">Mont\u0101\u017ea<\/td>\n<td>Virsma<\/td>\n<\/tr>\n<tr>\n<td width=\"141\">Kr\u0101sa<\/td>\n<td>antrac\u012bts<\/td>\n<td>Mont\u0101\u017eas deta\u013cas<\/td>\n<td>Griesti<\/td>\n<\/tr>\n<tr>\n<td width=\"141\">Materi\u0101ls<\/td>\n<td>Alum\u012bnijs<\/td>\n<td width=\"124\">Forma<\/td>\n<td>kvadr\u0101ts<\/td>\n<\/tr>\n<tr>\n<td width=\"141\">elektrisk\u0101 jauda<\/td>\n<td>75 W<\/td>\n<td>Garums<\/td>\n<td>13 cm<\/td>\n<\/tr>\n<tr>\n<td width=\"141\">CRI<\/td>\n<td width=\"127\">90<\/td>\n<td>Platums<\/td>\n<td>13 cm<\/td>\n<\/tr>\n<tr>\n<td>Lampa<\/td>\n<td>QPAR111<\/td>\n<td>Augstums<\/td>\n<td>15 cm<\/td>\n<\/tr>\n<tr>\n<td width=\"141\">Kontaktligzda<\/td>\n<td>GU10<\/td>\n<td>Gaismas izeja<\/td>\n<td>tie\u0161s<\/td>\n<\/tr>\n<tr>\n<td width=\"141\">Kontaktligzdu skaits<\/td>\n<td>1<\/td>\n<td width=\"124\">Prim\u0101rais nomin\u0101lais spriegums<\/td>\n<td>230V ~ 50Hz<\/td>\n<\/tr>\n<tr>\n<td width=\"141\">Aizsardz\u012bbas kategorija<\/td>\n<td>I<\/td>\n<td>Neto svars<\/td>\n<td>1.01 kg<\/td>\n<\/tr>\n<\/tbody>\n<\/table>\n<p><strong><a href=\"http:\/\/e-led.lv\/wp-content\/uploads\/2021\/01\/263823.pdf\"><img decoding=\"async\" class=\" wd-lazy-fade wp-image-10558 alignnone\" role=\"img\" src=\"https:\/\/e-led.lv\/wp-content\/themes\/woodmart\/images\/lazy.svg\" data-src=\"http:\/\/e-led.lv\/wp-content\/uploads\/\/2020\/11\/file-pdf-regular.svg\" alt=\"\" width=\"22\" height=\"29\"> Manual (pdf)<\/a><\/strong><\/p>\n<p><strong><a href=\"http:\/\/e-led.lv\/wp-content\/uploads\/2021\/01\/211192.pdf\"><img decoding=\"async\" class=\" wd-lazy-fade wp-image-10558 alignnone\" role=\"img\" src=\"https:\/\/e-led.lv\/wp-content\/themes\/woodmart\/images\/lazy.svg\" data-src=\"http:\/\/e-led.lv\/wp-content\/uploads\/\/2020\/11\/file-pdf-regular.svg\" alt=\"\" width=\"22\" height=\"29\"> <span class=\"download-item__title\">CE declaration (pdf)<\/span><\/a><\/strong><\/p>\n<p><strong><a href=\"http:\/\/e-led.lv\/wp-content\/uploads\/2021\/01\/382503.pdf\"><img decoding=\"async\" class=\" wd-lazy-fade wp-image-10558 alignnone\" role=\"img\" src=\"https:\/\/e-led.lv\/wp-content\/themes\/woodmart\/images\/lazy.svg\" data-src=\"http:\/\/e-led.lv\/wp-content\/uploads\/\/2020\/11\/file-pdf-regular.svg\" alt=\"\" width=\"22\" height=\"29\"> <span class=\"download-item__title\">Assembly drawings (pdf)<\/span><\/a><\/strong><\/p>\n<p><a href=\"http:\/\/e-led.lv\/wp-content\/uploads\/2021\/01\/2011470.pdf\"><strong><img decoding=\"async\" class=\" wd-lazy-fade wp-image-10558 alignnone\" role=\"img\" src=\"https:\/\/e-led.lv\/wp-content\/themes\/woodmart\/images\/lazy.svg\" data-src=\"http:\/\/e-led.lv\/wp-content\/uploads\/\/2020\/11\/file-pdf-regular.svg\" alt=\"\" width=\"22\" height=\"29\"> <span class=\"download-item__title\">Datasheet (pdf)<\/span><\/strong><\/a><\/p>\n<p><a href=\"http:\/\/e-led.lv\/wp-content\/uploads\/2021\/01\/tender_text-99.txt\"><strong><img decoding=\"async\" class=\" wd-lazy-fade wp-image-10558 alignnone\" role=\"img\" src=\"https:\/\/e-led.lv\/wp-content\/themes\/woodmart\/images\/lazy.svg\" data-src=\"http:\/\/e-led.lv\/wp-content\/uploads\/\/2020\/11\/file-pdf-regular.svg\" alt=\"\" width=\"22\" height=\"29\"> Tender Text (txt)<\/strong><\/a><\/p>\n","protected":false},"excerpt":{"rendered":"<p><span class=\"product-configurator__variants\"><span class=\"product-configurator__description spacing-right--inner spacing-right--small\">\u0101ra griestu lampa, QPAR111, IP44, kvadr\u0101ts, antrac\u012bts, maks. 75W,<\/span><\/span><\/p>\n","protected":false},"featured_media":14822,"template":"","meta":[],"product_brand":[],"product_cat":[160],"product_tag":[],"class_list":{"0":"post-20845","1":"product","2":"type-product","3":"status-publish","4":"has-post-thumbnail","6":"product_cat-led-fasazu-apgaimojums","8":"first","9":"instock","10":"taxable","11":"shipping-taxable","12":"purchasable","13":"product-type-simple"},"_links":{"self":[{"href":"https:\/\/e-led.lv\/lv\/wp-json\/wp\/v2\/product\/20845","targetHints":{"allow":["GET"]}}],"collection":[{"href":"https:\/\/e-led.lv\/lv\/wp-json\/wp\/v2\/product"}],"about":[{"href":"https:\/\/e-led.lv\/lv\/wp-json\/wp\/v2\/types\/product"}],"version-history":[{"count":0,"href":"https:\/\/e-led.lv\/lv\/wp-json\/wp\/v2\/product\/20845\/revisions"}],"wp:featuredmedia":[{"embeddable":true,"href":"https:\/\/e-led.lv\/lv\/wp-json\/wp\/v2\/media\/14822"}],"wp:attachment":[{"href":"https:\/\/e-led.lv\/lv\/wp-json\/wp\/v2\/media?parent=20845"}],"wp:term":[{"taxonomy":"product_brand","embeddable":true,"href":"https:\/\/e-led.lv\/lv\/wp-json\/wp\/v2\/product_brand?post=20845"},{"taxonomy":"product_cat","embeddable":true,"href":"https:\/\/e-led.lv\/lv\/wp-json\/wp\/v2\/product_cat?post=20845"},{"taxonomy":"product_tag","embeddable":true,"href":"https:\/\/e-led.lv\/lv\/wp-json\/wp\/v2\/product_tag?post=20845"}],"curies":[{"name":"wp","href":"https:\/\/api.w.org\/{rel}","templated":true}]}}