{"id":20869,"date":"2021-01-19T20:40:41","date_gmt":"2021-04-19T14:54:45","guid":{"rendered":"http:\/\/e-led.lv\/product\/big-theo-wall\/"},"modified":"2021-04-19T17:54:45","modified_gmt":"2021-04-19T14:54:45","slug":"big-theo-wall-13","status":"publish","type":"product","link":"https:\/\/e-led.lv\/lv\/big-theo-wall-13\/","title":{"rendered":"BIG THEO WALL"},"content":{"rendered":"<div>\n<div class=\"product-detail__description\">BIG THEO WALL up up \/ down LED sienas gaisma ir izgatavota no alum\u012bnija un stikla. Pateicoties divu ieb\u016bv\u0113to gaismas diodu novietojumam, uzst\u0101d\u012btais gaismeklis rada divus vien\u0101dus, bet pret\u0113jus gaismas konusus (UZ AUG\u0160U \/ APAK\u0160U). Tas ir piem\u0113rots lieto\u0161anai \u0101rpus telp\u0101m, pateicoties t\u0101 IP44 aizsardz\u012bbas klasei. Pateicoties ieb\u016bv\u0113tajam LED draiverim, gaismek\u013ca elektriskais savienojums, kas pieejams vair\u0101k\u0101s kr\u0101su versij\u0101s, tiek veikts tie\u0161i pie 230 V t\u012bkla. Turkl\u0101t BIG THEO s\u0113rij\u0101 ietilpst sienas un griestu apgaismojums, un t\u0101p\u0113c t\u0101 ir univers\u0101li izvietojama. \u0160aj\u0101 gaismek\u013c\u0101 ir ieb\u016bv\u0113tas LED lampas.<\/div>\n<\/div>\n<h1 class=\"headline headline--uppercase product-detail__headline\" style=\"text-align: center;\" data-qa=\"component headline\">Tehniskie dati<\/h1>\n<table width=\"506\">\n<tbody>\n<tr>\n<td width=\"141\">Produkta nosaukums<\/td>\n<td width=\"127\">BIG THEO FLOOD UP\/DOWN<\/td>\n<td width=\"124\">Forma<\/td>\n<td width=\"114\">kvadr\u0101ts<\/td>\n<\/tr>\n<tr>\n<td width=\"141\">Kr\u0101sa<\/td>\n<td>balts<\/td>\n<td>Platums<\/td>\n<td>13 cm<\/td>\n<\/tr>\n<tr>\n<td>Materi\u0101ls<\/td>\n<td>Alum\u012bnijs<\/td>\n<td>Augstums<\/td>\n<td>27.5 cm<\/td>\n<\/tr>\n<tr>\n<td width=\"141\">elektrisk\u0101 jauda<\/td>\n<td>42 W<\/td>\n<td>Gaismas izeja<\/td>\n<td>tie\u0161s &#8211; netie\u0161s<\/td>\n<\/tr>\n<tr>\n<td>Lumen \/ jauda<\/td>\n<td>95.24 lm\/W<\/td>\n<td>Gaismas intensit\u0101tes sadal\u012bjums<\/td>\n<td>rot\u0101cijas simetrisks<\/td>\n<\/tr>\n<tr>\n<td>Gaismas pl\u016bsma<\/td>\n<td>4000 lm<\/td>\n<td>Kr\u0101su konsistence<\/td>\n<td>6 SDCM<\/td>\n<\/tr>\n<tr>\n<td>Kr\u0101su temperat\u016bra<\/td>\n<td>3000 Kelvinu<\/td>\n<td>Kalpo\u0161anas laiks<\/td>\n<td>30000 h<\/td>\n<\/tr>\n<tr>\n<td>Puse staru le\u0146\u0137a<\/td>\n<td>24 \u00b0<\/td>\n<td>Triecieniztur\u012bbas kategorija<\/td>\n<td>IK02<\/td>\n<\/tr>\n<tr>\n<td>CRI<\/td>\n<td>90<\/td>\n<td>Triecieniztur\u012bba<\/td>\n<td>0.2 joule<\/td>\n<\/tr>\n<tr>\n<td>Da\u017e\u0101das gaismas izejas<\/td>\n<td>2<\/td>\n<td>Prim\u0101rais nomin\u0101lais spriegums<\/td>\n<td>100-240V ~ 50 \/ 60Hz<\/td>\n<\/tr>\n<tr>\n<td width=\"141\">Aizsardz\u012bbas kategorija<\/td>\n<td>I<\/td>\n<td>Sekund\u0101r\u0101 jauda \/ sekund\u0101rais spriegums<\/td>\n<td>1000mA<\/td>\n<\/tr>\n<tr>\n<td width=\"141\">IP kods<\/td>\n<td>IP 44<\/td>\n<td>Neto svars<\/td>\n<td>2.33 kg<\/td>\n<\/tr>\n<tr>\n<td width=\"141\">Mont\u0101\u017ea<\/td>\n<td>Virsma<\/td>\n<td>Sv\u0113rtais pat\u0113ri\u0146\u0161<\/td>\n<td>42 kWh\/1.000h<\/td>\n<\/tr>\n<tr>\n<td>Mont\u0101\u017eas deta\u013cas<\/td>\n<td>Siena<\/td>\n<td>LXXBXX dati<\/td>\n<td>L70B50<\/td>\n<\/tr>\n<\/tbody>\n<\/table>\n<p><strong><a href=\"http:\/\/e-led.lv\/wp-content\/uploads\/2021\/01\/262837.pdf\"><img decoding=\"async\" class=\" wd-lazy-fade wp-image-10558 alignnone\" role=\"img\" src=\"https:\/\/e-led.lv\/wp-content\/themes\/woodmart\/images\/lazy.svg\" data-src=\"http:\/\/e-led.lv\/wp-content\/uploads\/\/2020\/11\/file-pdf-regular.svg\" alt=\"\" width=\"22\" height=\"29\"> Manual (pdf)<\/a><\/strong><\/p>\n<p><strong><a href=\"http:\/\/e-led.lv\/wp-content\/uploads\/2021\/01\/209981.pdf\"><img decoding=\"async\" class=\" wd-lazy-fade wp-image-10558 alignnone\" role=\"img\" src=\"https:\/\/e-led.lv\/wp-content\/themes\/woodmart\/images\/lazy.svg\" data-src=\"http:\/\/e-led.lv\/wp-content\/uploads\/\/2020\/11\/file-pdf-regular.svg\" alt=\"\" width=\"22\" height=\"29\"> <span class=\"download-item__title\">CE declaration (pdf)<\/span><\/a><\/strong><\/p>\n<p><strong><a href=\"http:\/\/e-led.lv\/wp-content\/uploads\/2021\/01\/381946.pdf\"><img decoding=\"async\" class=\" wd-lazy-fade wp-image-10558 alignnone\" role=\"img\" src=\"https:\/\/e-led.lv\/wp-content\/themes\/woodmart\/images\/lazy.svg\" data-src=\"http:\/\/e-led.lv\/wp-content\/uploads\/\/2020\/11\/file-pdf-regular.svg\" alt=\"\" width=\"22\" height=\"29\"> <span class=\"download-item__title\">Assembly drawings (pdf)<\/span><\/a><\/strong><\/p>\n<p><a href=\"http:\/\/e-led.lv\/wp-content\/uploads\/2021\/01\/2026660.pdf\"><strong><img decoding=\"async\" class=\" wd-lazy-fade wp-image-10558 alignnone\" role=\"img\" src=\"https:\/\/e-led.lv\/wp-content\/themes\/woodmart\/images\/lazy.svg\" data-src=\"http:\/\/e-led.lv\/wp-content\/uploads\/\/2020\/11\/file-pdf-regular.svg\" alt=\"\" width=\"22\" height=\"29\"> <span class=\"download-item__title\">Datasheet (pdf)<\/span><\/strong><\/a><\/p>\n<p><a href=\"http:\/\/e-led.lv\/wp-content\/uploads\/2021\/01\/tender_text-127.txt\"><strong><img decoding=\"async\" class=\" wd-lazy-fade wp-image-10558 alignnone\" role=\"img\" src=\"https:\/\/e-led.lv\/wp-content\/themes\/woodmart\/images\/lazy.svg\" data-src=\"http:\/\/e-led.lv\/wp-content\/uploads\/\/2020\/11\/file-pdf-regular.svg\" alt=\"\" width=\"22\" height=\"29\"> Tender Text (txt)<\/strong><\/a><\/p>\n","protected":false},"excerpt":{"rendered":"<p><span class=\"product-configurator__variants\"><span class=\"product-configurator__description spacing-right--inner spacing-right--small\">\u0101ra sienas gaisma, divvirzienu, LED, 3000K, pl\u016bdu aug\u0161up \/ lejup, balta, W\/H\/D 13\/27,5\/13,5 cm,<\/span><\/span><\/p>\n","protected":false},"featured_media":15714,"template":"","meta":[],"product_brand":[],"product_cat":[160],"product_tag":[],"class_list":{"0":"post-20869","1":"product","2":"type-product","3":"status-publish","4":"has-post-thumbnail","6":"product_cat-led-fasazu-apgaimojums","8":"first","9":"instock","10":"taxable","11":"shipping-taxable","12":"purchasable","13":"product-type-simple"},"_links":{"self":[{"href":"https:\/\/e-led.lv\/lv\/wp-json\/wp\/v2\/product\/20869","targetHints":{"allow":["GET"]}}],"collection":[{"href":"https:\/\/e-led.lv\/lv\/wp-json\/wp\/v2\/product"}],"about":[{"href":"https:\/\/e-led.lv\/lv\/wp-json\/wp\/v2\/types\/product"}],"version-history":[{"count":0,"href":"https:\/\/e-led.lv\/lv\/wp-json\/wp\/v2\/product\/20869\/revisions"}],"wp:featuredmedia":[{"embeddable":true,"href":"https:\/\/e-led.lv\/lv\/wp-json\/wp\/v2\/media\/15714"}],"wp:attachment":[{"href":"https:\/\/e-led.lv\/lv\/wp-json\/wp\/v2\/media?parent=20869"}],"wp:term":[{"taxonomy":"product_brand","embeddable":true,"href":"https:\/\/e-led.lv\/lv\/wp-json\/wp\/v2\/product_brand?post=20869"},{"taxonomy":"product_cat","embeddable":true,"href":"https:\/\/e-led.lv\/lv\/wp-json\/wp\/v2\/product_cat?post=20869"},{"taxonomy":"product_tag","embeddable":true,"href":"https:\/\/e-led.lv\/lv\/wp-json\/wp\/v2\/product_tag?post=20869"}],"curies":[{"name":"wp","href":"https:\/\/api.w.org\/{rel}","templated":true}]}}