{"id":20873,"date":"2021-01-19T20:07:29","date_gmt":"2021-04-19T14:59:22","guid":{"rendered":"http:\/\/e-led.lv\/product\/big-quad\/"},"modified":"2021-04-19T17:59:24","modified_gmt":"2021-04-19T14:59:24","slug":"big-quad","status":"publish","type":"product","link":"https:\/\/e-led.lv\/lv\/big-quad\/","title":{"rendered":"BIG QUAD"},"content":{"rendered":"<div>\n<div class=\"product-detail__description\">Sienas apgaismojums BIG QUAD, kas apr\u012bkots ar se\u0161iem augstas veiktsp\u0113jas silti baltiem Power LED, ir pieejams da\u017e\u0101d\u0101s kr\u0101su versij\u0101s. Abi pret\u0113ji izvietoti gaismas avoti rada divus l\u012bdz\u012bgus gaismas starus (UP \/ DOWN). Alum\u012bnija gaismek\u013ca elektriskais savienojums tiek veikts tie\u0161i pie 230 V t\u012bkla, izmantojot ieb\u016bv\u0113to draiveri. Pateicoties IP54 aizsardz\u012bbas klasei, gaismeklis ir piem\u0113rots izmanto\u0161anai \u0101rpus telp\u0101m.<\/div>\n<\/div>\n<h1 class=\"headline headline--uppercase product-detail__headline\" style=\"text-align: center;\" data-qa=\"component headline\">Tehniskie dati<\/h1>\n<table width=\"506\">\n<tbody>\n<tr>\n<td width=\"141\">Produkta nosaukums<\/td>\n<td width=\"127\">BIG QUAD UP\/DOWN<\/td>\n<td width=\"124\">Mont\u0101\u017eas deta\u013cas<\/td>\n<td width=\"114\">Siena<\/td>\n<\/tr>\n<tr>\n<td>BIG WHITE Page<\/td>\n<td>687<\/td>\n<td>Forma<\/td>\n<td>kvadr\u0101ts<\/td>\n<\/tr>\n<tr>\n<td width=\"141\">Kr\u0101sa<\/td>\n<td>balts<\/td>\n<td>Platums<\/td>\n<td>14 cm<\/td>\n<\/tr>\n<tr>\n<td>Materi\u0101ls<\/td>\n<td>Alum\u012bnijs<\/td>\n<td>Augstums<\/td>\n<td>14 cm<\/td>\n<\/tr>\n<tr>\n<td width=\"141\">elektrisk\u0101 jauda<\/td>\n<td>8.8 W<\/td>\n<td>Gaismas izeja<\/td>\n<td>tie\u0161s &#8211; netie\u0161s<\/td>\n<\/tr>\n<tr>\n<td>Lumen \/ jauda<\/td>\n<td>54.55 lm\/W<\/td>\n<td>Gaismas intensit\u0101tes sadal\u012bjums<\/td>\n<td>simetrisks<\/td>\n<\/tr>\n<tr>\n<td>Gaismas pl\u016bsma<\/td>\n<td>480 lm<\/td>\n<td>Kalpo\u0161anas laiks<\/td>\n<td>30000 h<\/td>\n<\/tr>\n<tr>\n<td>Kr\u0101su temperat\u016bra<\/td>\n<td>3000 Kelvinu<\/td>\n<td>Triecieniztur\u012bbas kategorija<\/td>\n<td>IK02<\/td>\n<\/tr>\n<tr>\n<td>Puse staru le\u0146\u0137a<\/td>\n<td>30 \u00b0<\/td>\n<td>Triecieniztur\u012bba<\/td>\n<td>0.2 joule<\/td>\n<\/tr>\n<tr>\n<td width=\"141\">CRI<\/td>\n<td>90<\/td>\n<td>Prim\u0101rais nomin\u0101lais spriegums<\/td>\n<td>200-240V ~50\/60Hz<\/td>\n<\/tr>\n<tr>\n<td>Da\u017e\u0101das gaismas izejas<\/td>\n<td>2<\/td>\n<td>Sekund\u0101r\u0101 jauda \/ sekund\u0101rais spriegums<\/td>\n<td>350mA<\/td>\n<\/tr>\n<tr>\n<td>Aizsardz\u012bbas kategorija<\/td>\n<td>I<\/td>\n<td>Neto svars<\/td>\n<td>0.9 kg<\/td>\n<\/tr>\n<tr>\n<td width=\"141\">IP kods<\/td>\n<td>IP 54<\/td>\n<td>Sv\u0113rtais pat\u0113ri\u0146\u0161<\/td>\n<td>8.8 kWh\/1.000h<\/td>\n<\/tr>\n<tr>\n<td width=\"141\">Mont\u0101\u017ea<\/td>\n<td>Virsma<\/td>\n<td>LXXBXX dati<\/td>\n<td>L70B50<\/td>\n<\/tr>\n<\/tbody>\n<\/table>\n<p><strong><a href=\"http:\/\/e-led.lv\/wp-content\/uploads\/2021\/01\/263177.pdf\"><img decoding=\"async\" class=\" wd-lazy-fade wp-image-10558 alignnone\" role=\"img\" src=\"https:\/\/e-led.lv\/wp-content\/themes\/woodmart\/images\/lazy.svg\" data-src=\"http:\/\/e-led.lv\/wp-content\/uploads\/\/2020\/11\/file-pdf-regular.svg\" alt=\"\" width=\"22\" height=\"29\"> Manual (pdf)<\/a><\/strong><\/p>\n<p><strong><a href=\"http:\/\/e-led.lv\/wp-content\/uploads\/2021\/01\/210422.pdf\"><img decoding=\"async\" class=\" wd-lazy-fade wp-image-10558 alignnone\" role=\"img\" src=\"https:\/\/e-led.lv\/wp-content\/themes\/woodmart\/images\/lazy.svg\" data-src=\"http:\/\/e-led.lv\/wp-content\/uploads\/\/2020\/11\/file-pdf-regular.svg\" alt=\"\" width=\"22\" height=\"29\"> <span class=\"download-item__title\">CE declaration (pdf)<\/span><\/a><\/strong><\/p>\n<p><strong><a href=\"http:\/\/e-led.lv\/wp-content\/uploads\/2021\/01\/382141.pdf\"><img decoding=\"async\" class=\" wd-lazy-fade wp-image-10558 alignnone\" role=\"img\" src=\"https:\/\/e-led.lv\/wp-content\/themes\/woodmart\/images\/lazy.svg\" data-src=\"http:\/\/e-led.lv\/wp-content\/uploads\/\/2020\/11\/file-pdf-regular.svg\" alt=\"\" width=\"22\" height=\"29\"> <span class=\"download-item__title\">Assembly drawings (pdf)<\/span><\/a><\/strong><\/p>\n<p><a href=\"http:\/\/e-led.lv\/wp-content\/uploads\/2021\/01\/2011768.pdf\"><strong data-wp-editing=\"1\"><img decoding=\"async\" class=\" wd-lazy-fade wp-image-10558 alignnone\" role=\"img\" src=\"https:\/\/e-led.lv\/wp-content\/themes\/woodmart\/images\/lazy.svg\" data-src=\"http:\/\/e-led.lv\/wp-content\/uploads\/\/2020\/11\/file-pdf-regular.svg\" alt=\"\" width=\"22\" height=\"29\"> <span class=\"download-item__title\">Datasheet (pdf)<\/span><\/strong><\/a><\/p>\n<p><a href=\"http:\/\/e-led.lv\/wp-content\/uploads\/2021\/01\/tender_text-116.txt\"><strong><img decoding=\"async\" class=\" wd-lazy-fade wp-image-10558 alignnone\" role=\"img\" src=\"https:\/\/e-led.lv\/wp-content\/themes\/woodmart\/images\/lazy.svg\" data-src=\"http:\/\/e-led.lv\/wp-content\/uploads\/\/2020\/11\/file-pdf-regular.svg\" alt=\"\" width=\"22\" height=\"29\"> Tender Text (txt)<\/strong><\/a><\/p>\n","protected":false},"excerpt":{"rendered":"<p><span class=\"product-configurator__variants\"><span class=\"product-configurator__description spacing-right--inner spacing-right--small\">sienas apgaismojums, LED, 3000K, IP54, kvadr\u0101tveida, balts, 8,75 W,<\/span><\/span><\/p>\n","protected":false},"featured_media":15382,"template":"","meta":[],"product_brand":[],"product_cat":[160],"product_tag":[],"class_list":{"0":"post-20873","1":"product","2":"type-product","3":"status-publish","4":"has-post-thumbnail","6":"product_cat-led-fasazu-apgaimojums","8":"first","9":"instock","10":"taxable","11":"shipping-taxable","12":"purchasable","13":"product-type-simple"},"_links":{"self":[{"href":"https:\/\/e-led.lv\/lv\/wp-json\/wp\/v2\/product\/20873","targetHints":{"allow":["GET"]}}],"collection":[{"href":"https:\/\/e-led.lv\/lv\/wp-json\/wp\/v2\/product"}],"about":[{"href":"https:\/\/e-led.lv\/lv\/wp-json\/wp\/v2\/types\/product"}],"version-history":[{"count":0,"href":"https:\/\/e-led.lv\/lv\/wp-json\/wp\/v2\/product\/20873\/revisions"}],"wp:featuredmedia":[{"embeddable":true,"href":"https:\/\/e-led.lv\/lv\/wp-json\/wp\/v2\/media\/15382"}],"wp:attachment":[{"href":"https:\/\/e-led.lv\/lv\/wp-json\/wp\/v2\/media?parent=20873"}],"wp:term":[{"taxonomy":"product_brand","embeddable":true,"href":"https:\/\/e-led.lv\/lv\/wp-json\/wp\/v2\/product_brand?post=20873"},{"taxonomy":"product_cat","embeddable":true,"href":"https:\/\/e-led.lv\/lv\/wp-json\/wp\/v2\/product_cat?post=20873"},{"taxonomy":"product_tag","embeddable":true,"href":"https:\/\/e-led.lv\/lv\/wp-json\/wp\/v2\/product_tag?post=20873"}],"curies":[{"name":"wp","href":"https:\/\/api.w.org\/{rel}","templated":true}]}}