{"id":20929,"date":"2021-01-20T20:16:43","date_gmt":"2021-04-19T16:16:38","guid":{"rendered":"http:\/\/e-led.lv\/product\/flatt-sensor\/"},"modified":"2021-04-19T19:16:39","modified_gmt":"2021-04-19T16:16:39","slug":"flatt-sensor","status":"publish","type":"product","link":"https:\/\/e-led.lv\/lv\/flatt-sensor\/","title":{"rendered":"FLATT SENSOR"},"content":{"rendered":"<div>\n<div class=\"product-detail__description\">Vai v\u0113laties sienas apgaismojumu, ko var bez piep\u016bles uzst\u0101d\u012bt? Tam vajadz\u0113tu b\u016bt vismaz IP 65 dro\u0161\u012bbas klasei, t\u0101p\u0113c tam j\u0101b\u016bt notur\u012bgam pret putek\u013ciem un pasarg\u0101tiem no \u016bdens izsmidzin\u0101\u0161anas no da\u017e\u0101diem virzieniem. M\u016bsu FLATT WL ir IP 65, un tas ir piem\u0113rots virsmas, ce\u013ca vai terases nodro\u0161in\u0101\u0161anai ar fantastisku apgaismojumu. Pateicoties ieb\u016bv\u0113tajam kust\u012bbas sensoram, gaismeklis sniedz iz\u0161\u0137iro\u0161u ieguld\u012bjumu dro\u0161a apgaismojuma nodro\u0161in\u0101\u0161an\u0101. Vai j\u016bs mekl\u0113jat p\u0101rsteidzo\u0161u gaismu savai \u0101ra teritorijai? To nodro\u0161ina FLATT POLE 65 gr\u012bdas stat\u012bva ieb\u016bv\u0113tais Premium LED. Starp citu, FLATT POLE 65 dod jums v\u0113l vair\u0101k priek\u0161roc\u012bbu k\u0101 da\u013ca no SLV saimes. T\u0101p\u0113c, ka 40 gadus esam guvu\u0161i pan\u0101kumus ar sav\u0101m apgaismojuma koncepcij\u0101m un turpin\u0101m noteikt augst\u0101ku lati\u0146u sev un saviem produktiem.<\/div>\n<\/div>\n<h1 class=\"headline headline--uppercase product-detail__headline\" style=\"text-align: center;\" data-qa=\"component headline\">Tehniskie dati<\/h1>\n<table width=\"537\">\n<tbody>\n<tr>\n<td width=\"175\">Produkta nosaukums<\/td>\n<td width=\"84\">FLATT<\/td>\n<td width=\"140\">Augstums<\/td>\n<td width=\"138\">23 cm<\/td>\n<\/tr>\n<tr>\n<td>BIG WHITE Page<\/td>\n<td>665<\/td>\n<td>Gaismas izeja<\/td>\n<td>tie\u0161s<\/td>\n<\/tr>\n<tr>\n<td width=\"175\">Kr\u0101sa<\/td>\n<td>antrac\u012bts<\/td>\n<td>Gaismas intensit\u0101tes sadal\u012bjums<\/td>\n<td>asimetrisks<\/td>\n<\/tr>\n<tr>\n<td width=\"175\">Materi\u0101ls<\/td>\n<td>Alum\u012bnijs<\/td>\n<td>Kr\u0101su konsistence<\/td>\n<td>6 SDCM<\/td>\n<\/tr>\n<tr>\n<td width=\"175\">elektrisk\u0101 jauda<\/td>\n<td>16 W<\/td>\n<td>Kalpo\u0161anas laiks<\/td>\n<td>54000 h<\/td>\n<\/tr>\n<tr>\n<td>Lumen \/ jauda<\/td>\n<td>37.5 lm\/W<\/td>\n<td>Triecieniztur\u012bbas kategorija<\/td>\n<td>IK03<\/td>\n<\/tr>\n<tr>\n<td>Gaismas pl\u016bsma<\/td>\n<td>600 lm<\/td>\n<td>Triecieniztur\u012bba<\/td>\n<td>0.35 joule<\/td>\n<\/tr>\n<tr>\n<td width=\"175\">CRI<\/td>\n<td width=\"84\">90<\/td>\n<td width=\"140\">Prim\u0101rais nomin\u0101lais spriegums<\/td>\n<td>100-277V ~50\/60Hz<\/td>\n<\/tr>\n<tr>\n<td>CCT sl\u0113dzis<\/td>\n<td>J\u0101<\/td>\n<td>Sekund\u0101r\u0101 jauda \/ sekund\u0101rais spriegums<\/td>\n<td>500mA<\/td>\n<\/tr>\n<tr>\n<td width=\"175\">Aizsardz\u012bbas kategorija<\/td>\n<td>I<\/td>\n<td>Apk\u0101rt\u0113j\u0101s vides temperat\u016bra<\/td>\n<td>40 \u00b0C<\/td>\n<\/tr>\n<tr>\n<td width=\"175\">IP kods<\/td>\n<td>IP 54<\/td>\n<td>Apk\u0101rt\u0113j\u0101s vides temperat\u016bra<\/td>\n<td>-25 &#8211; 40 \u00b0C<\/td>\n<\/tr>\n<tr>\n<td width=\"175\">Mont\u0101\u017ea<\/td>\n<td>Virsma<\/td>\n<td>Neto svars<\/td>\n<td>1.99 kg<\/td>\n<\/tr>\n<tr>\n<td>Mont\u0101\u017eas deta\u013cas<\/td>\n<td>Siena<\/td>\n<td>Sv\u0113rtais pat\u0113ri\u0146\u0161<\/td>\n<td>16 kWh\/1.000h<\/td>\n<\/tr>\n<tr>\n<td width=\"175\">Forma<\/td>\n<td>kvadr\u0101ts<\/td>\n<td>LXXBXX dati<\/td>\n<td>L70B50<\/td>\n<\/tr>\n<tr>\n<td>Platums<\/td>\n<td>18 cm<\/td>\n<td><\/td>\n<td><\/td>\n<\/tr>\n<\/tbody>\n<\/table>\n<p><strong><a href=\"http:\/\/e-led.lv\/wp-content\/uploads\/2021\/01\/1430507.pdf\"><img decoding=\"async\" class=\" wd-lazy-fade wp-image-10558 alignnone\" role=\"img\" src=\"https:\/\/e-led.lv\/wp-content\/themes\/woodmart\/images\/lazy.svg\" data-src=\"http:\/\/e-led.lv\/wp-content\/uploads\/\/2020\/11\/file-pdf-regular.svg\" alt=\"\" width=\"22\" height=\"29\"> Manual (pdf)<\/a><\/strong><\/p>\n<p><strong><a href=\"http:\/\/e-led.lv\/wp-content\/uploads\/2021\/01\/1333307.pdf\"><img decoding=\"async\" class=\" wd-lazy-fade wp-image-10558 alignnone\" role=\"img\" src=\"https:\/\/e-led.lv\/wp-content\/themes\/woodmart\/images\/lazy.svg\" data-src=\"http:\/\/e-led.lv\/wp-content\/uploads\/\/2020\/11\/file-pdf-regular.svg\" alt=\"\" width=\"22\" height=\"29\"> <span class=\"download-item__title\">CE deklar\u0101cija (pdf) <\/span><\/a><\/strong><\/p>\n<p><strong><a href=\"http:\/\/e-led.lv\/wp-content\/uploads\/2021\/01\/1424536.pdf\"><img decoding=\"async\" class=\" wd-lazy-fade wp-image-10558 alignnone\" role=\"img\" src=\"https:\/\/e-led.lv\/wp-content\/themes\/woodmart\/images\/lazy.svg\" data-src=\"http:\/\/e-led.lv\/wp-content\/uploads\/\/2020\/11\/file-pdf-regular.svg\" alt=\"\" width=\"22\" height=\"29\"> <span class=\"download-item__title\">Mont\u0101\u017eas ras\u0113jumi (pdf) <\/span><\/a><br \/>\n<\/strong><\/p>\n<p><a href=\"http:\/\/e-led.lv\/wp-content\/uploads\/2021\/01\/2015018.pdf\"><strong><img decoding=\"async\" class=\" wd-lazy-fade wp-image-10558 alignnone\" role=\"img\" src=\"https:\/\/e-led.lv\/wp-content\/themes\/woodmart\/images\/lazy.svg\" data-src=\"http:\/\/e-led.lv\/wp-content\/uploads\/\/2020\/11\/file-pdf-regular.svg\" alt=\"\" width=\"22\" height=\"29\"> <span class=\"download-item__title\">Datasheet (pdf)<\/span><\/strong><\/a><\/p>\n<p><a href=\"http:\/\/e-led.lv\/wp-content\/uploads\/2021\/01\/tender_text-152.txt\"><strong><img decoding=\"async\" class=\" wd-lazy-fade wp-image-10558 alignnone\" role=\"img\" src=\"https:\/\/e-led.lv\/wp-content\/themes\/woodmart\/images\/lazy.svg\" data-src=\"http:\/\/e-led.lv\/wp-content\/uploads\/\/2020\/11\/file-pdf-regular.svg\" alt=\"\" width=\"22\" height=\"29\"> Tender Text (txt)<\/strong><\/a><\/p>\n","protected":false},"excerpt":{"rendered":"<p><span class=\"product-configurator__variants\"><span class=\"product-configurator__description spacing-right--inner spacing-right--small\">\u0100ra LED virsmu mont\u0113jama sienas gaisma, 3000K, IP65, antrac\u012bts,<\/span><\/span><\/p>\n","protected":false},"featured_media":16631,"template":"","meta":[],"product_brand":[],"product_cat":[160],"product_tag":[],"class_list":{"0":"post-20929","1":"product","2":"type-product","3":"status-publish","4":"has-post-thumbnail","6":"product_cat-led-fasazu-apgaimojums","8":"first","9":"instock","10":"taxable","11":"shipping-taxable","12":"purchasable","13":"product-type-simple"},"_links":{"self":[{"href":"https:\/\/e-led.lv\/lv\/wp-json\/wp\/v2\/product\/20929","targetHints":{"allow":["GET"]}}],"collection":[{"href":"https:\/\/e-led.lv\/lv\/wp-json\/wp\/v2\/product"}],"about":[{"href":"https:\/\/e-led.lv\/lv\/wp-json\/wp\/v2\/types\/product"}],"version-history":[{"count":0,"href":"https:\/\/e-led.lv\/lv\/wp-json\/wp\/v2\/product\/20929\/revisions"}],"wp:featuredmedia":[{"embeddable":true,"href":"https:\/\/e-led.lv\/lv\/wp-json\/wp\/v2\/media\/16631"}],"wp:attachment":[{"href":"https:\/\/e-led.lv\/lv\/wp-json\/wp\/v2\/media?parent=20929"}],"wp:term":[{"taxonomy":"product_brand","embeddable":true,"href":"https:\/\/e-led.lv\/lv\/wp-json\/wp\/v2\/product_brand?post=20929"},{"taxonomy":"product_cat","embeddable":true,"href":"https:\/\/e-led.lv\/lv\/wp-json\/wp\/v2\/product_cat?post=20929"},{"taxonomy":"product_tag","embeddable":true,"href":"https:\/\/e-led.lv\/lv\/wp-json\/wp\/v2\/product_tag?post=20929"}],"curies":[{"name":"wp","href":"https:\/\/api.w.org\/{rel}","templated":true}]}}