{"id":20934,"date":"2021-01-12T19:35:38","date_gmt":"2021-04-19T16:20:40","guid":{"rendered":"http:\/\/e-led.lv\/product\/flatt-pole-65\/"},"modified":"2021-04-19T19:20:40","modified_gmt":"2021-04-19T16:20:40","slug":"flatt-pole-65-2","status":"publish","type":"product","link":"https:\/\/e-led.lv\/lv\/flatt-pole-65-2\/","title":{"rendered":"FLATT POLE 65"},"content":{"rendered":"<div>\n<div class=\"product-detail__description\">Vai v\u0113laties gr\u012bdas stat\u012bvu, ko bez piep\u016bles var uzst\u0101d\u012bt uz gr\u012bdas? Tam vajadz\u0113tu b\u016bt vismaz IP 65 dro\u0161\u012bbas klasei, t\u0101p\u0113c tam j\u0101b\u016bt notur\u012bgam pret putek\u013ciem un pasarg\u0101tiem no \u016bdens izsmidzin\u0101\u0161anas no da\u017e\u0101diem virzieniem. M\u016bsu FLATT POLE 65 ir IP 65, t\u0101p\u0113c tas ir lieliski piem\u0113rots ce\u013ca vai terases apgaismo\u0161anai. Vai j\u016bs mekl\u0113jat p\u0101rsteidzo\u0161u gaismu savai \u0101ra teritorijai? To nodro\u0161ina FLATT POLE 65 gr\u012bdas stat\u012bva ieb\u016bv\u0113tais Premium LED. Starp citu, FLATT POLE 65 dod jums v\u0113l vair\u0101k priek\u0161roc\u012bbu k\u0101 da\u013ca no SLV saimes. T\u0101p\u0113c, ka 40 gadus esam guvu\u0161i pan\u0101kumus ar sav\u0101m apgaismojuma koncepcij\u0101m un turpin\u0101m noteikt augst\u0101ku lati\u0146u sev un saviem produktiem.<\/div>\n<\/div>\n<h1 class=\"headline headline--uppercase product-detail__headline\" style=\"text-align: center;\" data-qa=\"component headline\">Tehniskie dati<\/h1>\n<table width=\"506\">\n<tbody>\n<tr>\n<td width=\"141\">Produkta nosaukums<\/td>\n<td width=\"127\">FLATT 65<\/td>\n<td width=\"124\">Platums<\/td>\n<td width=\"114\">4.5 cm<\/td>\n<\/tr>\n<tr>\n<td>BIG WHITE Page<\/td>\n<td>599<\/td>\n<td>Augstums<\/td>\n<td>65 cm<\/td>\n<\/tr>\n<tr>\n<td width=\"141\">Kr\u0101sa<\/td>\n<td>antrac\u012bts<\/td>\n<td>Gaismas izeja<\/td>\n<td>tie\u0161s<\/td>\n<\/tr>\n<tr>\n<td>Materi\u0101ls<\/td>\n<td>Alum\u012bnijs<\/td>\n<td>Gaismas intensit\u0101tes sadal\u012bjums<\/td>\n<td>simetrisks<\/td>\n<\/tr>\n<tr>\n<td width=\"141\">elektrisk\u0101 jauda<\/td>\n<td>9.7 W<\/td>\n<td>Kr\u0101su konsistence<\/td>\n<td>6 SDCM<\/td>\n<\/tr>\n<tr>\n<td>Lumen \/ jauda<\/td>\n<td>41.24 lm\/W<\/td>\n<td>Kalpo\u0161anas laiks<\/td>\n<td>54000 h<\/td>\n<\/tr>\n<tr>\n<td>Gaismas pl\u016bsma<\/td>\n<td>400 lm<\/td>\n<td>Triecieniztur\u012bbas kategorija<\/td>\n<td>IK03<\/td>\n<\/tr>\n<tr>\n<td width=\"141\">CRI<\/td>\n<td>90<\/td>\n<td>Triecieniztur\u012bba<\/td>\n<td>0.35 joule<\/td>\n<\/tr>\n<tr>\n<td>CCT sl\u0113dzis<\/td>\n<td>J\u0101<\/td>\n<td>Prim\u0101rais nomin\u0101lais spriegums<\/td>\n<td>100-240V ~ 50 \/ 60Hz<\/td>\n<\/tr>\n<tr>\n<td width=\"141\">Aizsardz\u012bbas kategorija<\/td>\n<td>I<\/td>\n<td>Sekund\u0101r\u0101 jauda \/ sekund\u0101rais spriegums<\/td>\n<td>350mA<\/td>\n<\/tr>\n<tr>\n<td width=\"141\">IP kods<\/td>\n<td>IP 65<\/td>\n<td>Apk\u0101rt\u0113j\u0101s vides temperat\u016bra<\/td>\n<td>40 \u00b0C<\/td>\n<\/tr>\n<tr>\n<td width=\"141\">Mont\u0101\u017ea<\/td>\n<td>Virsma<\/td>\n<td>Apk\u0101rt\u0113j\u0101s vides temperat\u016bra<\/td>\n<td>-25 &#8211; 40 \u00b0C<\/td>\n<\/tr>\n<tr>\n<td>Mont\u0101\u017eas deta\u013cas<\/td>\n<td>Zeme<\/td>\n<td>Neto svars<\/td>\n<td>3.41 kg<\/td>\n<\/tr>\n<tr>\n<td width=\"141\">Forma<\/td>\n<td>kvadr\u0101ts<\/td>\n<td>Sv\u0113rtais pat\u0113ri\u0146\u0161<\/td>\n<td>9.7 kWh\/1.000h<\/td>\n<\/tr>\n<tr>\n<td>Garums<\/td>\n<td>18 cm<\/td>\n<td>LXXBXX dati<\/td>\n<td>L70B50<\/td>\n<\/tr>\n<\/tbody>\n<\/table>\n<p><strong><a href=\"http:\/\/e-led.lv\/wp-content\/uploads\/2021\/01\/1430068.pdf\"><img decoding=\"async\" class=\" wd-lazy-fade wp-image-10558 alignnone\" role=\"img\" src=\"https:\/\/e-led.lv\/wp-content\/themes\/woodmart\/images\/lazy.svg\" data-src=\"http:\/\/e-led.lv\/wp-content\/uploads\/\/2020\/11\/file-pdf-regular.svg\" alt=\"\" width=\"22\" height=\"29\"> Manual (pdf)<\/a><\/strong><\/p>\n<p><strong><a href=\"http:\/\/e-led.lv\/wp-content\/uploads\/2021\/01\/1333303.pdf\"><img decoding=\"async\" class=\" wd-lazy-fade wp-image-10558 alignnone\" role=\"img\" src=\"https:\/\/e-led.lv\/wp-content\/themes\/woodmart\/images\/lazy.svg\" data-src=\"http:\/\/e-led.lv\/wp-content\/uploads\/\/2020\/11\/file-pdf-regular.svg\" alt=\"\" width=\"22\" height=\"29\"> <span class=\"download-item__title\">CE deklar\u0101cija (pdf) <\/span><\/a><\/strong><\/p>\n<p><strong><a href=\"http:\/\/e-led.lv\/wp-content\/uploads\/2021\/01\/1424540.pdf\"><img decoding=\"async\" class=\" wd-lazy-fade wp-image-10558 alignnone\" role=\"img\" src=\"https:\/\/e-led.lv\/wp-content\/themes\/woodmart\/images\/lazy.svg\" data-src=\"http:\/\/e-led.lv\/wp-content\/uploads\/\/2020\/11\/file-pdf-regular.svg\" alt=\"\" width=\"22\" height=\"29\"> <span class=\"download-item__title\">Mont\u0101\u017eas ras\u0113jumi (pdf) <\/span><\/a><br \/>\n<\/strong><\/p>\n<p><a href=\"http:\/\/e-led.lv\/wp-content\/uploads\/2021\/01\/2022598.pdf\"><strong><img decoding=\"async\" class=\" wd-lazy-fade wp-image-10558 alignnone\" role=\"img\" src=\"https:\/\/e-led.lv\/wp-content\/themes\/woodmart\/images\/lazy.svg\" data-src=\"http:\/\/e-led.lv\/wp-content\/uploads\/\/2020\/11\/file-pdf-regular.svg\" alt=\"\" width=\"22\" height=\"29\"> <span class=\"download-item__title\">Datasheet (pdf)<\/span><\/strong><\/a><\/p>\n<p><a href=\"http:\/\/e-led.lv\/wp-content\/uploads\/2021\/01\/tender_text-11.txt\"><strong><img decoding=\"async\" class=\" wd-lazy-fade wp-image-10558 alignnone\" role=\"img\" src=\"https:\/\/e-led.lv\/wp-content\/themes\/woodmart\/images\/lazy.svg\" data-src=\"http:\/\/e-led.lv\/wp-content\/uploads\/\/2020\/11\/file-pdf-regular.svg\" alt=\"\" width=\"22\" height=\"29\"> Tender Text (txt)<\/strong><\/a><\/p>\n","protected":false},"excerpt":{"rendered":"<p><span class=\"product-configurator__variants\"><span class=\"product-configurator__description spacing-right--inner spacing-right--small\">\u0100ra LED gr\u012bdas stat\u012bvs, 3000K, IP65, antrac\u012bts,<\/span><\/span><\/p>\n","protected":false},"featured_media":11778,"template":"","meta":[],"product_brand":[],"product_cat":[153],"product_tag":[],"class_list":{"0":"post-20934","1":"product","2":"type-product","3":"status-publish","4":"has-post-thumbnail","6":"product_cat-darza-gaismekli-un-stabini","8":"first","9":"instock","10":"taxable","11":"shipping-taxable","12":"purchasable","13":"product-type-simple"},"_links":{"self":[{"href":"https:\/\/e-led.lv\/lv\/wp-json\/wp\/v2\/product\/20934","targetHints":{"allow":["GET"]}}],"collection":[{"href":"https:\/\/e-led.lv\/lv\/wp-json\/wp\/v2\/product"}],"about":[{"href":"https:\/\/e-led.lv\/lv\/wp-json\/wp\/v2\/types\/product"}],"version-history":[{"count":0,"href":"https:\/\/e-led.lv\/lv\/wp-json\/wp\/v2\/product\/20934\/revisions"}],"wp:featuredmedia":[{"embeddable":true,"href":"https:\/\/e-led.lv\/lv\/wp-json\/wp\/v2\/media\/11778"}],"wp:attachment":[{"href":"https:\/\/e-led.lv\/lv\/wp-json\/wp\/v2\/media?parent=20934"}],"wp:term":[{"taxonomy":"product_brand","embeddable":true,"href":"https:\/\/e-led.lv\/lv\/wp-json\/wp\/v2\/product_brand?post=20934"},{"taxonomy":"product_cat","embeddable":true,"href":"https:\/\/e-led.lv\/lv\/wp-json\/wp\/v2\/product_cat?post=20934"},{"taxonomy":"product_tag","embeddable":true,"href":"https:\/\/e-led.lv\/lv\/wp-json\/wp\/v2\/product_tag?post=20934"}],"curies":[{"name":"wp","href":"https:\/\/api.w.org\/{rel}","templated":true}]}}