{"id":20975,"date":"2021-01-20T21:01:08","date_gmt":"2021-04-20T14:53:40","guid":{"rendered":"http:\/\/e-led.lv\/product\/rox-acryl-ceiling\/"},"modified":"2021-04-20T17:53:40","modified_gmt":"2021-04-20T14:53:40","slug":"rox-acryl-ceiling-2","status":"publish","type":"product","link":"https:\/\/e-led.lv\/lv\/rox-acryl-ceiling-2\/","title":{"rendered":"ROX ACRYL CEILING"},"content":{"rendered":"<div>\n<div class=\"product-detail__description\">ROX ACRYL s\u0113rijas griestu gaisma ir izgatavota no mat\u0113ta alum\u012bnija un opalesc\u0113jo\u0161a akrila, kas piln\u012bb\u0101 nosedz lampu (-as). Tas ir piem\u0113rots lieto\u0161anai \u0101rpus telp\u0101m, pateicoties t\u0101 IP44 aizsardz\u012bbas klasei. Gaisma savienojas tie\u0161i ar 230 V t\u012bkla str\u0101vas padevi. ROX ACRYL s\u0113rij\u0101 ietilpst ar\u012b sienas apgaismojums un gr\u012bdas stat\u012bvi, t\u0101p\u0113c tos var izmantot univers\u0101li.<\/div>\n<\/div>\n<h1 class=\"headline headline--uppercase product-detail__headline\" style=\"text-align: center;\" data-qa=\"component headline\">Tehniskie dati<\/h1>\n<table width=\"422\">\n<tbody>\n<tr>\n<td width=\"140\">Produkta nosaukums<\/td>\n<td width=\"138\">ROX ACRYL<\/td>\n<td width=\"72\">Mont\u0101\u017eas deta\u013cas<\/td>\n<td width=\"72\">Griesti<\/td>\n<\/tr>\n<tr>\n<td width=\"140\">Kr\u0101sa<\/td>\n<td>alum\u012bnijs<\/td>\n<td>Forma<\/td>\n<td>cilindrisks<\/td>\n<\/tr>\n<tr>\n<td width=\"140\">Materi\u0101ls<\/td>\n<td>Alum\u012bnijs<\/td>\n<td>Augstums<\/td>\n<td>20.5 cm<\/td>\n<\/tr>\n<tr>\n<td width=\"140\">elektrisk\u0101 jauda<\/td>\n<td>20 W<\/td>\n<td>Diametrs<\/td>\n<td>12.5 cm<\/td>\n<\/tr>\n<tr>\n<td width=\"140\">CRI<\/td>\n<td width=\"138\">90<\/td>\n<td>Gaismas izeja<\/td>\n<td>tie\u0161s &#8211; netie\u0161s<\/td>\n<\/tr>\n<tr>\n<td width=\"140\">Kontaktligzda<\/td>\n<td>E27<\/td>\n<td>Gaismas intensit\u0101tes sadal\u012bjums<\/td>\n<td>rot\u0101cijas simetrisks<\/td>\n<\/tr>\n<tr>\n<td width=\"140\">Kontaktligzdu skaits<\/td>\n<td width=\"138\">1<\/td>\n<td>Triecieniztur\u012bbas kategorija<\/td>\n<td>IK02<\/td>\n<\/tr>\n<tr>\n<td width=\"140\">Aizsardz\u012bbas kategorija<\/td>\n<td>I<\/td>\n<td>Triecieniztur\u012bba<\/td>\n<td>0.2 joule<\/td>\n<\/tr>\n<tr>\n<td width=\"140\">IP kods<\/td>\n<td>IP 44<\/td>\n<td width=\"72\">Prim\u0101rais nomin\u0101lais spriegums<\/td>\n<td>230V ~ 50Hz<\/td>\n<\/tr>\n<tr>\n<td width=\"140\">Mont\u0101\u017ea<\/td>\n<td>Virsma<\/td>\n<td>Neto svars<\/td>\n<td>0.86 kg<\/td>\n<\/tr>\n<\/tbody>\n<\/table>\n<p><strong><a href=\"http:\/\/e-led.lv\/wp-content\/uploads\/2021\/01\/261717.pdf\"><img decoding=\"async\" class=\" wd-lazy-fade wp-image-10558 alignnone\" role=\"img\" src=\"https:\/\/e-led.lv\/wp-content\/themes\/woodmart\/images\/lazy.svg\" data-src=\"http:\/\/e-led.lv\/wp-content\/uploads\/\/2020\/11\/file-pdf-regular.svg\" alt=\"\" width=\"22\" height=\"29\"> Manual (pdf)<\/a><\/strong><\/p>\n<p><strong><a href=\"http:\/\/e-led.lv\/wp-content\/uploads\/2021\/01\/207888.pdf\"><img decoding=\"async\" class=\" wd-lazy-fade wp-image-10558 alignnone\" role=\"img\" src=\"https:\/\/e-led.lv\/wp-content\/themes\/woodmart\/images\/lazy.svg\" data-src=\"http:\/\/e-led.lv\/wp-content\/uploads\/\/2020\/11\/file-pdf-regular.svg\" alt=\"\" width=\"22\" height=\"29\"> <span class=\"download-item__title\">CE declaration (pdf)<\/span><\/a><\/strong><\/p>\n<p><strong><a href=\"http:\/\/e-led.lv\/wp-content\/uploads\/2021\/01\/381762.pdf\"><img decoding=\"async\" class=\" wd-lazy-fade wp-image-10558 alignnone\" role=\"img\" src=\"https:\/\/e-led.lv\/wp-content\/themes\/woodmart\/images\/lazy.svg\" data-src=\"http:\/\/e-led.lv\/wp-content\/uploads\/\/2020\/11\/file-pdf-regular.svg\" alt=\"\" width=\"22\" height=\"29\"> <span class=\"download-item__title\">Assembly drawings (pdf)<\/span><\/a><br \/>\n<\/strong><\/p>\n<p><a href=\"http:\/\/e-led.lv\/wp-content\/uploads\/2021\/01\/2021560.pdf\"><strong><img decoding=\"async\" class=\" wd-lazy-fade wp-image-10558 alignnone\" role=\"img\" src=\"https:\/\/e-led.lv\/wp-content\/themes\/woodmart\/images\/lazy.svg\" data-src=\"http:\/\/e-led.lv\/wp-content\/uploads\/\/2020\/11\/file-pdf-regular.svg\" alt=\"\" width=\"22\" height=\"29\"> <span class=\"download-item__title\">Datasheet (pdf)<\/span><\/strong><\/a><\/p>\n<p><a href=\"http:\/\/e-led.lv\/wp-content\/uploads\/2021\/01\/tender_text-162.txt\"><strong><img decoding=\"async\" class=\" wd-lazy-fade wp-image-10558 alignnone\" role=\"img\" src=\"https:\/\/e-led.lv\/wp-content\/themes\/woodmart\/images\/lazy.svg\" data-src=\"http:\/\/e-led.lv\/wp-content\/uploads\/\/2020\/11\/file-pdf-regular.svg\" alt=\"\" width=\"22\" height=\"29\"> Tender Text (txt)<\/strong><\/a><\/p>\n","protected":false},"excerpt":{"rendered":"<p><span class=\"product-configurator__variants\"><span class=\"product-configurator__description spacing-right--inner spacing-right--small\">E27, \u0101ra griestu gaisma, mat\u0113ts alum\u012bnijs, maks. 20W, IP44,<\/span><\/span><\/p>\n","protected":false},"featured_media":16928,"template":"","meta":[],"product_brand":[],"product_cat":[160],"product_tag":[],"class_list":{"0":"post-20975","1":"product","2":"type-product","3":"status-publish","4":"has-post-thumbnail","6":"product_cat-led-fasazu-apgaimojums","8":"first","9":"instock","10":"taxable","11":"shipping-taxable","12":"purchasable","13":"product-type-simple"},"_links":{"self":[{"href":"https:\/\/e-led.lv\/lv\/wp-json\/wp\/v2\/product\/20975","targetHints":{"allow":["GET"]}}],"collection":[{"href":"https:\/\/e-led.lv\/lv\/wp-json\/wp\/v2\/product"}],"about":[{"href":"https:\/\/e-led.lv\/lv\/wp-json\/wp\/v2\/types\/product"}],"version-history":[{"count":0,"href":"https:\/\/e-led.lv\/lv\/wp-json\/wp\/v2\/product\/20975\/revisions"}],"wp:featuredmedia":[{"embeddable":true,"href":"https:\/\/e-led.lv\/lv\/wp-json\/wp\/v2\/media\/16928"}],"wp:attachment":[{"href":"https:\/\/e-led.lv\/lv\/wp-json\/wp\/v2\/media?parent=20975"}],"wp:term":[{"taxonomy":"product_brand","embeddable":true,"href":"https:\/\/e-led.lv\/lv\/wp-json\/wp\/v2\/product_brand?post=20975"},{"taxonomy":"product_cat","embeddable":true,"href":"https:\/\/e-led.lv\/lv\/wp-json\/wp\/v2\/product_cat?post=20975"},{"taxonomy":"product_tag","embeddable":true,"href":"https:\/\/e-led.lv\/lv\/wp-json\/wp\/v2\/product_tag?post=20975"}],"curies":[{"name":"wp","href":"https:\/\/api.w.org\/{rel}","templated":true}]}}