{"id":20989,"date":"2020-12-25T17:00:42","date_gmt":"2021-04-20T15:08:30","guid":{"rendered":"http:\/\/e-led.lv\/product\/rox-acryl-90-pole\/"},"modified":"2021-06-07T19:43:07","modified_gmt":"2021-06-07T16:43:07","slug":"rox-acryl-90-pole","status":"publish","type":"product","link":"https:\/\/e-led.lv\/lv\/rox-acryl-90-pole\/","title":{"rendered":"ROX ACRYL 90 Pole"},"content":{"rendered":"<p>ROX ACRYL POLE 90 gr\u012bdas stat\u012bvs ir izgatavots no ner\u016bs\u0113jo\u0161\u0101 t\u0113rauda 304 un opalesc\u0113jo\u0161a akrila stikla, kas piln\u012bb\u0101 ap\u0146em spuldzi. Ar IP44 aizsardz\u012bbas klasi gaismeklis ir pieejams vair\u0101kos augstumos un ir piem\u0113rots izmanto\u0161anai \u0101rpus telp\u0101m. Gaisma savienojas tie\u0161i ar 230 V t\u012bkla str\u0101vas padevi. ROX ACRYL s\u0113rij\u0101 ietilpst ar\u012b sienas un griestu gaismek\u013ci, t\u0101p\u0113c tos var izmantot univers\u0101li. Vienk\u0101r\u0161otai mont\u0101\u017eai ir iesp\u0113jama cauru\u013cvadu vad\u012b\u0161ana, un k\u0101 piederumi ir pieejami zemes tapas un betona enkuru komplekts.<\/p>\n<h1 class=\"headline headline--uppercase product-detail__headline\" style=\"text-align: center;\" data-qa=\"component headline\">Tehniskie dati<\/h1>\n<table width=\"647\">\n<tbody>\n<tr>\n<td width=\"140\">Produkta nosaukums<\/td>\n<td width=\"177\">ROX ACRYL 90<\/td>\n<td width=\"174\">Mont\u0101\u017eas deta\u013cas<\/td>\n<td width=\"156\">Zeme<br \/>\nZeme ar Acc.<\/td>\n<\/tr>\n<tr>\n<td width=\"140\">BIG WHITE Page<\/td>\n<td width=\"177\">581<\/td>\n<td width=\"174\">Forma<\/td>\n<td width=\"156\">apa\u013c\u0161<\/td>\n<\/tr>\n<tr>\n<td width=\"140\">Kr\u0101sa<\/td>\n<td width=\"177\">Ner\u016bs\u0113jo\u0161ais t\u0113rauds<\/td>\n<td width=\"174\">Augstums<\/td>\n<td width=\"156\">90 cm<\/td>\n<\/tr>\n<tr>\n<td width=\"140\">Materi\u0101ls<\/td>\n<td width=\"177\">Ner\u016bs\u0113jo\u0161ais t\u0113rauds 304<\/td>\n<td width=\"174\">Diametrs<\/td>\n<td width=\"156\">12.7 cm<\/td>\n<\/tr>\n<tr>\n<td width=\"140\">elektrisk\u0101 jauda<\/td>\n<td width=\"177\">20 W<\/td>\n<td width=\"174\">Gaismas izeja<\/td>\n<td width=\"156\">izklied\u0113ts<\/td>\n<\/tr>\n<tr>\n<td>Kontaktligzda<\/td>\n<td>E27<\/td>\n<td width=\"174\">Gaismas intensit\u0101tes sadal\u012bjums<\/td>\n<td width=\"156\">rot\u0101cijas simetrisks<\/td>\n<\/tr>\n<tr>\n<td width=\"140\">Kontaktligzdu skaits<\/td>\n<td>1<\/td>\n<td width=\"174\">Triecieniztur\u012bbas kategorija<\/td>\n<td width=\"156\">IK02<\/td>\n<\/tr>\n<tr>\n<td width=\"140\">Aizsardz\u012bbas kategorija<\/td>\n<td width=\"177\">I<\/td>\n<td width=\"174\">Triecieniztur\u012bba<\/td>\n<td width=\"156\">0.2 joule<\/td>\n<\/tr>\n<tr>\n<td width=\"140\">IP kods<\/td>\n<td width=\"177\">IP 44<\/td>\n<td width=\"174\">Prim\u0101rais nomin\u0101lais spriegums<\/td>\n<td width=\"156\">220-240V ~ 50 \/ 60Hz<\/td>\n<\/tr>\n<tr>\n<td width=\"140\">Mont\u0101\u017ea<\/td>\n<td width=\"177\">Virsma<\/td>\n<td width=\"174\">Neto svars<\/td>\n<td width=\"156\">3.17 kg<\/td>\n<\/tr>\n<\/tbody>\n<\/table>\n<p>&nbsp;<\/p>\n<p><strong><a href=\"http:\/\/e-led.lv\/wp-content\/uploads\/2021\/06\/SLV_Manual_1001490_260495.pdf\"><img decoding=\"async\" class=\" wd-lazy-fade wp-image-10558 alignnone\" role=\"img\" src=\"https:\/\/e-led.lv\/wp-content\/themes\/woodmart\/images\/lazy.svg\" data-src=\"http:\/\/e-led.lv\/wp-content\/uploads\/\/2020\/11\/file-pdf-regular.svg\" alt=\"\" width=\"22\" height=\"29\"> Manual (pdf)<\/a><\/strong><\/p>\n<p><strong><a href=\"http:\/\/e-led.lv\/wp-content\/uploads\/2021\/06\/SLV_CE-Declaration_1001490_206786.pdf\"><img decoding=\"async\" class=\" wd-lazy-fade wp-image-10558 alignnone\" role=\"img\" src=\"https:\/\/e-led.lv\/wp-content\/themes\/woodmart\/images\/lazy.svg\" data-src=\"http:\/\/e-led.lv\/wp-content\/uploads\/\/2020\/11\/file-pdf-regular.svg\" alt=\"\" width=\"22\" height=\"29\"> <span class=\"download-item__title\">CE declaration (pdf)<\/span><\/a><\/strong><\/p>\n<p><strong><a href=\"http:\/\/e-led.lv\/wp-content\/uploads\/2021\/06\/381223.pdf\"><img decoding=\"async\" class=\" wd-lazy-fade wp-image-10558 alignnone\" role=\"img\" src=\"https:\/\/e-led.lv\/wp-content\/themes\/woodmart\/images\/lazy.svg\" data-src=\"http:\/\/e-led.lv\/wp-content\/uploads\/\/2020\/11\/file-pdf-regular.svg\" alt=\"\" width=\"22\" height=\"29\"> <span class=\"download-item__title\">Assembly drawings (pdf)<\/span><\/a><br \/>\n<\/strong><\/p>\n<p><a href=\"http:\/\/e-led.lv\/wp-content\/uploads\/2021\/06\/SLV_Datasheet_1001490_2580409.pdf\"><strong><img decoding=\"async\" class=\" wd-lazy-fade wp-image-10558 alignnone\" role=\"img\" src=\"https:\/\/e-led.lv\/wp-content\/themes\/woodmart\/images\/lazy.svg\" data-src=\"http:\/\/e-led.lv\/wp-content\/uploads\/\/2020\/11\/file-pdf-regular.svg\" alt=\"\" width=\"22\" height=\"29\"> <span class=\"download-item__title\">Datasheet (pdf)<\/span><\/strong><\/a><\/p>\n<p><a href=\"http:\/\/e-led.lv\/wp-content\/uploads\/2021\/06\/tender_text-4.txt\"><strong><img decoding=\"async\" class=\" wd-lazy-fade wp-image-10558 alignnone\" role=\"img\" src=\"https:\/\/e-led.lv\/wp-content\/themes\/woodmart\/images\/lazy.svg\" data-src=\"http:\/\/e-led.lv\/wp-content\/uploads\/\/2020\/11\/file-pdf-regular.svg\" alt=\"\" width=\"22\" height=\"29\"> Tender Text (txt)<\/strong><\/a><\/p>\n","protected":false},"excerpt":{"rendered":"<p><span class=\"product-configurator__variants\"><span class=\"product-configurator__description spacing-right--inner spacing-right--small\">\u0100ra gr\u012bdas stat\u012bvs, IP44, ner\u016bs\u0113jo\u0161ais t\u0113rauds 304, E27 max 20W,<\/span><\/span><\/p>\n","protected":false},"featured_media":11011,"template":"","meta":[],"product_brand":[],"product_cat":[153],"product_tag":[],"class_list":{"0":"post-20989","1":"product","2":"type-product","3":"status-publish","4":"has-post-thumbnail","6":"product_cat-darza-gaismekli-un-stabini","8":"first","9":"instock","10":"taxable","11":"shipping-taxable","12":"purchasable","13":"product-type-simple"},"_links":{"self":[{"href":"https:\/\/e-led.lv\/lv\/wp-json\/wp\/v2\/product\/20989","targetHints":{"allow":["GET"]}}],"collection":[{"href":"https:\/\/e-led.lv\/lv\/wp-json\/wp\/v2\/product"}],"about":[{"href":"https:\/\/e-led.lv\/lv\/wp-json\/wp\/v2\/types\/product"}],"version-history":[{"count":0,"href":"https:\/\/e-led.lv\/lv\/wp-json\/wp\/v2\/product\/20989\/revisions"}],"wp:featuredmedia":[{"embeddable":true,"href":"https:\/\/e-led.lv\/lv\/wp-json\/wp\/v2\/media\/11011"}],"wp:attachment":[{"href":"https:\/\/e-led.lv\/lv\/wp-json\/wp\/v2\/media?parent=20989"}],"wp:term":[{"taxonomy":"product_brand","embeddable":true,"href":"https:\/\/e-led.lv\/lv\/wp-json\/wp\/v2\/product_brand?post=20989"},{"taxonomy":"product_cat","embeddable":true,"href":"https:\/\/e-led.lv\/lv\/wp-json\/wp\/v2\/product_cat?post=20989"},{"taxonomy":"product_tag","embeddable":true,"href":"https:\/\/e-led.lv\/lv\/wp-json\/wp\/v2\/product_tag?post=20989"}],"curies":[{"name":"wp","href":"https:\/\/api.w.org\/{rel}","templated":true}]}}