{"id":21008,"date":"2020-12-25T17:27:32","date_gmt":"2021-04-20T15:48:01","guid":{"rendered":"http:\/\/e-led.lv\/product\/myra-display-anthracite\/"},"modified":"2021-04-20T18:48:02","modified_gmt":"2021-04-20T15:48:02","slug":"myra-display-anthracite-2","status":"publish","type":"product","link":"https:\/\/e-led.lv\/lv\/myra-display-anthracite-2\/","title":{"rendered":"MYRA DISPLAY anthracite"},"content":{"rendered":"<p>MYRA s\u0113rijas stingrais displeja stiprin\u0101jums ir izgatavots no kr\u0101sota alum\u012bnija un stikla, kas aptver lampu. Lampas galva, kas uzst\u0101d\u012bta uz taisn\u0101 pagarin\u0101t\u0101ja, ir pagrie\u017eama un noliekama. Ar aizsardz\u012bbas klasi IP55 tas ir piem\u0113rots izmanto\u0161anai \u0101rpus telp\u0101m. Gaismek\u013ca elektriskais savienojums, kas ir da\u017e\u0101d\u0101s kr\u0101s\u0101s, ir tie\u0161i pie 230 V t\u012bkla. MYRA s\u0113rij\u0101 ietilpst citi gr\u012bdas stat\u012bvi, k\u0101 ar\u012b sienas apgaismojums, un t\u0101p\u0113c tos var izmantot univers\u0101li.<\/p>\n<h1 class=\"headline headline--uppercase product-detail__headline\" style=\"text-align: center;\" data-qa=\"component headline\">Tehniskie dati<\/h1>\n<table width=\"506\">\n<tbody>\n<tr>\n<td width=\"141\">Produkta nosaukums<\/td>\n<td width=\"127\">MYRA DISPLAY<\/td>\n<td width=\"124\">Mont\u0101\u017ea<\/td>\n<td width=\"114\">Virsma<\/td>\n<\/tr>\n<tr>\n<td width=\"141\">Kr\u0101sa<\/td>\n<td>antrac\u012bts<\/td>\n<td>Mont\u0101\u017eas deta\u013cas<\/td>\n<td>Siena<\/td>\n<\/tr>\n<tr>\n<td>Materi\u0101ls<\/td>\n<td>Alum\u012bnijs<\/td>\n<td>Augstums<\/td>\n<td>10.5 cm<\/td>\n<\/tr>\n<tr>\n<td>elektrisk\u0101 jauda<\/td>\n<td>50 W<\/td>\n<td>Diametrs<\/td>\n<td>7 cm<\/td>\n<\/tr>\n<tr>\n<td width=\"141\">CRI<\/td>\n<td>90<\/td>\n<td>Rot\u0113jo\u0161a vai noliekama<\/td>\n<td>Rot\u0113jo\u0161a un pagrie\u017eama<\/td>\n<\/tr>\n<tr>\n<td>Lampa<\/td>\n<td>QPAR51<\/td>\n<td>Sl\u012bpuma diapazons<\/td>\n<td>45 \u00b0<\/td>\n<\/tr>\n<tr>\n<td>Kontaktligzda<\/td>\n<td>GU10<\/td>\n<td>Horizont\u0101l\u0101s rot\u0101cijas diapazons<\/td>\n<td>340 \u00b0<\/td>\n<\/tr>\n<tr>\n<td>Kontaktligzdu skaits<\/td>\n<td>1<\/td>\n<td>Gaismas izeja<\/td>\n<td>tie\u0161s<\/td>\n<\/tr>\n<tr>\n<td>Aizsardz\u012bbas kategorija<\/td>\n<td>I<\/td>\n<td>Prim\u0101rais nomin\u0101lais spriegums<\/td>\n<td>220-240V ~ 50 \/ 60Hz<\/td>\n<\/tr>\n<tr>\n<td width=\"141\">IP kods<\/td>\n<td>IP 55<\/td>\n<td>Neto svars<\/td>\n<td>0.68 kg<\/td>\n<\/tr>\n<\/tbody>\n<\/table>\n<p><strong><a href=\"http:\/\/e-led.lv\/wp-content\/uploads\/2020\/12\/263051.pdf\"><img decoding=\"async\" class=\" wd-lazy-fade wp-image-10558 alignnone\" role=\"img\" src=\"https:\/\/e-led.lv\/wp-content\/themes\/woodmart\/images\/lazy.svg\" data-src=\"http:\/\/e-led.lv\/wp-content\/uploads\/\/2020\/11\/file-pdf-regular.svg\" alt=\"\" width=\"22\" height=\"29\"> Manual (pdf)<\/a><\/strong><\/p>\n<p><strong><a href=\"http:\/\/e-led.lv\/wp-content\/uploads\/2020\/12\/210258.pdf\"><img decoding=\"async\" class=\" wd-lazy-fade wp-image-10558 alignnone\" role=\"img\" src=\"https:\/\/e-led.lv\/wp-content\/themes\/woodmart\/images\/lazy.svg\" data-src=\"http:\/\/e-led.lv\/wp-content\/uploads\/\/2020\/11\/file-pdf-regular.svg\" alt=\"\" width=\"22\" height=\"29\"> <span class=\"download-item__title\">CE declaration (pdf) <\/span><\/a><\/strong><\/p>\n<p><strong><a href=\"http:\/\/e-led.lv\/wp-content\/uploads\/2020\/12\/382051.pdf\"><img decoding=\"async\" class=\" wd-lazy-fade wp-image-10558 alignnone\" role=\"img\" src=\"https:\/\/e-led.lv\/wp-content\/themes\/woodmart\/images\/lazy.svg\" data-src=\"http:\/\/e-led.lv\/wp-content\/uploads\/\/2020\/11\/file-pdf-regular.svg\" alt=\"\" width=\"22\" height=\"29\"> <span class=\"download-item__title\">Mont\u0101\u017eas ras\u0113jumi (pdf) <\/span><\/a><br \/>\n<\/strong><\/p>\n<p><a href=\"http:\/\/e-led.lv\/wp-content\/uploads\/2020\/12\/2026550.pdf\"><strong><img decoding=\"async\" class=\" wd-lazy-fade wp-image-10558 alignnone\" role=\"img\" src=\"https:\/\/e-led.lv\/wp-content\/themes\/woodmart\/images\/lazy.svg\" data-src=\"http:\/\/e-led.lv\/wp-content\/uploads\/\/2020\/11\/file-pdf-regular.svg\" alt=\"\" width=\"22\" height=\"29\"> <span class=\"download-item__title\">Datasheet (pdf)<\/span><\/strong><\/a><\/p>\n<p><a href=\"http:\/\/e-led.lv\/wp-content\/uploads\/2020\/12\/tender_text-17.txt\"><strong><img decoding=\"async\" class=\" wd-lazy-fade wp-image-10558 alignnone\" role=\"img\" src=\"https:\/\/e-led.lv\/wp-content\/themes\/woodmart\/images\/lazy.svg\" data-src=\"http:\/\/e-led.lv\/wp-content\/uploads\/\/2020\/11\/file-pdf-regular.svg\" alt=\"\" width=\"22\" height=\"29\"> Tender Text (txt)<\/strong><\/a><\/p>\n","protected":false},"excerpt":{"rendered":"<p><span class=\"product-configurator__variants\"><span class=\"product-configurator__description spacing-right--inner spacing-right--small\">\u0101ra sienas gaisma, QPAR51, IP55, antrac\u012bts, stingrs, maks. 50W,<\/span><\/span><\/p>\n","protected":false},"featured_media":11165,"template":"","meta":[],"product_brand":[],"product_cat":[160],"product_tag":[],"class_list":{"0":"post-21008","1":"product","2":"type-product","3":"status-publish","4":"has-post-thumbnail","6":"product_cat-led-fasazu-apgaimojums","8":"first","9":"instock","10":"taxable","11":"shipping-taxable","12":"purchasable","13":"product-type-simple"},"_links":{"self":[{"href":"https:\/\/e-led.lv\/lv\/wp-json\/wp\/v2\/product\/21008","targetHints":{"allow":["GET"]}}],"collection":[{"href":"https:\/\/e-led.lv\/lv\/wp-json\/wp\/v2\/product"}],"about":[{"href":"https:\/\/e-led.lv\/lv\/wp-json\/wp\/v2\/types\/product"}],"version-history":[{"count":0,"href":"https:\/\/e-led.lv\/lv\/wp-json\/wp\/v2\/product\/21008\/revisions"}],"wp:featuredmedia":[{"embeddable":true,"href":"https:\/\/e-led.lv\/lv\/wp-json\/wp\/v2\/media\/11165"}],"wp:attachment":[{"href":"https:\/\/e-led.lv\/lv\/wp-json\/wp\/v2\/media?parent=21008"}],"wp:term":[{"taxonomy":"product_brand","embeddable":true,"href":"https:\/\/e-led.lv\/lv\/wp-json\/wp\/v2\/product_brand?post=21008"},{"taxonomy":"product_cat","embeddable":true,"href":"https:\/\/e-led.lv\/lv\/wp-json\/wp\/v2\/product_cat?post=21008"},{"taxonomy":"product_tag","embeddable":true,"href":"https:\/\/e-led.lv\/lv\/wp-json\/wp\/v2\/product_tag?post=21008"}],"curies":[{"name":"wp","href":"https:\/\/api.w.org\/{rel}","templated":true}]}}