{"id":21025,"date":"2020-12-25T17:25:20","date_gmt":"2021-04-20T16:01:39","guid":{"rendered":"http:\/\/e-led.lv\/product\/ramis\/"},"modified":"2021-04-20T19:01:39","modified_gmt":"2021-04-20T16:01:39","slug":"frame-3","status":"publish","type":"product","link":"https:\/\/e-led.lv\/lv\/frame-3\/","title":{"rendered":"R\u0100MIS"},"content":{"rendered":"<p>Virsmas stiprin\u0101juma pl\u0101ksne MYRALED WALL un ENOLA C OUT, sudrabaini pel\u0113ka.<\/p>\n<h1 class=\"headline headline--uppercase product-detail__headline\" style=\"text-align: center;\" data-qa=\"component headline\">Tehniskie dati<\/h1>\n<table width=\"506\">\n<tbody>\n<tr>\n<td width=\"141\">BIG WHITE Page<\/td>\n<td width=\"127\">679<\/td>\n<td width=\"124\">Platums<\/td>\n<td width=\"114\">9.2 cm<\/td>\n<\/tr>\n<tr>\n<td>Kr\u0101sa<\/td>\n<td>pel\u0113ks<\/td>\n<td>Augstums<\/td>\n<td>11.6 cm<\/td>\n<\/tr>\n<tr>\n<td>Materi\u0101ls<\/td>\n<td>Alum\u012bnijs<\/td>\n<td>Dzi\u013cums<\/td>\n<td>1.8 cm<\/td>\n<\/tr>\n<tr>\n<td>CRI<\/td>\n<td>90<\/td>\n<td>Neto svars<\/td>\n<td>0.08 kg<\/td>\n<\/tr>\n<tr>\n<td>IP kods<\/td>\n<td>IP 20<\/td>\n<td><\/td>\n<td><\/td>\n<\/tr>\n<\/tbody>\n<\/table>\n<p><strong><a href=\"http:\/\/e-led.lv\/wp-content\/uploads\/2020\/12\/2011846.pdf\"><img decoding=\"async\" class=\" wd-lazy-fade wp-image-10558 alignnone\" role=\"img\" src=\"https:\/\/e-led.lv\/wp-content\/themes\/woodmart\/images\/lazy.svg\" data-src=\"http:\/\/e-led.lv\/wp-content\/uploads\/\/2020\/11\/file-pdf-regular.svg\" alt=\"\" width=\"22\" height=\"29\"> <span class=\"download-item__title\">Datasheet (pdf)<\/span><\/a><\/strong><\/p>\n<p>&nbsp;<\/p>\n","protected":false},"excerpt":{"rendered":"<p><span class=\"product-configurator__variants\"><span class=\"product-configurator__description spacing-right--inner spacing-right--small\">priek\u0161 MYRA DISPLAY, MYRALED WALL, MYRA WALL un MYRA, sudraba pel\u0113ks,<\/span><\/span><\/p>\n<p>&nbsp;<\/p>\n","protected":false},"featured_media":11142,"template":"","meta":[],"product_brand":[],"product_cat":[169],"product_tag":[],"class_list":{"0":"post-21025","1":"product","2":"type-product","3":"status-publish","4":"has-post-thumbnail","6":"product_cat-aksesuari","8":"first","9":"instock","10":"taxable","11":"shipping-taxable","12":"purchasable","13":"product-type-simple"},"_links":{"self":[{"href":"https:\/\/e-led.lv\/lv\/wp-json\/wp\/v2\/product\/21025","targetHints":{"allow":["GET"]}}],"collection":[{"href":"https:\/\/e-led.lv\/lv\/wp-json\/wp\/v2\/product"}],"about":[{"href":"https:\/\/e-led.lv\/lv\/wp-json\/wp\/v2\/types\/product"}],"version-history":[{"count":0,"href":"https:\/\/e-led.lv\/lv\/wp-json\/wp\/v2\/product\/21025\/revisions"}],"wp:featuredmedia":[{"embeddable":true,"href":"https:\/\/e-led.lv\/lv\/wp-json\/wp\/v2\/media\/11142"}],"wp:attachment":[{"href":"https:\/\/e-led.lv\/lv\/wp-json\/wp\/v2\/media?parent=21025"}],"wp:term":[{"taxonomy":"product_brand","embeddable":true,"href":"https:\/\/e-led.lv\/lv\/wp-json\/wp\/v2\/product_brand?post=21025"},{"taxonomy":"product_cat","embeddable":true,"href":"https:\/\/e-led.lv\/lv\/wp-json\/wp\/v2\/product_cat?post=21025"},{"taxonomy":"product_tag","embeddable":true,"href":"https:\/\/e-led.lv\/lv\/wp-json\/wp\/v2\/product_tag?post=21025"}],"curies":[{"name":"wp","href":"https:\/\/api.w.org\/{rel}","templated":true}]}}