{"id":21028,"date":"2020-12-25T15:31:43","date_gmt":"2021-04-20T16:04:48","guid":{"rendered":"http:\/\/e-led.lv\/product\/cubix-1-ara-gridas-stativs-antracits\/"},"modified":"2021-04-20T19:04:49","modified_gmt":"2021-04-20T16:04:49","slug":"cubix-1-outdoor-floor-stand-anthracite","status":"publish","type":"product","link":"https:\/\/e-led.lv\/lv\/cubix-1-outdoor-floor-stand-anthracite\/","title":{"rendered":"CUBIX 1 \u0101ra gr\u012bdas stat\u012bvs antrac\u012bts"},"content":{"rendered":"<p>CUBIX 1 mobilais alum\u012bnija gaismeklis ir IP44 aizsardz\u012bbas klase un piem\u0113rots \u0101ra zon\u0101m. Uz r\u0101mja piestiprin\u0101t\u0101 lampas galva ir noliekama, lai nodro\u0161in\u0101tu optim\u0101lu apgaismojumu. Elektriskais savienojums tiek veikts, izmantojot pievienoto kabeli un t\u012bkla kontaktdak\u0161u tie\u0161i pie 230 V baro\u0161anas avota.<\/p>\n<h1 class=\"headline headline--uppercase product-detail__headline\" style=\"text-align: center;\" data-qa=\"component headline\">Tehniskie dati<\/h1>\n<table width=\"506\">\n<tbody>\n<tr>\n<td width=\"141\">Produkta nosaukums<\/td>\n<td width=\"127\">CUBIX<\/td>\n<td width=\"124\">Forma<\/td>\n<td width=\"114\">kvadr\u0101ts<\/td>\n<\/tr>\n<tr>\n<td>BIG WHITE Page<\/td>\n<td>569<\/td>\n<td>Garums<\/td>\n<td>10.8 cm<\/td>\n<\/tr>\n<tr>\n<td width=\"141\">Kr\u0101sa<\/td>\n<td>antrac\u012bts<\/td>\n<td>Platums<\/td>\n<td>10.5 cm<\/td>\n<\/tr>\n<tr>\n<td width=\"141\">Materi\u0101ls<\/td>\n<td width=\"127\">Alum\u012bnijs<\/td>\n<td>Augstums<\/td>\n<td>12.5 cm<\/td>\n<\/tr>\n<tr>\n<td width=\"141\">elektrisk\u0101 jauda<\/td>\n<td>25 W<\/td>\n<td>Rot\u0113jo\u0161a vai noliekama<\/td>\n<td>pagrie\u0161an\u0101s<\/td>\n<\/tr>\n<tr>\n<td width=\"141\">CRI<\/td>\n<td width=\"127\">90<\/td>\n<td>Sl\u012bpuma diapazons<\/td>\n<td>100 \u00b0<\/td>\n<\/tr>\n<tr>\n<td>Lampa<\/td>\n<td>QPAR51<\/td>\n<td>Gaismas izeja<\/td>\n<td>tie\u0161s<\/td>\n<\/tr>\n<tr>\n<td width=\"141\">Kontaktligzda<\/td>\n<td>GU10<\/td>\n<td width=\"124\">Triecieniztur\u012bbas kategorija<\/td>\n<td width=\"114\">IK04<\/td>\n<\/tr>\n<tr>\n<td width=\"141\">Kontaktligzdu skaits<\/td>\n<td width=\"127\">1<\/td>\n<td width=\"124\">Triecieniztur\u012bba<\/td>\n<td width=\"114\">0,5 d\u017eouli<\/td>\n<\/tr>\n<tr>\n<td width=\"141\">Aizsardz\u012bbas kategorija<\/td>\n<td width=\"127\">I<\/td>\n<td width=\"124\">Prim\u0101rais nomin\u0101lais spriegums<\/td>\n<td>220-240V ~ 50 \/ 60Hz<\/td>\n<\/tr>\n<tr>\n<td width=\"141\">IP kods<\/td>\n<td width=\"127\">IP 44<\/td>\n<td>Neto svars<\/td>\n<td>0.68 kg<\/td>\n<\/tr>\n<tr>\n<td width=\"141\">Mont\u0101\u017ea<\/td>\n<td width=\"127\">Mobilais<\/td>\n<td><\/td>\n<td><\/td>\n<\/tr>\n<\/tbody>\n<\/table>\n<p><strong><a href=\"http:\/\/e-led.lv\/wp-content\/uploads\/2020\/12\/1429966.pdf\"><img decoding=\"async\" class=\" wd-lazy-fade wp-image-10558 alignnone\" role=\"img\" src=\"https:\/\/e-led.lv\/wp-content\/themes\/woodmart\/images\/lazy.svg\" data-src=\"http:\/\/e-led.lv\/wp-content\/uploads\/\/2020\/11\/file-pdf-regular.svg\" alt=\"\" width=\"22\" height=\"29\"> Manual (pdf)<\/a><br \/>\n<\/strong><\/p>\n<p><strong data-wp-editing=\"1\"><a href=\"http:\/\/e-led.lv\/wp-content\/uploads\/2020\/12\/216448.pdf\"><img decoding=\"async\" class=\" wd-lazy-fade wp-image-10558 alignnone\" role=\"img\" src=\"https:\/\/e-led.lv\/wp-content\/themes\/woodmart\/images\/lazy.svg\" data-src=\"http:\/\/e-led.lv\/wp-content\/uploads\/\/2020\/11\/file-pdf-regular.svg\" alt=\"\" width=\"22\" height=\"29\"><\/a> <span class=\"download-item__title\"><a href=\"http:\/\/e-led.lv\/wp-content\/uploads\/2020\/12\/216448.pdf\">CE declaration (pdf)<\/a><br \/>\n<\/span><\/strong><\/p>\n<p><strong><a href=\"http:\/\/e-led.lv\/wp-content\/uploads\/2020\/12\/1429960.pdf\"><img decoding=\"async\" class=\" wd-lazy-fade wp-image-10558 alignnone\" role=\"img\" src=\"https:\/\/e-led.lv\/wp-content\/themes\/woodmart\/images\/lazy.svg\" data-src=\"http:\/\/e-led.lv\/wp-content\/uploads\/\/2020\/11\/file-pdf-regular.svg\" alt=\"\" width=\"22\" height=\"29\"> <span class=\"download-item__title\">Mont\u0101\u017eas ras\u0113jumi (pdf) <\/span><\/a><br \/>\n<\/strong><\/p>\n<p><a href=\"http:\/\/e-led.lv\/wp-content\/uploads\/2020\/12\/2016860.pdf\"><strong><img decoding=\"async\" class=\" wd-lazy-fade wp-image-10558 alignnone\" role=\"img\" src=\"https:\/\/e-led.lv\/wp-content\/themes\/woodmart\/images\/lazy.svg\" data-src=\"http:\/\/e-led.lv\/wp-content\/uploads\/\/2020\/11\/file-pdf-regular.svg\" alt=\"\" width=\"22\" height=\"29\"> <span class=\"download-item__title\">Datasheet (pdf)<\/span><\/strong><\/a><\/p>\n<p><a href=\"http:\/\/e-led.lv\/wp-content\/uploads\/2020\/12\/tender_text-4.txt\"><strong><img decoding=\"async\" class=\" wd-lazy-fade wp-image-10558 alignnone\" role=\"img\" src=\"https:\/\/e-led.lv\/wp-content\/themes\/woodmart\/images\/lazy.svg\" data-src=\"http:\/\/e-led.lv\/wp-content\/uploads\/\/2020\/11\/file-pdf-regular.svg\" alt=\"\" width=\"22\" height=\"29\"> Tender Text (txt)<\/strong><\/a><\/p>\n","protected":false},"excerpt":{"rendered":"<p><span class=\"product-configurator__variants\"><span class=\"product-configurator__description spacing-right--inner spacing-right--small\">viengalvains, QPAR51, IP44, kvadr\u0101ts, antrac\u012bts, energotaup\u012bbas spuldze, maks. 25W,<\/span><\/span><\/p>\n","protected":false},"featured_media":10677,"template":"","meta":[],"product_brand":[],"product_cat":[153],"product_tag":[],"class_list":{"0":"post-21028","1":"product","2":"type-product","3":"status-publish","4":"has-post-thumbnail","6":"product_cat-darza-gaismekli-un-stabini","8":"first","9":"instock","10":"taxable","11":"shipping-taxable","12":"purchasable","13":"product-type-simple"},"_links":{"self":[{"href":"https:\/\/e-led.lv\/lv\/wp-json\/wp\/v2\/product\/21028","targetHints":{"allow":["GET"]}}],"collection":[{"href":"https:\/\/e-led.lv\/lv\/wp-json\/wp\/v2\/product"}],"about":[{"href":"https:\/\/e-led.lv\/lv\/wp-json\/wp\/v2\/types\/product"}],"version-history":[{"count":0,"href":"https:\/\/e-led.lv\/lv\/wp-json\/wp\/v2\/product\/21028\/revisions"}],"wp:featuredmedia":[{"embeddable":true,"href":"https:\/\/e-led.lv\/lv\/wp-json\/wp\/v2\/media\/10677"}],"wp:attachment":[{"href":"https:\/\/e-led.lv\/lv\/wp-json\/wp\/v2\/media?parent=21028"}],"wp:term":[{"taxonomy":"product_brand","embeddable":true,"href":"https:\/\/e-led.lv\/lv\/wp-json\/wp\/v2\/product_brand?post=21028"},{"taxonomy":"product_cat","embeddable":true,"href":"https:\/\/e-led.lv\/lv\/wp-json\/wp\/v2\/product_cat?post=21028"},{"taxonomy":"product_tag","embeddable":true,"href":"https:\/\/e-led.lv\/lv\/wp-json\/wp\/v2\/product_tag?post=21028"}],"curies":[{"name":"wp","href":"https:\/\/api.w.org\/{rel}","templated":true}]}}