{"id":21033,"date":"2021-01-18T18:24:10","date_gmt":"2021-04-20T16:08:39","guid":{"rendered":"http:\/\/e-led.lv\/product\/syna-rust\/"},"modified":"2021-04-20T19:08:39","modified_gmt":"2021-04-20T16:08:39","slug":"syna-rust-2","status":"publish","type":"product","link":"https:\/\/e-led.lv\/lv\/syna-rust-2\/","title":{"rendered":"SYNA rust"},"content":{"rendered":"<div>\n<div class=\"product-detail__description\">SYNA zemes spike gaismeklis ir pieejams vair\u0101kos kr\u0101su variantos, un tam ir uzst\u0101d\u012bts jaud\u012bgs, silti balts 9 vatu LED. Gaismeklis ir izgatavots no alum\u012bnija un ir savienots, izmantojot baro\u0161anas kabeli. pievienojiet tie\u0161i 230 V t\u012bkla kontaktligzdai. Pateicoties IP55 aizsardz\u012bbas klasei, gaismeklis ir piem\u0113rots izmanto\u0161anai \u0101rpus telp\u0101m.<\/div>\n<\/div>\n<h1 class=\"headline headline--uppercase product-detail__headline\" style=\"text-align: center;\" data-qa=\"component headline\">Tehniskie dati<\/h1>\n<table width=\"506\">\n<tbody>\n<tr>\n<td width=\"141\">Produkta nosaukums<\/td>\n<td width=\"127\">SYNA<\/td>\n<td width=\"124\">Augstums<\/td>\n<td width=\"114\">10 cm<\/td>\n<\/tr>\n<tr>\n<td>BIG WHITE Page<\/td>\n<td>622<\/td>\n<td>Diametrs<\/td>\n<td>5.4 cm<\/td>\n<\/tr>\n<tr>\n<td width=\"141\">Kr\u0101sa<\/td>\n<td>r\u016bsa<\/td>\n<td>Zemes tapas garums<\/td>\n<td>17.2 cm<\/td>\n<\/tr>\n<tr>\n<td>Materi\u0101ls<\/td>\n<td>Alum\u012bnijs<\/td>\n<td>Vertik\u0101l\u0101 sl\u012bpuma diapazons<\/td>\n<td>180 \u00b0<\/td>\n<\/tr>\n<tr>\n<td width=\"141\">elektrisk\u0101 jauda<\/td>\n<td>9 W<\/td>\n<td>Gaismas izeja<\/td>\n<td>tie\u0161s<\/td>\n<\/tr>\n<tr>\n<td>Lumen \/ jauda<\/td>\n<td>52.22 lm\/W<\/td>\n<td>Kr\u0101su konsistence<\/td>\n<td>6 SDCM<\/td>\n<\/tr>\n<tr>\n<td>Gaismas pl\u016bsma<\/td>\n<td>470 lm<\/td>\n<td>Kalpo\u0161anas laiks<\/td>\n<td>30000 h<\/td>\n<\/tr>\n<tr>\n<td>Kr\u0101su temperat\u016bra<\/td>\n<td>3000 Kelvinu<\/td>\n<td>Triecieniztur\u012bbas kategorija<\/td>\n<td>IK04<\/td>\n<\/tr>\n<tr>\n<td>Puse staru le\u0146\u0137a<\/td>\n<td>50 \u00b0<\/td>\n<td>Triecieniztur\u012bba<\/td>\n<td>0,5 d\u017eouli<\/td>\n<\/tr>\n<tr>\n<td width=\"141\">CRI<\/td>\n<td>90<\/td>\n<td>Prim\u0101rais nomin\u0101lais spriegums<\/td>\n<td>220-240V ~ 50 \/ 60Hz<\/td>\n<\/tr>\n<tr>\n<td>Aizsardz\u012bbas kategorija<\/td>\n<td>I<\/td>\n<td>Apk\u0101rt\u0113j\u0101s vides temperat\u016bra<\/td>\n<td>-20 &#8211; 40 \u00b0C<\/td>\n<\/tr>\n<tr>\n<td width=\"141\">IP kods<\/td>\n<td>IP 55<\/td>\n<td>Neto svars<\/td>\n<td>0.69 kg<\/td>\n<\/tr>\n<tr>\n<td width=\"141\">Mont\u0101\u017ea<\/td>\n<td>Padzi\u013cin\u0101ts<\/td>\n<td>Sv\u0113rtais pat\u0113ri\u0146\u0161<\/td>\n<td>9 kWh \/ 1.000h<\/td>\n<\/tr>\n<tr>\n<td>Mont\u0101\u017eas deta\u013cas<\/td>\n<td>Zeme<\/td>\n<td>LXXBXX dati<\/td>\n<td>L70B50<\/td>\n<\/tr>\n<tr>\n<td>Garums<\/td>\n<td>14.5 cm<\/td>\n<td><\/td>\n<td><\/td>\n<\/tr>\n<\/tbody>\n<\/table>\n<p><strong><a href=\"http:\/\/e-led.lv\/wp-content\/uploads\/2021\/01\/264211.pdf\"><img decoding=\"async\" class=\" wd-lazy-fade wp-image-10558 alignnone\" role=\"img\" src=\"https:\/\/e-led.lv\/wp-content\/themes\/woodmart\/images\/lazy.svg\" data-src=\"http:\/\/e-led.lv\/wp-content\/uploads\/\/2020\/11\/file-pdf-regular.svg\" alt=\"\" width=\"22\" height=\"29\"> <span class=\"download-item__title\">Manual (pdf) <\/span><\/a><\/strong><\/p>\n<p><strong><a href=\"http:\/\/e-led.lv\/wp-content\/uploads\/2021\/01\/211743.pdf\"><img decoding=\"async\" class=\" wd-lazy-fade wp-image-10558 alignnone\" role=\"img\" src=\"https:\/\/e-led.lv\/wp-content\/themes\/woodmart\/images\/lazy.svg\" data-src=\"http:\/\/e-led.lv\/wp-content\/uploads\/\/2020\/11\/file-pdf-regular.svg\" alt=\"\" width=\"22\" height=\"29\"> <span class=\"download-item__title\">CE declaration (pdf)<\/span><\/a><\/strong><\/p>\n<p><a href=\"http:\/\/e-led.lv\/wp-content\/uploads\/2021\/01\/2026132.pdf\"><strong><img decoding=\"async\" class=\" wd-lazy-fade wp-image-10558 alignnone\" role=\"img\" src=\"https:\/\/e-led.lv\/wp-content\/themes\/woodmart\/images\/lazy.svg\" data-src=\"http:\/\/e-led.lv\/wp-content\/uploads\/\/2020\/11\/file-pdf-regular.svg\" alt=\"\" width=\"22\" height=\"29\"> <span class=\"download-item__title\">Datasheet (pdf)<\/span><\/strong><\/a><\/p>\n<p><a href=\"http:\/\/e-led.lv\/wp-content\/uploads\/2021\/01\/tender_text-46.txt\"><strong><img decoding=\"async\" class=\" wd-lazy-fade wp-image-10558 alignnone\" role=\"img\" src=\"https:\/\/e-led.lv\/wp-content\/themes\/woodmart\/images\/lazy.svg\" data-src=\"http:\/\/e-led.lv\/wp-content\/uploads\/\/2020\/11\/file-pdf-regular.svg\" alt=\"\" width=\"22\" height=\"29\"> Tender Text (txt)<\/strong><\/a><\/p>\n","protected":false},"excerpt":{"rendered":"<p><span class=\"product-configurator__variants\"><span class=\"product-configurator__description spacing-right--inner spacing-right--small\">\u0101ra smaile gaismeklis, LED, 3000K, IP55, r\u016bsa, 230V, 8.6W,<\/span><\/span><\/p>\n","protected":false},"featured_media":13022,"template":"","meta":[],"product_brand":[],"product_cat":[153],"product_tag":[],"class_list":{"0":"post-21033","1":"product","2":"type-product","3":"status-publish","4":"has-post-thumbnail","6":"product_cat-darza-gaismekli-un-stabini","8":"first","9":"instock","10":"taxable","11":"shipping-taxable","12":"purchasable","13":"product-type-simple"},"_links":{"self":[{"href":"https:\/\/e-led.lv\/lv\/wp-json\/wp\/v2\/product\/21033","targetHints":{"allow":["GET"]}}],"collection":[{"href":"https:\/\/e-led.lv\/lv\/wp-json\/wp\/v2\/product"}],"about":[{"href":"https:\/\/e-led.lv\/lv\/wp-json\/wp\/v2\/types\/product"}],"version-history":[{"count":0,"href":"https:\/\/e-led.lv\/lv\/wp-json\/wp\/v2\/product\/21033\/revisions"}],"wp:featuredmedia":[{"embeddable":true,"href":"https:\/\/e-led.lv\/lv\/wp-json\/wp\/v2\/media\/13022"}],"wp:attachment":[{"href":"https:\/\/e-led.lv\/lv\/wp-json\/wp\/v2\/media?parent=21033"}],"wp:term":[{"taxonomy":"product_brand","embeddable":true,"href":"https:\/\/e-led.lv\/lv\/wp-json\/wp\/v2\/product_brand?post=21033"},{"taxonomy":"product_cat","embeddable":true,"href":"https:\/\/e-led.lv\/lv\/wp-json\/wp\/v2\/product_cat?post=21033"},{"taxonomy":"product_tag","embeddable":true,"href":"https:\/\/e-led.lv\/lv\/wp-json\/wp\/v2\/product_tag?post=21033"}],"curies":[{"name":"wp","href":"https:\/\/api.w.org\/{rel}","templated":true}]}}