{"id":21047,"date":"2021-01-12T19:12:38","date_gmt":"2021-04-21T15:03:09","guid":{"rendered":"http:\/\/e-led.lv\/product\/slots-65\/"},"modified":"2021-04-21T18:03:56","modified_gmt":"2021-04-21T15:03:56","slug":"slots-65","status":"publish","type":"product","link":"https:\/\/e-led.lv\/lv\/slots-65\/","title":{"rendered":"SLOTS 65"},"content":{"rendered":"<div>\n<div class=\"product-detail__description\">SLOTS 65 gr\u012bdas stat\u012bv\u0101, kas izgatavots no alum\u012bnija, iek\u013cautais Philips Fortimo LED diska modulis rada netie\u0161i izstarojo\u0161u, siltu baltu gaismu. Ar aizsardz\u012bbas klasi IP44 tas ir piem\u0113rots izmanto\u0161anai \u0101rpus telp\u0101m. Apa\u013caj\u0101 pol\u0101 ir pieejams skr\u016bvju komplekts, k\u0101 ar\u012b savienojuma kaste dro\u0161ai elektriskai piesl\u0113g\u0161anai. Komplekt\u0101 ietilpst betona enkuru komplekts.<\/div>\n<\/div>\n<h1 class=\"headline headline--uppercase product-detail__headline\" style=\"text-align: center;\" data-qa=\"component headline\">Tehniskie dati<\/h1>\n<table width=\"411\">\n<tbody>\n<tr>\n<td width=\"114\">Produkta nosaukums<\/td>\n<td width=\"72\">SLOTS 65<\/td>\n<td width=\"122\">Mont\u0101\u017eas deta\u013cas<\/td>\n<td width=\"103\">Zeme<\/td>\n<\/tr>\n<tr>\n<td>BIG WHITE Page<\/td>\n<td>591<\/td>\n<td width=\"122\">Forma<\/td>\n<td>cilindrisks<\/td>\n<\/tr>\n<tr>\n<td width=\"114\">Kr\u0101sa<\/td>\n<td>antrac\u012bts<\/td>\n<td>Augstums<\/td>\n<td>66.5 cm<\/td>\n<\/tr>\n<tr>\n<td width=\"114\">Materi\u0101ls<\/td>\n<td>Alum\u012bnijs<\/td>\n<td>Diametrs<\/td>\n<td>9 cm<\/td>\n<\/tr>\n<tr>\n<td width=\"114\">elektrisk\u0101 jauda<\/td>\n<td>6.3 W<\/td>\n<td>Gaismas izeja<\/td>\n<td>tie\u0161s<\/td>\n<\/tr>\n<tr>\n<td>Lumen \/ jauda<\/td>\n<td>31.75 lm\/W<\/td>\n<td>Gaismas intensit\u0101tes sadal\u012bjums<\/td>\n<td>rot\u0101cijas simetrisks<\/td>\n<\/tr>\n<tr>\n<td>Gaismas pl\u016bsma<\/td>\n<td>200 lm<\/td>\n<td>Kr\u0101su konsistence<\/td>\n<td>6 SDCM<\/td>\n<\/tr>\n<tr>\n<td>Kr\u0101su temperat\u016bra<\/td>\n<td>3000 Kelvinu<\/td>\n<td>Kalpo\u0161anas laiks<\/td>\n<td>25000 h<\/td>\n<\/tr>\n<tr>\n<td>Puse staru le\u0146\u0137a<\/td>\n<td>68 \u00b0<\/td>\n<td>Prim\u0101rais nomin\u0101lais spriegums<\/td>\n<td>220-240V ~ 50 \/ 60Hz<\/td>\n<\/tr>\n<tr>\n<td width=\"114\">CRI<\/td>\n<td width=\"72\">90<\/td>\n<td>Apk\u0101rt\u0113j\u0101s vides temperat\u016bra<\/td>\n<td>40 \u00b0C<\/td>\n<\/tr>\n<tr>\n<td width=\"114\">Aizsardz\u012bbas kategorija<\/td>\n<td width=\"72\">I<\/td>\n<td>Neto svars<\/td>\n<td>1.62 kg<\/td>\n<\/tr>\n<tr>\n<td width=\"114\">IP kods<\/td>\n<td>IP 44<\/td>\n<td>Sv\u0113rtais pat\u0113ri\u0146\u0161<\/td>\n<td>6.3 kWh\/1.000h<\/td>\n<\/tr>\n<tr>\n<td width=\"114\">Mont\u0101\u017ea<\/td>\n<td>Virsma<\/td>\n<td>LXXBXX dati<\/td>\n<td>L70B50<\/td>\n<\/tr>\n<\/tbody>\n<\/table>\n<p><strong><a href=\"http:\/\/e-led.lv\/wp-content\/uploads\/2021\/01\/263377.pdf\"><img decoding=\"async\" class=\" wd-lazy-fade wp-image-10558 alignnone\" role=\"img\" src=\"https:\/\/e-led.lv\/wp-content\/themes\/woodmart\/images\/lazy.svg\" data-src=\"http:\/\/e-led.lv\/wp-content\/uploads\/\/2020\/11\/file-pdf-regular.svg\" alt=\"\" width=\"22\" height=\"29\"> Manual (pdf)<\/a><\/strong><\/p>\n<p><strong><a href=\"http:\/\/e-led.lv\/wp-content\/uploads\/2021\/01\/210698.pdf\"><img decoding=\"async\" class=\" wd-lazy-fade wp-image-10558 alignnone\" role=\"img\" src=\"https:\/\/e-led.lv\/wp-content\/themes\/woodmart\/images\/lazy.svg\" data-src=\"http:\/\/e-led.lv\/wp-content\/uploads\/\/2020\/11\/file-pdf-regular.svg\" alt=\"\" width=\"22\" height=\"29\"> <span class=\"download-item__title\">CE declaration (pdf) <\/span><\/a><\/strong><\/p>\n<p><strong><a href=\"http:\/\/e-led.lv\/wp-content\/uploads\/2021\/01\/382278.pdf\"><img decoding=\"async\" class=\" wd-lazy-fade wp-image-10558 alignnone\" role=\"img\" src=\"https:\/\/e-led.lv\/wp-content\/themes\/woodmart\/images\/lazy.svg\" data-src=\"http:\/\/e-led.lv\/wp-content\/uploads\/\/2020\/11\/file-pdf-regular.svg\" alt=\"\" width=\"22\" height=\"29\"> <span class=\"download-item__title\">Mont\u0101\u017eas ras\u0113jumi (pdf) <\/span><\/a><br \/>\n<\/strong><\/p>\n<p><a href=\"http:\/\/e-led.lv\/wp-content\/uploads\/2021\/01\/2019698.pdf\"><strong><img decoding=\"async\" class=\" wd-lazy-fade wp-image-10558 alignnone\" role=\"img\" src=\"https:\/\/e-led.lv\/wp-content\/themes\/woodmart\/images\/lazy.svg\" data-src=\"http:\/\/e-led.lv\/wp-content\/uploads\/\/2020\/11\/file-pdf-regular.svg\" alt=\"\" width=\"22\" height=\"29\"> <span class=\"download-item__title\">Datasheet (pdf)<\/span><\/strong><\/a><\/p>\n<p><a href=\"http:\/\/e-led.lv\/wp-content\/uploads\/2021\/01\/tender_text-5.txt\"><strong><img decoding=\"async\" class=\" wd-lazy-fade wp-image-10558 alignnone\" role=\"img\" src=\"https:\/\/e-led.lv\/wp-content\/themes\/woodmart\/images\/lazy.svg\" data-src=\"http:\/\/e-led.lv\/wp-content\/uploads\/\/2020\/11\/file-pdf-regular.svg\" alt=\"\" width=\"22\" height=\"29\"> Tender Text (txt)<\/strong><\/a><\/p>\n","protected":false},"excerpt":{"rendered":"<p><span class=\"product-configurator__variants\"><span class=\"product-configurator__description spacing-right--inner spacing-right--small\">\u0101ra gr\u012bdas stat\u012bvs, LED, 3000K, apa\u013c\u0161, antrac\u012bts, \u00d8 \/ H 9 \/ 66,5 cm, maks. 6.3W,<\/span><\/span><\/p>\n","protected":false},"featured_media":11582,"template":"","meta":[],"product_brand":[],"product_cat":[153],"product_tag":[],"class_list":{"0":"post-21047","1":"product","2":"type-product","3":"status-publish","4":"has-post-thumbnail","6":"product_cat-darza-gaismekli-un-stabini","8":"first","9":"instock","10":"taxable","11":"shipping-taxable","12":"purchasable","13":"product-type-simple"},"_links":{"self":[{"href":"https:\/\/e-led.lv\/lv\/wp-json\/wp\/v2\/product\/21047","targetHints":{"allow":["GET"]}}],"collection":[{"href":"https:\/\/e-led.lv\/lv\/wp-json\/wp\/v2\/product"}],"about":[{"href":"https:\/\/e-led.lv\/lv\/wp-json\/wp\/v2\/types\/product"}],"version-history":[{"count":0,"href":"https:\/\/e-led.lv\/lv\/wp-json\/wp\/v2\/product\/21047\/revisions"}],"wp:featuredmedia":[{"embeddable":true,"href":"https:\/\/e-led.lv\/lv\/wp-json\/wp\/v2\/media\/11582"}],"wp:attachment":[{"href":"https:\/\/e-led.lv\/lv\/wp-json\/wp\/v2\/media?parent=21047"}],"wp:term":[{"taxonomy":"product_brand","embeddable":true,"href":"https:\/\/e-led.lv\/lv\/wp-json\/wp\/v2\/product_brand?post=21047"},{"taxonomy":"product_cat","embeddable":true,"href":"https:\/\/e-led.lv\/lv\/wp-json\/wp\/v2\/product_cat?post=21047"},{"taxonomy":"product_tag","embeddable":true,"href":"https:\/\/e-led.lv\/lv\/wp-json\/wp\/v2\/product_tag?post=21047"}],"curies":[{"name":"wp","href":"https:\/\/api.w.org\/{rel}","templated":true}]}}