{"id":21071,"date":"2020-12-25T15:57:23","date_gmt":"2021-04-21T15:34:31","guid":{"rendered":"http:\/\/e-led.lv\/product\/rusty-cone-70\/"},"modified":"2021-04-21T18:35:01","modified_gmt":"2021-04-21T15:35:01","slug":"rusty-cone-70","status":"publish","type":"product","link":"https:\/\/e-led.lv\/lv\/rusty-cone-70\/","title":{"rendered":"RUSTY CONE 70"},"content":{"rendered":"<p>Tie\u0161i izstarojo\u0161ie RUSTY CONE s\u0113rijas gr\u012bdas stat\u012bvi p\u0101rliecina ar izcilo r\u016bsas izskatu. To pan\u0101k, izmantojot \u012bpa\u0161u FeCSi t\u0113rauda \u0137\u012bmisko apstr\u0101di. Tas padara gaismekli par unik\u0101lu gabalu un absol\u016bti \u012bpa\u0161u funkciju visur, kur tie ir uzst\u0101d\u012bti. Tas ir piem\u0113rots izmanto\u0161anai \u0101rpus telp\u0101m, pateicoties t\u0101 IP54 aizsardz\u012bbas klasei. K\u0101 papildapr\u012bkojums ir pieejams zemes smaile, k\u0101 ar\u012b savienojuma kaste dro\u0161ai elektriskai savieno\u0161anai ar apa\u013co gaismekli vertik\u0101li. Divu pieejamo versiju savienojums tiek veikts ar 230 V str\u0101vas padevi. RUSTY CONE s\u0113rij\u0101 ir ar\u012b gr\u012bdas stat\u012bvi, t\u0101p\u0113c tos var izmantot univers\u0101li.<\/p>\n<h1 class=\"headline headline--uppercase product-detail__headline\" style=\"text-align: center;\" data-qa=\"component headline\">Tehniskie dati<\/h1>\n<table width=\"489\">\n<tbody>\n<tr>\n<td width=\"122\">Produkta nosaukums<\/td>\n<td width=\"103\">RUSTY \u00ae CONE 70<\/td>\n<td width=\"164\">Mont\u0101\u017ea<\/td>\n<td width=\"100\">Virsma<\/td>\n<\/tr>\n<tr>\n<td>BIG WHITE Page<\/td>\n<td>570<\/td>\n<td>Mont\u0101\u017eas deta\u013cas<\/td>\n<td>Zeme<\/td>\n<\/tr>\n<tr>\n<td width=\"122\">Kr\u0101sa<\/td>\n<td>r\u016bsa<\/td>\n<td width=\"164\">Forma<\/td>\n<td>cilindrisks<\/td>\n<\/tr>\n<tr>\n<td width=\"122\">Materi\u0101ls<\/td>\n<td>FeCSi t\u0113rauds<\/td>\n<td>Augstums<\/td>\n<td>70 cm<\/td>\n<\/tr>\n<tr>\n<td width=\"122\">elektrisk\u0101 jauda<\/td>\n<td>11 W<\/td>\n<td>Diametrs<\/td>\n<td>15 cm<\/td>\n<\/tr>\n<tr>\n<td width=\"122\">CRI<\/td>\n<td width=\"103\">90<\/td>\n<td>Gaismas izeja<\/td>\n<td>tie\u0161s &#8211; netie\u0161s<\/td>\n<\/tr>\n<tr>\n<td width=\"122\">Kontaktligzda<\/td>\n<td>E27<\/td>\n<td>Gaismas intensit\u0101tes sadal\u012bjums<\/td>\n<td>asimetrisks<\/td>\n<\/tr>\n<tr>\n<td width=\"122\">Kontaktligzdu skaits<\/td>\n<td width=\"103\">1<\/td>\n<td width=\"164\">Prim\u0101rais nomin\u0101lais spriegums<\/td>\n<td>230V ~ 50Hz<\/td>\n<\/tr>\n<tr>\n<td width=\"122\">Aizsardz\u012bbas kategorija<\/td>\n<td>II<\/td>\n<td>Neto svars<\/td>\n<td>17.37 kg<\/td>\n<\/tr>\n<tr>\n<td width=\"122\">IP kods<\/td>\n<td width=\"103\">IP 54<\/td>\n<td><\/td>\n<td><\/td>\n<\/tr>\n<\/tbody>\n<\/table>\n<p><strong><a href=\"http:\/\/e-led.lv\/wp-content\/uploads\/2020\/12\/263857.pdf\"><img decoding=\"async\" class=\" wd-lazy-fade wp-image-10558 alignnone\" role=\"img\" src=\"https:\/\/e-led.lv\/wp-content\/themes\/woodmart\/images\/lazy.svg\" data-src=\"http:\/\/e-led.lv\/wp-content\/uploads\/\/2020\/11\/file-pdf-regular.svg\" alt=\"\" width=\"22\" height=\"29\"> Manual (pdf)<\/a><\/strong><\/p>\n<p><strong><a href=\"http:\/\/e-led.lv\/wp-content\/uploads\/2020\/12\/211246.pdf\"><img decoding=\"async\" class=\" wd-lazy-fade wp-image-10558 alignnone\" role=\"img\" src=\"https:\/\/e-led.lv\/wp-content\/themes\/woodmart\/images\/lazy.svg\" data-src=\"http:\/\/e-led.lv\/wp-content\/uploads\/\/2020\/11\/file-pdf-regular.svg\" alt=\"\" width=\"22\" height=\"29\"> <span class=\"download-item__title\">CE declaration (pdf) <\/span><\/a><\/strong><\/p>\n<p><strong><a href=\"http:\/\/e-led.lv\/wp-content\/uploads\/2020\/12\/382525.pdf\"><img decoding=\"async\" class=\" wd-lazy-fade wp-image-10558 alignnone\" role=\"img\" src=\"https:\/\/e-led.lv\/wp-content\/themes\/woodmart\/images\/lazy.svg\" data-src=\"http:\/\/e-led.lv\/wp-content\/uploads\/\/2020\/11\/file-pdf-regular.svg\" alt=\"\" width=\"22\" height=\"29\"> <span class=\"download-item__title\">Assembly drawings (pdf) <\/span><\/a><br \/>\n<\/strong><\/p>\n<p><a href=\"http:\/\/e-led.lv\/wp-content\/uploads\/2020\/12\/2019468.pdf\"><strong><img decoding=\"async\" class=\" wd-lazy-fade wp-image-10558 alignnone\" role=\"img\" src=\"https:\/\/e-led.lv\/wp-content\/themes\/woodmart\/images\/lazy.svg\" data-src=\"http:\/\/e-led.lv\/wp-content\/uploads\/\/2020\/11\/file-pdf-regular.svg\" alt=\"\" width=\"22\" height=\"29\"> <span class=\"download-item__title\">Datasheet (pdf)<\/span><\/strong><\/a><\/p>\n<p><a href=\"http:\/\/e-led.lv\/wp-content\/uploads\/2020\/12\/tender_text-7.txt\"><strong><img decoding=\"async\" class=\" wd-lazy-fade wp-image-10558 alignnone\" role=\"img\" src=\"https:\/\/e-led.lv\/wp-content\/themes\/woodmart\/images\/lazy.svg\" data-src=\"http:\/\/e-led.lv\/wp-content\/uploads\/\/2020\/11\/file-pdf-regular.svg\" alt=\"\" width=\"22\" height=\"29\"> Tender Text (txt)<\/strong><\/a><\/p>\n","protected":false},"excerpt":{"rendered":"<p><span class=\"product-configurator__variants\"><span class=\"product-configurator__description spacing-right--inner spacing-right--small\">\u0101ra gr\u012bdas stat\u012bvs, TC-DSE, IP54, apa\u013c\u0161, r\u016bs\u0113ts t\u0113rauds, \u00d8\/H 15\/70 cm, maks. 11W,<\/span><\/span><\/p>\n","protected":false},"featured_media":10772,"template":"","meta":[],"product_brand":[],"product_cat":[153],"product_tag":[],"class_list":{"0":"post-21071","1":"product","2":"type-product","3":"status-publish","4":"has-post-thumbnail","6":"product_cat-darza-gaismekli-un-stabini","8":"first","9":"instock","10":"taxable","11":"shipping-taxable","12":"purchasable","13":"product-type-simple"},"_links":{"self":[{"href":"https:\/\/e-led.lv\/lv\/wp-json\/wp\/v2\/product\/21071","targetHints":{"allow":["GET"]}}],"collection":[{"href":"https:\/\/e-led.lv\/lv\/wp-json\/wp\/v2\/product"}],"about":[{"href":"https:\/\/e-led.lv\/lv\/wp-json\/wp\/v2\/types\/product"}],"version-history":[{"count":0,"href":"https:\/\/e-led.lv\/lv\/wp-json\/wp\/v2\/product\/21071\/revisions"}],"wp:featuredmedia":[{"embeddable":true,"href":"https:\/\/e-led.lv\/lv\/wp-json\/wp\/v2\/media\/10772"}],"wp:attachment":[{"href":"https:\/\/e-led.lv\/lv\/wp-json\/wp\/v2\/media?parent=21071"}],"wp:term":[{"taxonomy":"product_brand","embeddable":true,"href":"https:\/\/e-led.lv\/lv\/wp-json\/wp\/v2\/product_brand?post=21071"},{"taxonomy":"product_cat","embeddable":true,"href":"https:\/\/e-led.lv\/lv\/wp-json\/wp\/v2\/product_cat?post=21071"},{"taxonomy":"product_tag","embeddable":true,"href":"https:\/\/e-led.lv\/lv\/wp-json\/wp\/v2\/product_tag?post=21071"}],"curies":[{"name":"wp","href":"https:\/\/api.w.org\/{rel}","templated":true}]}}