{"id":21075,"date":"2021-01-13T20:59:42","date_gmt":"2021-04-21T15:39:16","guid":{"rendered":"http:\/\/e-led.lv\/product\/wall-bracket-2\/"},"modified":"2021-04-21T18:39:22","modified_gmt":"2021-04-21T15:39:22","slug":"wall-bracket-2","status":"publish","type":"product","link":"https:\/\/e-led.lv\/lv\/wall-bracket-2\/","title":{"rendered":"Wall bracket"},"content":{"rendered":"<div>\n<div class=\"product-detail__description\">Sienas stiprin\u0101jums \u0101ra pro\u017eektoram melns 80 cm garum\u0101.<\/div>\n<\/div>\n<h1 class=\"headline headline--uppercase product-detail__headline\" style=\"text-align: center;\" data-qa=\"component headline\">Tehniskie dati<\/h1>\n<table width=\"506\">\n<tbody>\n<tr>\n<td width=\"141\">BIG WHITE Page<\/td>\n<td width=\"127\">633<\/td>\n<td width=\"124\">Mont\u0101\u017eas deta\u013cas<\/td>\n<td width=\"114\">Siena<\/td>\n<\/tr>\n<tr>\n<td>Kr\u0101sa<\/td>\n<td>melns<\/td>\n<td>Garums<\/td>\n<td>82 cm<\/td>\n<\/tr>\n<tr>\n<td>Materi\u0101ls<\/td>\n<td>T\u0113rauds<\/td>\n<td>Platums<\/td>\n<td>18 cm<\/td>\n<\/tr>\n<tr>\n<td>CRI<\/td>\n<td>90<\/td>\n<td>Augstums<\/td>\n<td>11 cm<\/td>\n<\/tr>\n<tr>\n<td>IP kods<\/td>\n<td>IP 20<\/td>\n<td>Neto svars<\/td>\n<td>1.79 kg<\/td>\n<\/tr>\n<tr>\n<td>Mont\u0101\u017ea<\/td>\n<td>Virsma<\/td>\n<td><\/td>\n<td><\/td>\n<\/tr>\n<\/tbody>\n<\/table>\n<p><strong><a href=\"http:\/\/e-led.lv\/wp-content\/uploads\/2021\/01\/381960.pdf\"><img decoding=\"async\" class=\" wd-lazy-fade wp-image-10558 alignnone\" role=\"img\" src=\"https:\/\/e-led.lv\/wp-content\/themes\/woodmart\/images\/lazy.svg\" data-src=\"http:\/\/e-led.lv\/wp-content\/uploads\/\/2020\/11\/file-pdf-regular.svg\" alt=\"\" width=\"22\" height=\"29\"> <span class=\"download-item__title\">Assembly drawings (pdf)<\/span><\/a><\/strong><\/p>\n<p><a href=\"http:\/\/e-led.lv\/wp-content\/uploads\/2021\/01\/2026652.pdf\"><strong><img decoding=\"async\" class=\" wd-lazy-fade wp-image-10558 alignnone\" role=\"img\" src=\"https:\/\/e-led.lv\/wp-content\/themes\/woodmart\/images\/lazy.svg\" data-src=\"http:\/\/e-led.lv\/wp-content\/uploads\/\/2020\/11\/file-pdf-regular.svg\" alt=\"\" width=\"22\" height=\"29\"> <span class=\"download-item__title\">Datasheet (pdf)<\/span><\/strong><\/a><\/p>\n","protected":false},"excerpt":{"rendered":"<p><span class=\"product-configurator__variants\"><span class=\"product-configurator__description spacing-right--inner spacing-right--small\">priek\u0161 SPOODI 15\/20\/31, melns, 80 cm,<\/span><\/span><\/p>\n","protected":false},"featured_media":12603,"template":"","meta":[],"product_brand":[],"product_cat":[169],"product_tag":[],"class_list":{"0":"post-21075","1":"product","2":"type-product","3":"status-publish","4":"has-post-thumbnail","6":"product_cat-aksesuari","8":"first","9":"instock","10":"taxable","11":"shipping-taxable","12":"purchasable","13":"product-type-simple"},"_links":{"self":[{"href":"https:\/\/e-led.lv\/lv\/wp-json\/wp\/v2\/product\/21075","targetHints":{"allow":["GET"]}}],"collection":[{"href":"https:\/\/e-led.lv\/lv\/wp-json\/wp\/v2\/product"}],"about":[{"href":"https:\/\/e-led.lv\/lv\/wp-json\/wp\/v2\/types\/product"}],"version-history":[{"count":0,"href":"https:\/\/e-led.lv\/lv\/wp-json\/wp\/v2\/product\/21075\/revisions"}],"wp:featuredmedia":[{"embeddable":true,"href":"https:\/\/e-led.lv\/lv\/wp-json\/wp\/v2\/media\/12603"}],"wp:attachment":[{"href":"https:\/\/e-led.lv\/lv\/wp-json\/wp\/v2\/media?parent=21075"}],"wp:term":[{"taxonomy":"product_brand","embeddable":true,"href":"https:\/\/e-led.lv\/lv\/wp-json\/wp\/v2\/product_brand?post=21075"},{"taxonomy":"product_cat","embeddable":true,"href":"https:\/\/e-led.lv\/lv\/wp-json\/wp\/v2\/product_cat?post=21075"},{"taxonomy":"product_tag","embeddable":true,"href":"https:\/\/e-led.lv\/lv\/wp-json\/wp\/v2\/product_tag?post=21075"}],"curies":[{"name":"wp","href":"https:\/\/api.w.org\/{rel}","templated":true}]}}