{"id":21106,"date":"2020-12-02T19:21:16","date_gmt":"2021-04-22T15:01:36","guid":{"rendered":"http:\/\/e-led.lv\/product\/earth-spike-for-adegan-and-plenum\/"},"modified":"2021-04-22T18:01:37","modified_gmt":"2021-04-22T15:01:37","slug":"earth-spike-for-adegan-and-plenum","status":"publish","type":"product","link":"https:\/\/e-led.lv\/lv\/earth-spike-for-adegan-and-plenum\/","title":{"rendered":"EARTH SPIKE for ADEGAN and PLENUM"},"content":{"rendered":"<p>Gr\u012bdas stat\u0146u zemes tapu izmanto, lai vienk\u0101r\u0161otu armat\u016bras mont\u0101\u017eu, izmantojot \u0161\u0137\u0113pu zem\u0113.<\/p>\n<h1 class=\"headline headline--uppercase product-detail__headline\" style=\"text-align: center;\" data-qa=\"component headline\">Tehniskie dati<\/h1>\n<table width=\"489\">\n<tbody>\n<tr>\n<td width=\"122\">Produkta nosaukums<\/td>\n<td width=\"103\">PLENUM<\/td>\n<td width=\"164\">IP kods<\/td>\n<td width=\"100\">IP 20<\/td>\n<\/tr>\n<tr>\n<td width=\"122\">BIG WHITE Page<\/td>\n<td width=\"103\">567<\/td>\n<td>Garums<\/td>\n<td>30 cm<\/td>\n<\/tr>\n<tr>\n<td width=\"122\">Kr\u0101sa<\/td>\n<td width=\"103\">antrac\u012bts<\/td>\n<td>Diametrs<\/td>\n<td>3 cm<\/td>\n<\/tr>\n<tr>\n<td width=\"122\">Materi\u0101ls<\/td>\n<td width=\"103\">Alum\u012bnijs<\/td>\n<td>Neto svars<\/td>\n<td>0.15 kg<\/td>\n<\/tr>\n<tr>\n<td>CRI<\/td>\n<td>90<\/td>\n<td>Sv\u0113rtais pat\u0113ri\u0146\u0161<\/td>\n<td>0 kWh\/1.000h<\/td>\n<\/tr>\n<\/tbody>\n<\/table>\n<p><strong><a href=\"http:\/\/e-led.lv\/wp-content\/uploads\/2020\/12\/2019378.pdf\"><img decoding=\"async\" class=\" wd-lazy-fade wp-image-10558 alignnone\" role=\"img\" src=\"https:\/\/e-led.lv\/wp-content\/themes\/woodmart\/images\/lazy.svg\" data-src=\"http:\/\/e-led.lv\/wp-content\/uploads\/\/2020\/11\/file-pdf-regular.svg\" alt=\"\" width=\"22\" height=\"29\"> <span class=\"download-item__title\">Datasheet (pdf)<\/span><\/a><\/strong><\/p>\n<p>&nbsp;<\/p>\n","protected":false},"excerpt":{"rendered":"<p><span class=\"product-configurator__variants\"><span class=\"product-configurator__description spacing-right--inner spacing-right--small\">ADEGAN un PLENUM gr\u012bdas stat\u012bviem, antrac\u012bts, alum\u012bnijs,<\/span><\/span><\/p>\n<p>&nbsp;<\/p>\n","protected":false},"featured_media":10579,"template":"","meta":[],"product_brand":[],"product_cat":[169],"product_tag":[],"class_list":{"0":"post-21106","1":"product","2":"type-product","3":"status-publish","4":"has-post-thumbnail","6":"product_cat-aksesuari","8":"first","9":"instock","10":"taxable","11":"shipping-taxable","12":"purchasable","13":"product-type-simple"},"_links":{"self":[{"href":"https:\/\/e-led.lv\/lv\/wp-json\/wp\/v2\/product\/21106","targetHints":{"allow":["GET"]}}],"collection":[{"href":"https:\/\/e-led.lv\/lv\/wp-json\/wp\/v2\/product"}],"about":[{"href":"https:\/\/e-led.lv\/lv\/wp-json\/wp\/v2\/types\/product"}],"version-history":[{"count":0,"href":"https:\/\/e-led.lv\/lv\/wp-json\/wp\/v2\/product\/21106\/revisions"}],"wp:featuredmedia":[{"embeddable":true,"href":"https:\/\/e-led.lv\/lv\/wp-json\/wp\/v2\/media\/10579"}],"wp:attachment":[{"href":"https:\/\/e-led.lv\/lv\/wp-json\/wp\/v2\/media?parent=21106"}],"wp:term":[{"taxonomy":"product_brand","embeddable":true,"href":"https:\/\/e-led.lv\/lv\/wp-json\/wp\/v2\/product_brand?post=21106"},{"taxonomy":"product_cat","embeddable":true,"href":"https:\/\/e-led.lv\/lv\/wp-json\/wp\/v2\/product_cat?post=21106"},{"taxonomy":"product_tag","embeddable":true,"href":"https:\/\/e-led.lv\/lv\/wp-json\/wp\/v2\/product_tag?post=21106"}],"curies":[{"name":"wp","href":"https:\/\/api.w.org\/{rel}","templated":true}]}}