{"id":21142,"date":"2021-01-13T20:24:36","date_gmt":"2021-04-22T15:42:04","guid":{"rendered":"http:\/\/e-led.lv\/product\/nautilus-spike-2\/"},"modified":"2021-04-22T18:42:08","modified_gmt":"2021-04-22T15:42:08","slug":"nautilus-spike-2","status":"publish","type":"product","link":"https:\/\/e-led.lv\/lv\/nautilus-spike-2\/","title":{"rendered":"NAUTILUS SPIKE"},"content":{"rendered":"<div>\n<div class=\"product-detail__description\">Ner\u016bs\u0113jo\u0161\u0101 t\u0113rauda stiprin\u0101juma pl\u0101ksne NAUTILUS SPIKE<\/div>\n<\/div>\n<h1 class=\"headline headline--uppercase product-detail__headline\" style=\"text-align: center;\" data-qa=\"component headline\">Tehniskie dati<\/h1>\n<table width=\"506\">\n<tbody>\n<tr>\n<td width=\"141\">Produkta nosaukums<\/td>\n<td width=\"127\">NAUTILUS<\/td>\n<td width=\"124\">IP kods<\/td>\n<td width=\"114\">IP 20<\/td>\n<\/tr>\n<tr>\n<td width=\"141\">BIG WHITE Page<\/td>\n<td>629<\/td>\n<td>Mont\u0101\u017eas deta\u013cas<\/td>\n<td>0.85 cm<\/td>\n<\/tr>\n<tr>\n<td width=\"141\">Kr\u0101sa<\/td>\n<td>Ner\u016bs\u0113jo\u0161ais t\u0113rauds<\/td>\n<td>Diametrs<\/td>\n<td>9,5 cm<\/td>\n<\/tr>\n<tr>\n<td width=\"141\">Materi\u0101ls<\/td>\n<td>Ner\u016bs\u0113jo\u0161ais t\u0113rauds 316<\/td>\n<td>Neto svars<\/td>\n<td>0.06 kg<\/td>\n<\/tr>\n<tr>\n<td>CRI<\/td>\n<td>90<\/td>\n<td><\/td>\n<td><\/td>\n<\/tr>\n<\/tbody>\n<\/table>\n<p><a href=\"http:\/\/e-led.lv\/wp-content\/uploads\/2021\/01\/260121.pdf\"><strong><img decoding=\"async\" class=\" wd-lazy-fade wp-image-10558 alignnone\" role=\"img\" src=\"https:\/\/e-led.lv\/wp-content\/themes\/woodmart\/images\/lazy.svg\" data-src=\"http:\/\/e-led.lv\/wp-content\/uploads\/\/2020\/11\/file-pdf-regular.svg\" alt=\"\" width=\"22\" height=\"29\"> <span class=\"download-item__title\">Manual (pdf) <\/span><\/strong><\/a><\/p>\n<p><a href=\"http:\/\/e-led.lv\/wp-content\/uploads\/2021\/01\/2014560.pdf\"><strong><img decoding=\"async\" class=\" wd-lazy-fade wp-image-10558 alignnone\" role=\"img\" src=\"https:\/\/e-led.lv\/wp-content\/themes\/woodmart\/images\/lazy.svg\" data-src=\"http:\/\/e-led.lv\/wp-content\/uploads\/\/2020\/11\/file-pdf-regular.svg\" alt=\"\" width=\"22\" height=\"29\"> <span class=\"download-item__title\">Datasheet (pdf)<\/span><\/strong><\/a><\/p>\n","protected":false},"excerpt":{"rendered":"<p><span class=\"product-configurator__variants\"><span class=\"product-configurator__description spacing-right--inner spacing-right--small\">mont\u0101\u017eas pl\u0101ksne, ner\u016bs\u0113jo\u0161ais t\u0113rauds 316,<\/span><\/span><\/p>\n","protected":false},"featured_media":12513,"template":"","meta":[],"product_brand":[],"product_cat":[169],"product_tag":[],"class_list":{"0":"post-21142","1":"product","2":"type-product","3":"status-publish","4":"has-post-thumbnail","6":"product_cat-aksesuari","8":"first","9":"instock","10":"taxable","11":"shipping-taxable","12":"purchasable","13":"product-type-simple"},"_links":{"self":[{"href":"https:\/\/e-led.lv\/lv\/wp-json\/wp\/v2\/product\/21142","targetHints":{"allow":["GET"]}}],"collection":[{"href":"https:\/\/e-led.lv\/lv\/wp-json\/wp\/v2\/product"}],"about":[{"href":"https:\/\/e-led.lv\/lv\/wp-json\/wp\/v2\/types\/product"}],"version-history":[{"count":0,"href":"https:\/\/e-led.lv\/lv\/wp-json\/wp\/v2\/product\/21142\/revisions"}],"wp:featuredmedia":[{"embeddable":true,"href":"https:\/\/e-led.lv\/lv\/wp-json\/wp\/v2\/media\/12513"}],"wp:attachment":[{"href":"https:\/\/e-led.lv\/lv\/wp-json\/wp\/v2\/media?parent=21142"}],"wp:term":[{"taxonomy":"product_brand","embeddable":true,"href":"https:\/\/e-led.lv\/lv\/wp-json\/wp\/v2\/product_brand?post=21142"},{"taxonomy":"product_cat","embeddable":true,"href":"https:\/\/e-led.lv\/lv\/wp-json\/wp\/v2\/product_cat?post=21142"},{"taxonomy":"product_tag","embeddable":true,"href":"https:\/\/e-led.lv\/lv\/wp-json\/wp\/v2\/product_tag?post=21142"}],"curies":[{"name":"wp","href":"https:\/\/api.w.org\/{rel}","templated":true}]}}